{"id":154627,"date":"2021-01-15T14:37:26","date_gmt":"2021-01-15T14:37:26","guid":{"rendered":"https:\/\/codengine3.ch\/?product=import-placeholder-for-206356"},"modified":"2021-01-15T14:48:20","modified_gmt":"2021-01-15T14:48:20","slug":"topofuehrer-bielatal","status":"publish","type":"product","link":"https:\/\/pizbube.ch\/en\/shop\/topofuehrer-bielatal\/","title":{"rendered":"Topof\u00fchrer Bielatal"},"content":{"rendered":"<p>Gut gezeichnete Topokarten, seit Band 2 nun auch in Graustufen<br \/>\nSternchenbewertung aller Wege in 4 Stufen<br \/>\nPiktogramme, die einen \u00dcberblick \u00fcber die Art eines Weges geben<br \/>\nzus\u00e4tzliche Liste besonders sch\u00f6ner Wege + Statistiken f\u00fcr &#8218;Regentage&#8216;<br \/>\nhandlicheres Format (ca. 12 x 17 cm)<br \/>\nalle Wege werden auch verbal beschrieben  <\/p>\n<p>640 Seiten, 87 Topos, 220 Anstiegsskizzen, farbige Karten, Kletterfotos  <\/p>","protected":false},"excerpt":{"rendered":"<p>Gut gezeichnete Topokarten, seit Band 2 nun auch in Graustufen Sternchenbewertung aller Wege in 4 Stufen Piktogramme, die einen \u00dcberblick \u00fcber die Art eines Weges geben zus\u00e4tzliche Liste besonders sch\u00f6ner Wege + Statistiken f\u00fcr &#8218;Regentage&#8216; handlicheres Format (ca. 12 x 17 cm) alle Wege werden auch verbal beschrieben 640 Seiten, 87 Topos, 220 Anstiegsskizzen, farbige [&#8230;]\n","protected":false},"featured_media":35364,"template":"","meta":[],"product_brand":[],"product_cat":[21539],"product_tag":[],"class_list":{"0":"post-154627","1":"product","2":"type-product","3":"status-publish","4":"has-post-thumbnail","6":"product_cat-fuehrerliteratur-sportklettern-bouldern","7":"pa_autor-schmeisser","8":"pa_erscheinungsjahr-21830","9":"pa_region-deutschland","10":"pa_sprache-de","12":"first","13":"instock","14":"taxable","15":"shipping-taxable","16":"purchasable","17":"product-type-simple"},"_links":{"self":[{"href":"https:\/\/pizbube.ch\/en\/wp-json\/wp\/v2\/product\/154627","targetHints":{"allow":["GET"]}}],"collection":[{"href":"https:\/\/pizbube.ch\/en\/wp-json\/wp\/v2\/product"}],"about":[{"href":"https:\/\/pizbube.ch\/en\/wp-json\/wp\/v2\/types\/product"}],"wp:featuredmedia":[{"embeddable":true,"href":"https:\/\/pizbube.ch\/en\/wp-json\/wp\/v2\/media\/35364"}],"wp:attachment":[{"href":"https:\/\/pizbube.ch\/en\/wp-json\/wp\/v2\/media?parent=154627"}],"wp:term":[{"taxonomy":"product_brand","embeddable":true,"href":"https:\/\/pizbube.ch\/en\/wp-json\/wp\/v2\/product_brand?post=154627"},{"taxonomy":"product_cat","embeddable":true,"href":"https:\/\/pizbube.ch\/en\/wp-json\/wp\/v2\/product_cat?post=154627"},{"taxonomy":"product_tag","embeddable":true,"href":"https:\/\/pizbube.ch\/en\/wp-json\/wp\/v2\/product_tag?post=154627"}],"curies":[{"name":"wp","href":"https:\/\/api.w.org\/{rel}","templated":true}]}}