{"id":154628,"date":"2021-01-15T14:37:27","date_gmt":"2021-01-15T14:37:27","guid":{"rendered":"https:\/\/codengine3.ch\/?product=import-placeholder-for-204950"},"modified":"2021-01-15T14:37:30","modified_gmt":"2021-01-15T14:37:30","slug":"kletterfuehrer-hombergflueeli-balstal-ostpfeiler-sendeturm-limmernschlucht","status":"publish","type":"product","link":"https:\/\/pizbube.ch\/en\/shop\/kletterfuehrer-hombergflueeli-balstal-ostpfeiler-sendeturm-limmernschlucht\/","title":{"rendered":"Kletterf\u00fchrer Hombergfl\u00fceli, Balstal Ostpfeiler, Sendeturm, Limmernschlucht"},"content":{"rendered":"<p>Topof\u00fchrer; 36 S.<br \/>\nBeschrieben sind 4 Gebiete, 121 Routen von 3b bis 8a.  <\/p>\n<p>Der F\u00fchrer beschreibt 121 Routen die bis heute zum gr\u00f6ssten Teil noch nicht<br \/>\nver\u00f6ffentlicht waren. Routen vom 3. bis 10. Grad, vom 5-Meter-W\u00e4ndli bis zur<br \/>\nimposanten 100-m-Wand.  <\/p>\n<p>HOMBERGFL\u00dcELI Frisch saniertes Plaisirgebiet bei Aarau, 30 Routen \/ 3b &#8211; 6b  <\/p>\n<p>BALSTHAL OSTPFEILER Bestens abgesicherte Mehrseill\u00e4ngenrouten,<br \/>\n13 Routen \/ 6a+ &#8211; 7c  <\/p>\n<p>SENDETURM Athletische Kletterei an scharfem Fels, 21 Routen \/ 5c &#8211; 8a  <\/p>\n<p>LIMMERNSCHLUCHT Abwechslungsreiche und lange Routen in idyllischer Lage, 57<br \/>\nRouten \/ 3b &#8211; 8a+  <\/p>","protected":false},"excerpt":{"rendered":"<p>Topof\u00fchrer; 36 S. Beschrieben sind 4 Gebiete, 121 Routen von 3b bis 8a. Der F\u00fchrer beschreibt 121 Routen die bis heute zum gr\u00f6ssten Teil noch nicht ver\u00f6ffentlicht waren. Routen vom 3. bis 10. Grad, vom 5-Meter-W\u00e4ndli bis zur imposanten 100-m-Wand. HOMBERGFL\u00dcELI Frisch saniertes Plaisirgebiet bei Aarau, 30 Routen \/ 3b &#8211; 6b BALSTHAL OSTPFEILER Bestens [&#8230;]\n","protected":false},"featured_media":33510,"template":"","meta":[],"product_brand":[],"product_cat":[21539],"product_tag":[],"class_list":{"0":"post-154628","1":"product","2":"type-product","3":"status-publish","4":"has-post-thumbnail","6":"product_cat-fuehrerliteratur-sportklettern-bouldern","7":"pa_autor-moor","8":"pa_erscheinungsjahr-21842","9":"pa_region-schweiz","10":"pa_sprache-de","12":"first","13":"instock","14":"taxable","15":"shipping-taxable","16":"purchasable","17":"product-type-simple"},"_links":{"self":[{"href":"https:\/\/pizbube.ch\/en\/wp-json\/wp\/v2\/product\/154628","targetHints":{"allow":["GET"]}}],"collection":[{"href":"https:\/\/pizbube.ch\/en\/wp-json\/wp\/v2\/product"}],"about":[{"href":"https:\/\/pizbube.ch\/en\/wp-json\/wp\/v2\/types\/product"}],"wp:featuredmedia":[{"embeddable":true,"href":"https:\/\/pizbube.ch\/en\/wp-json\/wp\/v2\/media\/33510"}],"wp:attachment":[{"href":"https:\/\/pizbube.ch\/en\/wp-json\/wp\/v2\/media?parent=154628"}],"wp:term":[{"taxonomy":"product_brand","embeddable":true,"href":"https:\/\/pizbube.ch\/en\/wp-json\/wp\/v2\/product_brand?post=154628"},{"taxonomy":"product_cat","embeddable":true,"href":"https:\/\/pizbube.ch\/en\/wp-json\/wp\/v2\/product_cat?post=154628"},{"taxonomy":"product_tag","embeddable":true,"href":"https:\/\/pizbube.ch\/en\/wp-json\/wp\/v2\/product_tag?post=154628"}],"curies":[{"name":"wp","href":"https:\/\/api.w.org\/{rel}","templated":true}]}}