{"id":154629,"date":"2021-01-15T14:37:32","date_gmt":"2021-01-15T14:37:32","guid":{"rendered":"https:\/\/codengine3.ch\/?product=import-placeholder-for-207112"},"modified":"2021-01-15T14:55:14","modified_gmt":"2021-01-15T14:55:14","slug":"valendas","status":"publish","type":"product","link":"https:\/\/pizbube.ch\/en\/shop\/valendas\/","title":{"rendered":"Valendas"},"content":{"rendered":"<p>Die Welt im Dorf  <\/p>\n<p>Paul Joos begleitete die knapp dreihundert Einwohner von Valendas GR mit der<br \/>\nKamera. Die eindrucksvollen Schwarz-Weiss-Fotografien zeigen, wie im Dorf<br \/>\ngelebt, gearbeitet, gefeiert wird. Christoph Schwyzer l\u00e4sst die Menschen zu<br \/>\nWort kommen. Sie erz\u00e4hlen von ihren Hoffnungen und W\u00fcnschen, erinnern sich an<br \/>\ndas alte Valendas und machen sich Gedanken \u00fcber die Zukunft. In literarischen<br \/>\nSkizzen erhalten auch das Dorf und die Landschaft eine Stimme.  <\/p>\n<p>Ein Viertel der Schweizer Bev\u00f6lkerung lebt in Berggebieten, die rund zwei<br \/>\nDrittel der Landesfl\u00e4che ausmachen. Viele Bergregionen haben mit Abwanderung<br \/>\nzu k\u00e4mpfen, Post und Schule schliessen \u2013 zur\u00fcck bleiben \u00e4ltere Menschen und<br \/>\nErinnerungen an bessere Zeiten.  <\/p>\n<p>Das Bergdorf Valendas oberhalb der Rheinschlucht zeigt: Das muss nicht so<br \/>\nsein. Die Einwohner retteten den Dorfladen und das einzige Gasthaus vor dem<br \/>\nUntergang, sie engagieren sich f\u00fcr die Renovation altehrw\u00fcrdiger H\u00e4user und<br \/>\npflegen in zahlreichen Vereinen die Dorfgemeinschaft.  <\/p>","protected":false},"excerpt":{"rendered":"<p>Die Welt im Dorf Paul Joos begleitete die knapp dreihundert Einwohner von Valendas GR mit der Kamera. Die eindrucksvollen Schwarz-Weiss-Fotografien zeigen, wie im Dorf gelebt, gearbeitet, gefeiert wird. Christoph Schwyzer l\u00e4sst die Menschen zu Wort kommen. Sie erz\u00e4hlen von ihren Hoffnungen und W\u00fcnschen, erinnern sich an das alte Valendas und machen sich Gedanken \u00fcber die [&#8230;]\n","protected":false},"featured_media":36720,"template":"","meta":[],"product_brand":[],"product_cat":[21542],"product_tag":[],"class_list":{"0":"post-154629","1":"product","2":"type-product","3":"status-publish","4":"has-post-thumbnail","6":"product_cat-sachbuecher-dokumentationen","7":"pa_autor-joos-schwyzer","8":"pa_erscheinungsjahr-21610","9":"pa_region-schweiz","10":"pa_sprache-de","12":"first","13":"instock","14":"taxable","15":"shipping-taxable","16":"purchasable","17":"product-type-simple"},"_links":{"self":[{"href":"https:\/\/pizbube.ch\/en\/wp-json\/wp\/v2\/product\/154629","targetHints":{"allow":["GET"]}}],"collection":[{"href":"https:\/\/pizbube.ch\/en\/wp-json\/wp\/v2\/product"}],"about":[{"href":"https:\/\/pizbube.ch\/en\/wp-json\/wp\/v2\/types\/product"}],"wp:featuredmedia":[{"embeddable":true,"href":"https:\/\/pizbube.ch\/en\/wp-json\/wp\/v2\/media\/36720"}],"wp:attachment":[{"href":"https:\/\/pizbube.ch\/en\/wp-json\/wp\/v2\/media?parent=154629"}],"wp:term":[{"taxonomy":"product_brand","embeddable":true,"href":"https:\/\/pizbube.ch\/en\/wp-json\/wp\/v2\/product_brand?post=154629"},{"taxonomy":"product_cat","embeddable":true,"href":"https:\/\/pizbube.ch\/en\/wp-json\/wp\/v2\/product_cat?post=154629"},{"taxonomy":"product_tag","embeddable":true,"href":"https:\/\/pizbube.ch\/en\/wp-json\/wp\/v2\/product_tag?post=154629"}],"curies":[{"name":"wp","href":"https:\/\/api.w.org\/{rel}","templated":true}]}}