{"id":154630,"date":"2021-01-15T14:37:33","date_gmt":"2021-01-15T14:37:33","guid":{"rendered":"https:\/\/codengine3.ch\/?product=import-placeholder-for-208476"},"modified":"2021-01-15T17:54:26","modified_gmt":"2021-01-15T17:54:26","slug":"rudolf-grass-zernez-1906-1982-dorffotograf-fotograf-dal-cumuen-fotografo-di-paese","status":"publish","type":"product","link":"https:\/\/pizbube.ch\/en\/shop\/rudolf-grass-zernez-1906-1982-dorffotograf-fotograf-dal-cumuen-fotografo-di-paese\/","title":{"rendered":"Rudolf Grass Zernez 1906\u20131982, Dorffotograf \/ Fotograf dal cum\u00fcn \/ Fotografo di paese"},"content":{"rendered":"<p>Im Schatten der grossen Fotografen, die die Wahrnehmung des Engadins bis heute<br \/>\npr\u00e4gen, arbeiteten Dorffotografen wie Rudolf Grass. Abseits der grossen<br \/>\nTouristenzentren fotografierten sie die Menschen in ihrem Alltag, ihre<br \/>\nBr\u00e4uche, D\u00f6rfer und Landschaften und \u00fcberliefern damit ein weniger verkl\u00e4rtes,<br \/>\ndaf\u00fcr um so authentischeres Bild des Tals. Rudolf Grass etablierte sich neben<br \/>\nden grossen Konkurrenten mit einer breiten Palette fotografischer<br \/>\nDienstleistungen.<\/p>\n<p>Neben Portr\u00e4ts und Passfotos im Studio entstanden Bilder spontaner Art im<br \/>\nFreien, anl\u00e4sslich von Hochzeiten, Festen und Vereinsanl\u00e4ssen, aber auch auf<br \/>\nder Jagd, bei Ungl\u00fccksf\u00e4llen und Naturkatastrophen. Landschaften, Pf<br \/>\nlanzenstudien oder Tiersujets lieferte Grass in Form von Ansichtskarten an<br \/>\nGasth\u00e4user im M\u00fcnstertal und im Engadin oder verkaufte diese als Abz\u00fcge an<br \/>\nTouristen und Ferieng\u00e4ste, f\u00fcr die er auch Labor- und Vergr\u00f6sserungsarbeiten<br \/>\nausf\u00fchrte. Das Buch zeigt eine repr\u00e4sentative Auswahl aus seinem Werk.<\/p>\n<p>Mit einem Vorwort von Peter Herzog<br \/>\n176 Seiten, 23 x 28 cm, Dreiviertel-Leinenband, Duplex-Fotografien<br \/>\nText Deutsch, Romanisch und Italienisch  <\/p>","protected":false},"excerpt":{"rendered":"<p>Im Schatten der grossen Fotografen, die die Wahrnehmung des Engadins bis heute pr\u00e4gen, arbeiteten Dorffotografen wie Rudolf Grass. Abseits der grossen Touristenzentren fotografierten sie die Menschen in ihrem Alltag, ihre Br\u00e4uche, D\u00f6rfer und Landschaften und \u00fcberliefern damit ein weniger verkl\u00e4rtes, daf\u00fcr um so authentischeres Bild des Tals. Rudolf Grass etablierte sich neben den grossen Konkurrenten [&#8230;]\n","protected":false},"featured_media":40295,"template":"","meta":[],"product_brand":[],"product_cat":[21580],"product_tag":[],"class_list":{"0":"post-154630","1":"product","2":"type-product","3":"status-publish","4":"has-post-thumbnail","6":"product_cat-kunst-kultur","7":"pa_autor-flachs-nobrega","8":"pa_erscheinungsjahr-21597","9":"pa_region-schweiz","10":"pa_sprache-de","12":"first","13":"instock","14":"taxable","15":"shipping-taxable","16":"purchasable","17":"product-type-simple"},"_links":{"self":[{"href":"https:\/\/pizbube.ch\/en\/wp-json\/wp\/v2\/product\/154630","targetHints":{"allow":["GET"]}}],"collection":[{"href":"https:\/\/pizbube.ch\/en\/wp-json\/wp\/v2\/product"}],"about":[{"href":"https:\/\/pizbube.ch\/en\/wp-json\/wp\/v2\/types\/product"}],"wp:featuredmedia":[{"embeddable":true,"href":"https:\/\/pizbube.ch\/en\/wp-json\/wp\/v2\/media\/40295"}],"wp:attachment":[{"href":"https:\/\/pizbube.ch\/en\/wp-json\/wp\/v2\/media?parent=154630"}],"wp:term":[{"taxonomy":"product_brand","embeddable":true,"href":"https:\/\/pizbube.ch\/en\/wp-json\/wp\/v2\/product_brand?post=154630"},{"taxonomy":"product_cat","embeddable":true,"href":"https:\/\/pizbube.ch\/en\/wp-json\/wp\/v2\/product_cat?post=154630"},{"taxonomy":"product_tag","embeddable":true,"href":"https:\/\/pizbube.ch\/en\/wp-json\/wp\/v2\/product_tag?post=154630"}],"curies":[{"name":"wp","href":"https:\/\/api.w.org\/{rel}","templated":true}]}}