{"id":154632,"date":"2021-01-15T14:37:34","date_gmt":"2021-01-15T14:37:34","guid":{"rendered":"https:\/\/codengine3.ch\/?product=import-placeholder-for-206529"},"modified":"2021-01-15T14:49:36","modified_gmt":"2021-01-15T14:49:36","slug":"historische-reisen-ueber-die-schweizer-alpen","status":"publish","type":"product","link":"https:\/\/pizbube.ch\/en\/shop\/historische-reisen-ueber-die-schweizer-alpen\/","title":{"rendered":"Historische Reisen \u00fcber die Schweizer Alpen"},"content":{"rendered":"<p>Viaggi storici attraverso le alpi svizzere<br \/>\nHistoric journeys over the Swiss alps  <\/p>\n<p>In diesem Buch sind in &#8218;art-post&#8216; Bildern und kurzen erl\u00e4uternden Texten \u00fcber<br \/>\ndie Geschichte jeden Passes die Reiserouten \u00fcber das Hochgebirgein vergangenen<br \/>\nJahrhunderten illustriert, als S\u00e4umer, Pilger und H\u00e4ndler die Alpenp\u00e4sse<br \/>\n\u00fcberquerten.  <\/p>\n<p>Tra le pagine del libro interamente a colori &#8218;Viaggi storici attraverso le<br \/>\nAlpi Svizzere&#8216; sono illustrati con disegni art-post (con l\u2019aggiunta di brevi<br \/>\ntesti riassuntivi e la storia di ogni singolo passo) gli itinerari che<br \/>\npercorrevano l\u2019alta montagna nei secoli antecedenti, quando i somieri, i<br \/>\npellegrini, i mercanti, gli artisti ed i viaggiatori delle diligenze postali<br \/>\nvalicavano i passi alpini in gran numero. Testi in italiano, tedesco e<br \/>\nfrancese.  <\/p>","protected":false},"excerpt":{"rendered":"<p>Viaggi storici attraverso le alpi svizzere Historic journeys over the Swiss alps In diesem Buch sind in &#8218;art-post&#8216; Bildern und kurzen erl\u00e4uternden Texten \u00fcber die Geschichte jeden Passes die Reiserouten \u00fcber das Hochgebirgein vergangenen Jahrhunderten illustriert, als S\u00e4umer, Pilger und H\u00e4ndler die Alpenp\u00e4sse \u00fcberquerten. Tra le pagine del libro interamente a colori &#8218;Viaggi storici attraverso [&#8230;]\n","protected":false},"featured_media":35582,"template":"","meta":[],"product_brand":[],"product_cat":[21542],"product_tag":[],"class_list":{"0":"post-154632","1":"product","2":"type-product","3":"status-publish","4":"has-post-thumbnail","6":"product_cat-sachbuecher-dokumentationen","7":"pa_autor-bertschi","8":"pa_erscheinungsjahr-21830","9":"pa_region-schweiz","10":"pa_sprache-d","11":"pa_sprache-e","12":"pa_sprache-i","14":"first","15":"instock","16":"taxable","17":"shipping-taxable","18":"purchasable","19":"product-type-simple"},"_links":{"self":[{"href":"https:\/\/pizbube.ch\/en\/wp-json\/wp\/v2\/product\/154632","targetHints":{"allow":["GET"]}}],"collection":[{"href":"https:\/\/pizbube.ch\/en\/wp-json\/wp\/v2\/product"}],"about":[{"href":"https:\/\/pizbube.ch\/en\/wp-json\/wp\/v2\/types\/product"}],"wp:featuredmedia":[{"embeddable":true,"href":"https:\/\/pizbube.ch\/en\/wp-json\/wp\/v2\/media\/35582"}],"wp:attachment":[{"href":"https:\/\/pizbube.ch\/en\/wp-json\/wp\/v2\/media?parent=154632"}],"wp:term":[{"taxonomy":"product_brand","embeddable":true,"href":"https:\/\/pizbube.ch\/en\/wp-json\/wp\/v2\/product_brand?post=154632"},{"taxonomy":"product_cat","embeddable":true,"href":"https:\/\/pizbube.ch\/en\/wp-json\/wp\/v2\/product_cat?post=154632"},{"taxonomy":"product_tag","embeddable":true,"href":"https:\/\/pizbube.ch\/en\/wp-json\/wp\/v2\/product_tag?post=154632"}],"curies":[{"name":"wp","href":"https:\/\/api.w.org\/{rel}","templated":true}]}}