{"id":154640,"date":"2021-01-15T14:38:22","date_gmt":"2021-01-15T14:38:22","guid":{"rendered":"https:\/\/codengine3.ch\/?product=import-placeholder-for-207218"},"modified":"2021-01-15T16:00:52","modified_gmt":"2021-01-15T16:00:52","slug":"das-perfekte-skitouren-wochenende","status":"publish","type":"product","link":"https:\/\/pizbube.ch\/en\/shop\/das-perfekte-skitouren-wochenende\/","title":{"rendered":"Das perfekte Skitouren-Wochenende"},"content":{"rendered":"<p>Touren f\u00fcr 2 bis 4 Tage. Zwischen Dachstein und Glarner Alpen. 20 Tourenziele  <\/p>\n<p>Fr\u00fch aufgestanden, sch\u00f6ne Spuren in den Schnee gelegt und abends im Stau<br \/>\ngestanden&#8230; Viele Skitourengeher kennen das: Der Alltag holt sie manchmal<br \/>\nschneller ein, als ihnen lieb ist. Warum also nicht die Auszeit um einen, zwei<br \/>\noder gar drei Tage verl\u00e4ngern?<\/p>\n<p>Ein ganzes &#8211; vielleicht sogar verl\u00e4ngertes &#8211; Wochenende unterwegs zu sein,<br \/>\nverspricht noch erholsamere Bergerlebnisse. Dazu wird der Aktionsradius gr\u00f6\u00dfer<br \/>\nund neue, attraktive Ziele r\u00fccken in den Fokus. Michael Pr\u00f6ttel stellt in<br \/>\ndiesem Rother Skitourenbuch 20 abwechslungsreiche Tourengebiete zwischen dem<br \/>\nDachstein im Osten und den Glarner Alpen im Westen vor. Hier ist man jeweils<br \/>\nzwei bis vier Tage unterwegs: vom komfortablen Talquartier oder von H\u00fctte zu<br \/>\nH\u00fctte, auf spannenden Rundtouren oder bei ausgedehnten Gebietsdurchquerungen,<br \/>\nder K\u00f6nigsdisziplin des Bergsteigens. Man verbringt den Abend gem\u00fctlich in der<br \/>\nH\u00fctte und steht am n\u00e4chsten Morgen gleich nach dem Fr\u00fchst\u00fcck wieder auf den<br \/>\nSki.  <\/p>\n<p>Weil Tourengeher heute flexibel planen und dorthin gehen, wo die Schneelage am<br \/>\nbesten und das Lawinenrisiko gering ist, hat der Autor seine Tourenziele mit<br \/>\nBedacht ausgesucht &#8211; frei nach dem Motto: Irgendwo geht immer was! Die<br \/>\nvorgestellten Routen liegen n\u00f6rdlich und s\u00fcdlich des Alpenhauptkammes, sie<br \/>\nber\u00fchren alle Hangrichtungen, verlaufen auf weiten H\u00e4ngen und zwischen steilen<br \/>\nFelsw\u00e4nden, sie f\u00fchren \u00fcber sanfte Almwiesen, durch arktische<br \/>\nGletscherlandschaften und auf viele ber\u00fchmte Dreitausender. Alle Routen sind<br \/>\nausf\u00fchrlich und pr\u00e4zise beschrieben, Kurzinfos liefern alle wichtigen Angaben<br \/>\nauf einen Blick. Kartenausschnitte in den Ma\u00dfst\u00e4ben 1:50.000 und 1:75.000 mit<br \/>\neingetragenen Routenverl\u00e4ufen verschaffen einen guten \u00dcberblick \u00fcber die<br \/>\nvorgestellten Touren.  <\/p>","protected":false},"excerpt":{"rendered":"<ul>\n<li><a href=\"https:\/\/pizbube.ch\/wp-content\/uploads\/attachments\/a_006\/45008A9EF801F9C9B2E1F1832D199299.pdf\" target=\"_blank\" rel=\"noopener\">PDF: Das perferfekte Skitouren-Wochenende_Inhalt.pdf<\/a><\/li>\n<\/ul>","protected":false},"featured_media":36863,"template":"","meta":[],"product_brand":[],"product_cat":[21540],"product_tag":[],"class_list":{"0":"post-154640","1":"product","2":"type-product","3":"status-publish","4":"has-post-thumbnail","6":"product_cat-fuehrerliteratur-alpin-winter","7":"pa_autor-proettel","8":"pa_erscheinungsjahr-21597","9":"pa_region-oesterreich","10":"pa_sprache-de","12":"first","13":"instock","14":"taxable","15":"shipping-taxable","16":"purchasable","17":"product-type-simple"},"_links":{"self":[{"href":"https:\/\/pizbube.ch\/en\/wp-json\/wp\/v2\/product\/154640","targetHints":{"allow":["GET"]}}],"collection":[{"href":"https:\/\/pizbube.ch\/en\/wp-json\/wp\/v2\/product"}],"about":[{"href":"https:\/\/pizbube.ch\/en\/wp-json\/wp\/v2\/types\/product"}],"wp:featuredmedia":[{"embeddable":true,"href":"https:\/\/pizbube.ch\/en\/wp-json\/wp\/v2\/media\/36863"}],"wp:attachment":[{"href":"https:\/\/pizbube.ch\/en\/wp-json\/wp\/v2\/media?parent=154640"}],"wp:term":[{"taxonomy":"product_brand","embeddable":true,"href":"https:\/\/pizbube.ch\/en\/wp-json\/wp\/v2\/product_brand?post=154640"},{"taxonomy":"product_cat","embeddable":true,"href":"https:\/\/pizbube.ch\/en\/wp-json\/wp\/v2\/product_cat?post=154640"},{"taxonomy":"product_tag","embeddable":true,"href":"https:\/\/pizbube.ch\/en\/wp-json\/wp\/v2\/product_tag?post=154640"}],"curies":[{"name":"wp","href":"https:\/\/api.w.org\/{rel}","templated":true}]}}