{"id":154642,"date":"2021-01-15T14:38:23","date_gmt":"2021-01-15T14:38:23","guid":{"rendered":"https:\/\/codengine3.ch\/?product=import-placeholder-for-205344"},"modified":"2021-01-15T14:40:30","modified_gmt":"2021-01-15T14:40:30","slug":"la-montagne-est-mon-domaine","status":"publish","type":"product","link":"https:\/\/pizbube.ch\/en\/shop\/la-montagne-est-mon-domaine\/","title":{"rendered":"La montagne est mon domaine"},"content":{"rendered":"<p>\nRemarquable conteur, Gaston R\u00e9buffat continue \u00e0 incarner l&#8217;image m\u00eame de<br \/>\nl&#8217;alpiniste dont il a su mieux que tout autre transmettre l&#8217;esprit. Faisant<br \/>\npasser avec simplicit\u00e9 et bonheur, \u00e0 l&#8217;aide d&#8217;une formule \u00e9tincelante ou d&#8217;une<br \/>\ndemi-confidence, l&#8217;essentiel du &#8217;sentiment de la montagne&#8216;, il a ainsi permis<br \/>\n\u00e0 tous d&#8217;acc\u00e9der \u00e0 l&#8217;univers des sommets &#8218;entre ciel et terre&#8216;.  <\/p>\n<p>Dans La montagne est mon domaine; cet homme au caract\u00e8re secret se raconte<br \/>\nautant qu&#8217;il raconte &#8217;sa montagne&#8216;, et c&#8217;est toute la vie d&#8217;un des grands<br \/>\nalpinistes du XXe si\u00e8cle que l&#8217;on d\u00e9couvre, depuis la jeunesse pass\u00e9e \u00e0<br \/>\narpenter la jeunesse pass\u00e9s \u00e0 arpenter les Calanques de Marseille jusqu&#8217;aux<br \/>\ngrandes courses alpines et \u00e0 l&#8217;exp\u00e9dition de l&#8217;Annapurna.<\/p>\n<p>Paperback, 171 p.  <\/p>","protected":false},"excerpt":{"rendered":"<p>Remarquable conteur, Gaston R\u00e9buffat continue \u00e0 incarner l&#8217;image m\u00eame de l&#8217;alpiniste dont il a su mieux que tout autre transmettre l&#8217;esprit. Faisant passer avec simplicit\u00e9 et bonheur, \u00e0 l&#8217;aide d&#8217;une formule \u00e9tincelante ou d&#8217;une demi-confidence, l&#8217;essentiel du &#8217;sentiment de la montagne&#8216;, il a ainsi permis \u00e0 tous d&#8217;acc\u00e9der \u00e0 l&#8217;univers des sommets &#8218;entre ciel et [&#8230;]\n","protected":false},"featured_media":34017,"template":"","meta":[],"product_brand":[],"product_cat":[21542],"product_tag":[],"class_list":{"0":"post-154642","1":"product","2":"type-product","3":"status-publish","4":"has-post-thumbnail","6":"product_cat-sachbuecher-dokumentationen","7":"pa_autor-rebuffat","8":"pa_erscheinungsjahr-21571","9":"pa_region-frankreich","10":"pa_sprache-fr","12":"first","13":"instock","14":"taxable","15":"shipping-taxable","16":"purchasable","17":"product-type-simple"},"_links":{"self":[{"href":"https:\/\/pizbube.ch\/en\/wp-json\/wp\/v2\/product\/154642","targetHints":{"allow":["GET"]}}],"collection":[{"href":"https:\/\/pizbube.ch\/en\/wp-json\/wp\/v2\/product"}],"about":[{"href":"https:\/\/pizbube.ch\/en\/wp-json\/wp\/v2\/types\/product"}],"wp:featuredmedia":[{"embeddable":true,"href":"https:\/\/pizbube.ch\/en\/wp-json\/wp\/v2\/media\/34017"}],"wp:attachment":[{"href":"https:\/\/pizbube.ch\/en\/wp-json\/wp\/v2\/media?parent=154642"}],"wp:term":[{"taxonomy":"product_brand","embeddable":true,"href":"https:\/\/pizbube.ch\/en\/wp-json\/wp\/v2\/product_brand?post=154642"},{"taxonomy":"product_cat","embeddable":true,"href":"https:\/\/pizbube.ch\/en\/wp-json\/wp\/v2\/product_cat?post=154642"},{"taxonomy":"product_tag","embeddable":true,"href":"https:\/\/pizbube.ch\/en\/wp-json\/wp\/v2\/product_tag?post=154642"}],"curies":[{"name":"wp","href":"https:\/\/api.w.org\/{rel}","templated":true}]}}