{"id":154645,"date":"2021-01-15T14:38:43","date_gmt":"2021-01-15T14:38:43","guid":{"rendered":"https:\/\/codengine3.ch\/?product=import-placeholder-for-208079"},"modified":"2023-12-22T12:24:58","modified_gmt":"2023-12-22T11:24:58","slug":"val-daran-freeride","status":"publish","type":"product","link":"https:\/\/pizbube.ch\/en\/shop\/val-daran-freeride\/","title":{"rendered":"Val D&#8217;Aran &#8211; Freeride"},"content":{"rendered":"<p>255 descensos en esqu\u00eds y splitboard<\/p>\n<p>Esta gu\u00eda da respuesta a la constante evoluci\u00f3n que ha sufrido el esqu\u00ed de<br \/>\nmonta\u00f1a en los \u00faltimos a\u00f1os. Hoy por hoy encontramos muchos perfiles de<br \/>\nmonta\u00f1eros distintos, dif\u00edcilmente encasillables, con enfoques dispares. M\u00e1s<br \/>\nall\u00e1 del tradicional practicante del ski de randonn\u00e9, muchos esquiadores beben<br \/>\ndel mundo de la competici\u00f3n y de su mentalidad de ligereza y velocidad.<\/p>\n<p>Otros provienen del mundo del esqu\u00ed alpino, y a trav\u00e9s del freeride han mutado<br \/>\na esquiadores-alpinistas que apenas pisan la estaci\u00f3n. Similar trayectoria han<br \/>\nseguido surfistas que con sus splitboards han descubierto un mundo antes<br \/>\ninaccesible. Todos ellos coinciden en el monte pero con diferentes<br \/>\nexpectativas. Jordi y Marc, sus autores, han intentado que su trabajo sea \u00fatil<br \/>\npara todos. No obstante, resulta obvio que su enfoque personal mira<br \/>\ninstintivamente pendiente abajo, por lo que esta es inequ\u00edvocamente una gu\u00eda<br \/>\nenfocada al descenso.<\/p>\n<p>Esta ambiciosa gu\u00eda es un trabajo notable de sus autores, diferente a todo lo<br \/>\npublicado anteriormente en el panorama pirenaico. Abundan en esta gu\u00eda<br \/>\nitinerarios jam\u00e1s divulgados anteriormente, con una gran variedad de<br \/>\ndificultades que, sin duda, van a sorprender enormemente a los esquiadores que<br \/>\nse animen a seguir las huellas de los autores.<\/p>\n<p>Cada uno de los 255 descensos se presenta con toda la informaci\u00f3n necesaria<br \/>\npara que cada monta\u00f1ero pueda evaluar que itinerarios est\u00e1n a su alcance y<br \/>\ndisfrutar as\u00ed con seguridad de la salida. Una completa ficha t\u00e9cnica con<br \/>\ninformaci\u00f3n sobre la dificultad, orientaci\u00f3n, horario estimado, desniveles de<br \/>\nascenso y de descenso, \u00e9poca recomendada, coordenadas GPS, material t\u00e9cnico<br \/>\ncomplementario y advertencias. Adem\u00e1s, cada l\u00ednea de descenso se encuentra<br \/>\ndibujada sobre fotograf\u00edas a todo color, y localizado sobre mapas<br \/>\ntopogr\u00e1ficos. Una descripci\u00f3n de la aproximaci\u00f3n as\u00ed como de la ruta de<br \/>\nascenso como de la de descenso completan la informaci\u00f3n.<\/p>","protected":false},"excerpt":{"rendered":"<p>255 descensos en esqu\u00eds y splitboard Esta gu\u00eda da respuesta a la constante evoluci\u00f3n que ha sufrido el esqu\u00ed de monta\u00f1a en los \u00faltimos a\u00f1os. Hoy por hoy encontramos muchos perfiles de monta\u00f1eros distintos, dif\u00edcilmente encasillables, con enfoques dispares. M\u00e1s all\u00e1 del tradicional practicante del ski de randonn\u00e9, muchos esquiadores beben del mundo de la [&#8230;]\n","protected":false},"featured_media":170902,"template":"","meta":[],"product_brand":[],"product_cat":[21540],"product_tag":[],"class_list":{"0":"post-154645","1":"product","2":"type-product","3":"status-publish","4":"has-post-thumbnail","6":"product_cat-fuehrerliteratur-alpin-winter","7":"pa_autor-ricart-ginesta","8":"pa_erscheinungsjahr-21571","9":"pa_region-spanien","10":"pa_sprache-es","12":"first","13":"instock","14":"taxable","15":"shipping-taxable","16":"purchasable","17":"product-type-simple"},"_links":{"self":[{"href":"https:\/\/pizbube.ch\/en\/wp-json\/wp\/v2\/product\/154645","targetHints":{"allow":["GET"]}}],"collection":[{"href":"https:\/\/pizbube.ch\/en\/wp-json\/wp\/v2\/product"}],"about":[{"href":"https:\/\/pizbube.ch\/en\/wp-json\/wp\/v2\/types\/product"}],"wp:featuredmedia":[{"embeddable":true,"href":"https:\/\/pizbube.ch\/en\/wp-json\/wp\/v2\/media\/170902"}],"wp:attachment":[{"href":"https:\/\/pizbube.ch\/en\/wp-json\/wp\/v2\/media?parent=154645"}],"wp:term":[{"taxonomy":"product_brand","embeddable":true,"href":"https:\/\/pizbube.ch\/en\/wp-json\/wp\/v2\/product_brand?post=154645"},{"taxonomy":"product_cat","embeddable":true,"href":"https:\/\/pizbube.ch\/en\/wp-json\/wp\/v2\/product_cat?post=154645"},{"taxonomy":"product_tag","embeddable":true,"href":"https:\/\/pizbube.ch\/en\/wp-json\/wp\/v2\/product_tag?post=154645"}],"curies":[{"name":"wp","href":"https:\/\/api.w.org\/{rel}","templated":true}]}}