{"id":154646,"date":"2021-01-15T14:38:44","date_gmt":"2021-01-15T14:38:44","guid":{"rendered":"https:\/\/codengine3.ch\/?product=import-placeholder-for-205925"},"modified":"2025-01-07T15:42:04","modified_gmt":"2025-01-07T14:42:04","slug":"zentralschweizer-voralpen-und-alpen-einsiedeln-bis-gotthard-skitouren","status":"publish","type":"product","link":"https:\/\/pizbube.ch\/en\/shop\/zentralschweizer-voralpen-und-alpen-einsiedeln-bis-gotthard-skitouren\/","title":{"rendered":"Zentralschweizer Voralpen und Alpen &#8211; Einsiedeln bis Gotthard Skitouren"},"content":{"rendered":"<p>Schneesport im Zentrum der Schweiz mit Ski und Snowboard<\/p>\n<p>Die Zentralschweiz ist im Winter ein Eldorado f\u00fcr Touren mit Ski oder<br \/>\nSnowboard f\u00fcr jeden Geschmack. Schroffe Felsen, weiche H\u00fcgel, enge T\u00e4ler,<br \/>\nweite Fl\u00e4chen: Im Gebiet zwischen Z\u00fcrichsee und Gotthard, Entlebuch und<br \/>\nKlausenpass ist alles da und wartet darauf, entdeckt zu werden, sobald der<br \/>\nerste Schnee f\u00e4llt.<\/p>\n<p>Die Region zwischen Z\u00fcrichsee und Gotthard, dem Entlebuch und Klausenpass bietet zahlreiche attraktive M\u00f6glichkeiten f\u00fcr Ski- und Snowboardtouren. Sanfte Halbtages- und H\u00fcgeltouren f\u00fcr aktive Geniesser, hochalpine Routen \u00fcber Gletscher sowie steile Flanken f\u00fcr Liebhaberinnen und Liebhaber der sportlichen Herausforderung.<\/p>\n<p>Der Skitourenf\u00fchrer \u00abZentralschweizer Voralpen und Alpen\u00bb des Schweizer Alpen-Club SAC beschreibt detailliert \u00fcber 500 Routen zu mehr als 250 Gipfelzielen. Einige Vorschl\u00e4ge f\u00fcr Rund- und Mehrtagestouren (z.B. die kleine und grosse Bannalper Rundtour, die Urner Haute Route) runden den Inhalt ab. Das 576-seitige Werk enth\u00e4lt 153 Routenfotos und Angaben zur Anreise mit \u00f6ffentlichen Verkehrsmitteln.<\/p>\n<p>3. Auflage 2022<\/p>","protected":false},"excerpt":{"rendered":"<p>Schneesport im Zentrum der Schweiz mit Ski und Snowboard Die Zentralschweiz ist im Winter ein Eldorado f\u00fcr Touren mit Ski oder Snowboard f\u00fcr jeden Geschmack. Schroffe Felsen, weiche H\u00fcgel, enge T\u00e4ler, weite Fl\u00e4chen: Im Gebiet zwischen Z\u00fcrichsee und Gotthard, Entlebuch und Klausenpass ist alles da und wartet darauf, entdeckt zu werden, sobald der erste Schnee [&#8230;]\n","protected":false},"featured_media":165660,"template":"","meta":[],"product_brand":[],"product_cat":[21540],"product_tag":[],"class_list":{"0":"post-154646","1":"product","2":"type-product","3":"status-publish","4":"has-post-thumbnail","6":"product_cat-fuehrerliteratur-alpin-winter","7":"pa_autor-maier","8":"pa_erscheinungsjahr-27013","9":"pa_region-schweiz","10":"pa_sprache-de","12":"first","13":"onbackorder","14":"taxable","15":"shipping-taxable","16":"purchasable","17":"product-type-simple"},"_links":{"self":[{"href":"https:\/\/pizbube.ch\/en\/wp-json\/wp\/v2\/product\/154646","targetHints":{"allow":["GET"]}}],"collection":[{"href":"https:\/\/pizbube.ch\/en\/wp-json\/wp\/v2\/product"}],"about":[{"href":"https:\/\/pizbube.ch\/en\/wp-json\/wp\/v2\/types\/product"}],"wp:featuredmedia":[{"embeddable":true,"href":"https:\/\/pizbube.ch\/en\/wp-json\/wp\/v2\/media\/165660"}],"wp:attachment":[{"href":"https:\/\/pizbube.ch\/en\/wp-json\/wp\/v2\/media?parent=154646"}],"wp:term":[{"taxonomy":"product_brand","embeddable":true,"href":"https:\/\/pizbube.ch\/en\/wp-json\/wp\/v2\/product_brand?post=154646"},{"taxonomy":"product_cat","embeddable":true,"href":"https:\/\/pizbube.ch\/en\/wp-json\/wp\/v2\/product_cat?post=154646"},{"taxonomy":"product_tag","embeddable":true,"href":"https:\/\/pizbube.ch\/en\/wp-json\/wp\/v2\/product_tag?post=154646"}],"curies":[{"name":"wp","href":"https:\/\/api.w.org\/{rel}","templated":true}]}}