{"id":154647,"date":"2021-01-15T14:38:44","date_gmt":"2021-01-15T14:38:44","guid":{"rendered":"https:\/\/codengine3.ch\/?product=import-placeholder-for-205983"},"modified":"2021-12-23T16:18:40","modified_gmt":"2021-12-23T15:18:40","slug":"snow-trail-map-11-schwyz-1-50000","status":"publish","type":"product","link":"https:\/\/pizbube.ch\/en\/shop\/snow-trail-map-11-schwyz-1-50000\/","title":{"rendered":"Snow Trail Map 11: Schwyz 1: 50`000"},"content":{"rendered":"<p>Reiss- und wasserfeste Schneeschuhkarte f\u00fcr das Muotathal, \u00c4geri, Ybrig und<br \/>\ndas W\u00e4gital. Die Karte enth\u00e4lt die besten Schneeschuh-Routen, abgestuft in<br \/>\neinfache und alpine Strecken. Als Kartenbasis dienen die Originalkarten von<br \/>\nSiwsstopo im Massstab 1:50`000. Neben den Routen sind alle Wildruhezonen<br \/>\n(Betretungsverbot, ausser auf Korridoren) und Wildschutzzonen (Betretung<br \/>\nsollte vermieden werden) eingezeichnet.<\/p>\n<p>R\u00fcckseite:<br \/>\n* F\u00fcnf ausf\u00fchrlich beschriebene Touren, visualisert mit einem H\u00f6henprofil und Angaben zu L\u00e4nge und Wanderzeit.<br \/>\n* Ausf\u00fchrliche Lawinen-Informationen<br \/>\n* Wichtige Adressen der Region (\u00dcbernachtungsm\u00f6glichkeiten, Schneeschuh-Vermietungen, Touren-Anbieter und Tourismusb\u00fcros)<\/p>\n<p>Gebiet:<br \/>\nDie Karte umfasst das W\u00e4gital, \u00c4geri, Muotathal und die Gebiete Stoos und<br \/>\nYbrig.<\/p>","protected":false},"excerpt":{"rendered":"<p>Reiss- und wasserfeste Schneeschuhkarte f\u00fcr das Muotathal, \u00c4geri, Ybrig und das W\u00e4gital. Die Karte enth\u00e4lt die besten Schneeschuh-Routen, abgestuft in einfache und alpine Strecken. Als Kartenbasis dienen die Originalkarten von Siwsstopo im Massstab 1:50`000. Neben den Routen sind alle Wildruhezonen (Betretungsverbot, ausser auf Korridoren) und Wildschutzzonen (Betretung sollte vermieden werden) eingezeichnet. R\u00fcckseite: * F\u00fcnf ausf\u00fchrlich [&#8230;]\n","protected":false},"featured_media":34857,"template":"","meta":[],"product_brand":[],"product_cat":[21543],"product_tag":[],"class_list":{"0":"post-154647","1":"product","2":"type-product","3":"status-publish","4":"has-post-thumbnail","6":"product_cat-landkarten","7":"pa_autor-ssp","8":"pa_erscheinungsjahr-21610","9":"pa_region-schweiz","10":"pa_sprache-de","12":"first","13":"outofstock","14":"taxable","15":"shipping-taxable","16":"purchasable","17":"product-type-simple"},"_links":{"self":[{"href":"https:\/\/pizbube.ch\/en\/wp-json\/wp\/v2\/product\/154647","targetHints":{"allow":["GET"]}}],"collection":[{"href":"https:\/\/pizbube.ch\/en\/wp-json\/wp\/v2\/product"}],"about":[{"href":"https:\/\/pizbube.ch\/en\/wp-json\/wp\/v2\/types\/product"}],"wp:featuredmedia":[{"embeddable":true,"href":"https:\/\/pizbube.ch\/en\/wp-json\/wp\/v2\/media\/34857"}],"wp:attachment":[{"href":"https:\/\/pizbube.ch\/en\/wp-json\/wp\/v2\/media?parent=154647"}],"wp:term":[{"taxonomy":"product_brand","embeddable":true,"href":"https:\/\/pizbube.ch\/en\/wp-json\/wp\/v2\/product_brand?post=154647"},{"taxonomy":"product_cat","embeddable":true,"href":"https:\/\/pizbube.ch\/en\/wp-json\/wp\/v2\/product_cat?post=154647"},{"taxonomy":"product_tag","embeddable":true,"href":"https:\/\/pizbube.ch\/en\/wp-json\/wp\/v2\/product_tag?post=154647"}],"curies":[{"name":"wp","href":"https:\/\/api.w.org\/{rel}","templated":true}]}}