{"id":154650,"date":"2021-01-15T14:38:44","date_gmt":"2021-01-15T14:38:44","guid":{"rendered":"https:\/\/codengine3.ch\/?product=import-placeholder-for-206378"},"modified":"2021-01-15T14:48:29","modified_gmt":"2021-01-15T14:48:29","slug":"tessin-misox-schneeschuhtouren","status":"publish","type":"product","link":"https:\/\/pizbube.ch\/en\/shop\/tessin-misox-schneeschuhtouren\/","title":{"rendered":"Tessin Misox &#8211; Schneeschuhtouren"},"content":{"rendered":"<p>60 Routenvorschl\u00e4ge f\u00fcr Schneeschuhtouren s\u00fcdlich der Alpen.<br \/>\nMit 17 Kurztouren  <\/p>\n<p>In diesem F\u00fchrer entdeckt der Leser die reizende und vielf\u00e4ltige Landschaft<br \/>\ns\u00fcdlich der Alpen im Winter. Schneeschuhwandern im Tessin? Von den<br \/>\nPalmenalleen direkt in den Schnee auf 3000 Metern \u2013 das ist bis tief in den<br \/>\nFr\u00fchling hinein m\u00f6glich.  <\/p>\n<p>Diese s\u00fcdlichen Berge haben es allerdings in sich. In wenigen Kilometern<br \/>\ngelangt man von den Gletschern auf \u00fcber 3000 Metern hinunter zum Lago Maggiore<br \/>\nauf 200 Meter. Gerade im Tessin und im Misox kann man in Gebieten wandern, die<br \/>\nauch in der kalten Jahreszeit sehr beliebt sind.  <\/p>\n<p>Skigebiete wie San Bernardino, Campo Blenio, Nara und Bosco Gurin eignen sich<br \/>\nebenso gut f\u00fcr Schneeschuhtouren, da und dort gibt es sogar speziell markierte<br \/>\nWanderungen. Mit diesem F\u00fchrer m\u00f6chte der Autor die LeserInnen in den S\u00fcden<br \/>\nbegleiten, um sie hier bekannte oder unbekannte Gebiete im Winter entdecken zu<br \/>\nlassen.<br \/>\n264 Seiten, 120 Farbfotos, 64 Kartenausschnitte  <\/p>","protected":false},"excerpt":{"rendered":"<p>60 Routenvorschl\u00e4ge f\u00fcr Schneeschuhtouren s\u00fcdlich der Alpen. Mit 17 Kurztouren In diesem F\u00fchrer entdeckt der Leser die reizende und vielf\u00e4ltige Landschaft s\u00fcdlich der Alpen im Winter. Schneeschuhwandern im Tessin? Von den Palmenalleen direkt in den Schnee auf 3000 Metern \u2013 das ist bis tief in den Fr\u00fchling hinein m\u00f6glich. Diese s\u00fcdlichen Berge haben es allerdings [&#8230;]\n","protected":false},"featured_media":35394,"template":"","meta":[],"product_brand":[],"product_cat":[21540],"product_tag":[],"class_list":{"0":"post-154650","1":"product","2":"type-product","3":"status-publish","4":"has-post-thumbnail","6":"product_cat-fuehrerliteratur-alpin-winter","7":"pa_autor-welti","8":"pa_erscheinungsjahr-21610","9":"pa_region-schweiz","10":"pa_sprache-de","12":"first","13":"instock","14":"taxable","15":"shipping-taxable","16":"purchasable","17":"product-type-simple"},"_links":{"self":[{"href":"https:\/\/pizbube.ch\/en\/wp-json\/wp\/v2\/product\/154650","targetHints":{"allow":["GET"]}}],"collection":[{"href":"https:\/\/pizbube.ch\/en\/wp-json\/wp\/v2\/product"}],"about":[{"href":"https:\/\/pizbube.ch\/en\/wp-json\/wp\/v2\/types\/product"}],"wp:featuredmedia":[{"embeddable":true,"href":"https:\/\/pizbube.ch\/en\/wp-json\/wp\/v2\/media\/35394"}],"wp:attachment":[{"href":"https:\/\/pizbube.ch\/en\/wp-json\/wp\/v2\/media?parent=154650"}],"wp:term":[{"taxonomy":"product_brand","embeddable":true,"href":"https:\/\/pizbube.ch\/en\/wp-json\/wp\/v2\/product_brand?post=154650"},{"taxonomy":"product_cat","embeddable":true,"href":"https:\/\/pizbube.ch\/en\/wp-json\/wp\/v2\/product_cat?post=154650"},{"taxonomy":"product_tag","embeddable":true,"href":"https:\/\/pizbube.ch\/en\/wp-json\/wp\/v2\/product_tag?post=154650"}],"curies":[{"name":"wp","href":"https:\/\/api.w.org\/{rel}","templated":true}]}}