{"id":154651,"date":"2021-01-15T14:38:45","date_gmt":"2021-01-15T14:38:45","guid":{"rendered":"https:\/\/codengine3.ch\/?product=import-placeholder-for-206961"},"modified":"2021-01-15T14:53:47","modified_gmt":"2021-01-15T14:53:47","slug":"schneeschuhgehen-praxiswissen-vom-profi-zu-ausruestung-technik-und-sicherheit","status":"publish","type":"product","link":"https:\/\/pizbube.ch\/en\/shop\/schneeschuhgehen-praxiswissen-vom-profi-zu-ausruestung-technik-und-sicherheit\/","title":{"rendered":"Schneeschuhgehen &#8211; Praxiswissen vom Profi zu Ausr\u00fcstung, Technik und Sicherheit"},"content":{"rendered":"<p>Wandern durch die wei\u00dfe Pracht<br \/>\nOb winterliche Genusswanderung oder sportlich anspruchsvolle Tour:<br \/>\nSchneeschuhwandern ist vielseitig und hat immer mehr begeisterte Anh\u00e4nger. Was<br \/>\nman \u00fcber die Trendsportart wissen muss, von der richtigen Ausr\u00fcstung \u00fcber die<br \/>\nTourenplanung und Orientierung im Gebirge bis hin zu Gehtechniken und der<br \/>\nBeurteilung der Lawinengefahr, das vermittelt dieser Praxisratgeber. Kompetent<br \/>\nund umfassend, reich bebildert und mit vielen weiterf\u00fchrenden Adressen.<br \/>\n192 Seiten, ca. 200 Abbildungen, Format 16,5 x 23,5 cm, Broschur mit<br \/>\nFadenheftung  <\/p>","protected":false},"excerpt":{"rendered":"<p>Wandern durch die wei\u00dfe Pracht Ob winterliche Genusswanderung oder sportlich anspruchsvolle Tour: Schneeschuhwandern ist vielseitig und hat immer mehr begeisterte Anh\u00e4nger. Was man \u00fcber die Trendsportart wissen muss, von der richtigen Ausr\u00fcstung \u00fcber die Tourenplanung und Orientierung im Gebirge bis hin zu Gehtechniken und der Beurteilung der Lawinengefahr, das vermittelt dieser Praxisratgeber. Kompetent und umfassend, [&#8230;]\n","protected":false},"featured_media":36519,"template":"","meta":[],"product_brand":[],"product_cat":[21538],"product_tag":[],"class_list":{"0":"post-154651","1":"product","2":"type-product","3":"status-publish","4":"has-post-thumbnail","6":"product_cat-lehrbuecher","7":"pa_autor-schneeweiss","8":"pa_erscheinungsjahr-21621","9":"pa_region-alpin-winter","10":"pa_sprache-de","12":"first","13":"instock","14":"taxable","15":"shipping-taxable","16":"purchasable","17":"product-type-simple"},"_links":{"self":[{"href":"https:\/\/pizbube.ch\/en\/wp-json\/wp\/v2\/product\/154651","targetHints":{"allow":["GET"]}}],"collection":[{"href":"https:\/\/pizbube.ch\/en\/wp-json\/wp\/v2\/product"}],"about":[{"href":"https:\/\/pizbube.ch\/en\/wp-json\/wp\/v2\/types\/product"}],"wp:featuredmedia":[{"embeddable":true,"href":"https:\/\/pizbube.ch\/en\/wp-json\/wp\/v2\/media\/36519"}],"wp:attachment":[{"href":"https:\/\/pizbube.ch\/en\/wp-json\/wp\/v2\/media?parent=154651"}],"wp:term":[{"taxonomy":"product_brand","embeddable":true,"href":"https:\/\/pizbube.ch\/en\/wp-json\/wp\/v2\/product_brand?post=154651"},{"taxonomy":"product_cat","embeddable":true,"href":"https:\/\/pizbube.ch\/en\/wp-json\/wp\/v2\/product_cat?post=154651"},{"taxonomy":"product_tag","embeddable":true,"href":"https:\/\/pizbube.ch\/en\/wp-json\/wp\/v2\/product_tag?post=154651"}],"curies":[{"name":"wp","href":"https:\/\/api.w.org\/{rel}","templated":true}]}}