{"id":154654,"date":"2021-01-15T14:38:51","date_gmt":"2021-01-15T14:38:51","guid":{"rendered":"https:\/\/codengine3.ch\/?product=import-placeholder-for-206840"},"modified":"2021-01-15T14:52:32","modified_gmt":"2021-01-15T14:52:32","slug":"wenn-der-firn-sich-roetet-toetet-berge-toetet","status":"publish","type":"product","link":"https:\/\/pizbube.ch\/en\/shop\/wenn-der-firn-sich-roetet-toetet-berge-toetet\/","title":{"rendered":"Wenn der Firn sich r\u00f6tet T\u00f6tet, Berge, T\u00f6tet!"},"content":{"rendered":"<p>Die einen lieben die Berge, die andern m\u00f6gen sie nicht und den dritten sind<br \/>\nsie ziemlich egal und ziemlich weit weg. Ich selber habe ein seltsam<br \/>\ndistanziertes Verh\u00e4ltnis zum Hohen und Steilen. In meiner Jugend verbrachte<br \/>\nich einen grossen Teil meiner Zeit, die nicht mit Schule, Ausbildung und<br \/>\nsonstigen Alltagspflichten verplant war, in den Bergen. Ausgewachsen standen<br \/>\ndie n\u00e4chsten Felsen schon in Blickweite. Zwar sind die H\u00f6hen des Juras<br \/>\nbewaldet und auch die Schroffheit h\u00e4lt sich in Grenzen. Immer wieder aber<br \/>\nbricht Fels aus dem h\u00fcgligen, dem moderaten Auf und Ab, ideales Gel\u00e4nde f\u00fcr<br \/>\ndie ersten Kletterversuche. Aber schon bald werden aus Kraxeleien<br \/>\nambitionierte Klettertouren und das Vorgebirge wird zum \u00dcbungsgel\u00e4nde. Mehr<br \/>\nsoll es sein, h\u00f6her hinauf, schwieriger die Tour, H\u00f6henmeter werden zum<br \/>\nAnsporn. Alles wird an der Horizontalen gemessen. Die Berge werden zur<br \/>\nsportiven Herausforderung. Die Glieder schmerzen, die Augen brennen und die<br \/>\nF\u00fcsse bluten. Adrenalin wird freigesetzt. Sonne, Eis, Schnee und Fels setzten<br \/>\nsich in starken Bildern im Kopf fest, werden in schwarzen N\u00e4chten in<br \/>\nBergh\u00fctten zu Halluzinationen und Albtr\u00e4umen.  <\/p>\n<p>F\u00fcr dieses STRAPAZIN haben wir Autorinnen und Autoren gesucht, die diesen<br \/>\nMoment auch suchen. Neben Illustration und Comic ist Fotografie ein wichtiges<br \/>\nMedium in dieser Nummer. Mit Reto Camenisch haben wir einen wichtigen<br \/>\nVertreter der Schweizer Fotografie in STRAPAZIN, der sich mit dem Thema Berg<br \/>\nseit l\u00e4ngerer Zeit auseinandersetzt. Demgegen\u00fcber geh\u00f6rt Bruno Augsburger zu<br \/>\neiner j\u00fcngeren Generation von Fotografen. Einen grossen Teil seiner Zeit<br \/>\nverbringt er in der Wildnis in Kanada und Skandinavien. Seine Bilder riechen<br \/>\nnach Schnee. Bei den Zeichnerinnen und Zeichner haben wir auf Vorhandenes und<br \/>\nNeues gesetzt. Es ist uns wichtig, verschiedene mediale Zug\u00e4nge aufzuzeigen<br \/>\nund damit auch zu hinterfragen, was das jeweilige Medium besser oder anders<br \/>\nals sein Gegen\u00fcber kann.  <\/p>","protected":false},"excerpt":{"rendered":"<p>Die einen lieben die Berge, die andern m\u00f6gen sie nicht und den dritten sind sie ziemlich egal und ziemlich weit weg. Ich selber habe ein seltsam distanziertes Verh\u00e4ltnis zum Hohen und Steilen. In meiner Jugend verbrachte ich einen grossen Teil meiner Zeit, die nicht mit Schule, Ausbildung und sonstigen Alltagspflichten verplant war, in den Bergen. [&#8230;]\n","protected":false},"featured_media":36270,"template":"","meta":[],"product_brand":[],"product_cat":[21541],"product_tag":[],"class_list":{"0":"post-154654","1":"product","2":"type-product","3":"status-publish","4":"has-post-thumbnail","6":"product_cat-zeitschriften","7":"pa_autor-strapazin","8":"pa_erscheinungsjahr-21621","9":"pa_region-schweiz","10":"pa_sprache-de","12":"first","13":"instock","14":"taxable","15":"shipping-taxable","16":"purchasable","17":"product-type-simple"},"_links":{"self":[{"href":"https:\/\/pizbube.ch\/en\/wp-json\/wp\/v2\/product\/154654","targetHints":{"allow":["GET"]}}],"collection":[{"href":"https:\/\/pizbube.ch\/en\/wp-json\/wp\/v2\/product"}],"about":[{"href":"https:\/\/pizbube.ch\/en\/wp-json\/wp\/v2\/types\/product"}],"wp:featuredmedia":[{"embeddable":true,"href":"https:\/\/pizbube.ch\/en\/wp-json\/wp\/v2\/media\/36270"}],"wp:attachment":[{"href":"https:\/\/pizbube.ch\/en\/wp-json\/wp\/v2\/media?parent=154654"}],"wp:term":[{"taxonomy":"product_brand","embeddable":true,"href":"https:\/\/pizbube.ch\/en\/wp-json\/wp\/v2\/product_brand?post=154654"},{"taxonomy":"product_cat","embeddable":true,"href":"https:\/\/pizbube.ch\/en\/wp-json\/wp\/v2\/product_cat?post=154654"},{"taxonomy":"product_tag","embeddable":true,"href":"https:\/\/pizbube.ch\/en\/wp-json\/wp\/v2\/product_tag?post=154654"}],"curies":[{"name":"wp","href":"https:\/\/api.w.org\/{rel}","templated":true}]}}