{"id":154655,"date":"2021-01-15T14:38:56","date_gmt":"2021-01-15T14:38:56","guid":{"rendered":"https:\/\/codengine3.ch\/?product=import-placeholder-for-205509"},"modified":"2021-01-15T14:41:46","modified_gmt":"2021-01-15T14:41:46","slug":"alpenvereinsjahrbuch-berg-2009","status":"publish","type":"product","link":"https:\/\/pizbube.ch\/en\/shop\/alpenvereinsjahrbuch-berg-2009\/","title":{"rendered":"Alpenvereinsjahrbuch BERG 2009"},"content":{"rendered":"<p>Das Alpenvereinsjahrbuch ist das unverzichtbare Standardwerk f\u00fcr jeden<br \/>\nambitionierten Bergfreund: Keine andere Publikation bietet diese Vielfalt<br \/>\nalpiner Themen und versammelt soviel bergsteigerische Prominenz und Kompetenz<br \/>\nzu diesem Preis &#8211; und das in h\u00f6chster Qualit\u00e4t!  <\/p>\n<p>Dieses Mal mit dem Top-Thema &#8218;Ausr\u00fcstung &#8211; Ausbildung&#8216;: Innovationen auf dem<br \/>\nAusr\u00fcstungsmarkt erweitern die Leistungsgrenzen im Extrembereich, f\u00f6rdern aber<br \/>\nauch die Attraktivit\u00e4t des Bergsteigens in jeder Form f\u00fcr die breite Masse und<br \/>\nbergen damit auch Risiken. Wir berichten \u00fcber neu entstandene Strategien,<br \/>\nDenk- und Verhaltensmuster.  <\/p>\n<p>Bergsport heute:<br \/>\nMit Beitr\u00e4gen von Robert Jasper \u00fcber Mixed-Klettern, Christian Stangl \u00fcber<br \/>\nseine Skyrunning-Projekte, den Trekking-Abenteuern von Martin Beek in Pakistan<br \/>\nu.v.m.<br \/>\nKultur: U.a. mit Erinnerungen an Ludwig Ganghofer und May Norman-Neruda, eine<br \/>\nder Vorreiterinnen des modernen Klettersports, eine Science-Fiction-Story auf<br \/>\ndem Mars und literarisch-historische Spurensuche in Westtibet.<br \/>\nAlpine Geschichte: Texte von Emil Zopfi, Robert Steiner, Nico Mail\u00e4nder und<br \/>\nRollo Steffens<br \/>\nKarten-\/Gebietsthema: Mit Beitr\u00e4gen von Heinz Zak, Charly Wehrle, Otmar<br \/>\nWiedemann, Peter Schwarz.  <\/p>\n<p>320 Seiten,\u00fcber 300 Farb- und SW-Fotos, gebunden, Hardcover.<br \/>\nGratis dabei: die Alpenvereinskarte 4\/2, &#8218;Wetterstein&#8216;, mittleres Blatt,<br \/>\nMa\u00dfstab 1:25.000  <\/p>","protected":false},"excerpt":{"rendered":"<p>Das Alpenvereinsjahrbuch ist das unverzichtbare Standardwerk f\u00fcr jeden ambitionierten Bergfreund: Keine andere Publikation bietet diese Vielfalt alpiner Themen und versammelt soviel bergsteigerische Prominenz und Kompetenz zu diesem Preis &#8211; und das in h\u00f6chster Qualit\u00e4t! Dieses Mal mit dem Top-Thema &#8218;Ausr\u00fcstung &#8211; Ausbildung&#8216;: Innovationen auf dem Ausr\u00fcstungsmarkt erweitern die Leistungsgrenzen im Extrembereich, f\u00f6rdern aber auch die [&#8230;]\n","protected":false},"featured_media":34235,"template":"","meta":[],"product_brand":[],"product_cat":[21542],"product_tag":[],"class_list":{"0":"post-154655","1":"product","2":"type-product","3":"status-publish","4":"has-post-thumbnail","6":"product_cat-sachbuecher-dokumentationen","7":"pa_autor-dav","8":"pa_erscheinungsjahr-21591","9":"pa_region-deutschland","10":"pa_sprache-de","12":"first","13":"instock","14":"taxable","15":"shipping-taxable","16":"purchasable","17":"product-type-simple"},"_links":{"self":[{"href":"https:\/\/pizbube.ch\/en\/wp-json\/wp\/v2\/product\/154655","targetHints":{"allow":["GET"]}}],"collection":[{"href":"https:\/\/pizbube.ch\/en\/wp-json\/wp\/v2\/product"}],"about":[{"href":"https:\/\/pizbube.ch\/en\/wp-json\/wp\/v2\/types\/product"}],"wp:featuredmedia":[{"embeddable":true,"href":"https:\/\/pizbube.ch\/en\/wp-json\/wp\/v2\/media\/34235"}],"wp:attachment":[{"href":"https:\/\/pizbube.ch\/en\/wp-json\/wp\/v2\/media?parent=154655"}],"wp:term":[{"taxonomy":"product_brand","embeddable":true,"href":"https:\/\/pizbube.ch\/en\/wp-json\/wp\/v2\/product_brand?post=154655"},{"taxonomy":"product_cat","embeddable":true,"href":"https:\/\/pizbube.ch\/en\/wp-json\/wp\/v2\/product_cat?post=154655"},{"taxonomy":"product_tag","embeddable":true,"href":"https:\/\/pizbube.ch\/en\/wp-json\/wp\/v2\/product_tag?post=154655"}],"curies":[{"name":"wp","href":"https:\/\/api.w.org\/{rel}","templated":true}]}}