{"id":154656,"date":"2021-01-15T14:38:59","date_gmt":"2021-01-15T14:38:59","guid":{"rendered":"https:\/\/codengine3.ch\/?product=import-placeholder-for-208320"},"modified":"2021-01-15T17:52:41","modified_gmt":"2021-01-15T17:52:41","slug":"freeride-map-vals-125000","status":"publish","type":"product","link":"https:\/\/pizbube.ch\/en\/shop\/freeride-map-vals-125000\/","title":{"rendered":"Freeride Map Vals 1:25&#8217;000"},"content":{"rendered":"<p>Farblich gekennzeichnete Bereiche zeigen dabei, welche Gebiete Sie befahren<br \/>\nk\u00f6nnen.<\/p>\n<p>Egal ob Einsteiger oder Fortgeschrittener, mit der Freeride Map k\u00f6nnen Sie die<br \/>\npassende Tour f\u00fcr sich planen:<br \/>\nDie einzelnen Gebiete sind nach drei unterschiedlichen Schwierigkeitsstufen<br \/>\nkategorisiert und farblich markiert.  <\/p>\n<p>Die Freeride Maps basieren auf den Landeskarten des Schweizerischen<br \/>\nBundesamtes f\u00fcr Landestopografie swisstopo und des BEV \u00d6sterreich im Ma\u00dfstab<br \/>\n1:25 000. Auf rei\u00df- und wasserfester Folie halten die Karten auch eine Tour<br \/>\ndurch Schnee und Eis aus.<\/p>","protected":false},"excerpt":{"rendered":"<p>Farblich gekennzeichnete Bereiche zeigen dabei, welche Gebiete Sie befahren k\u00f6nnen. Egal ob Einsteiger oder Fortgeschrittener, mit der Freeride Map k\u00f6nnen Sie die passende Tour f\u00fcr sich planen: Die einzelnen Gebiete sind nach drei unterschiedlichen Schwierigkeitsstufen kategorisiert und farblich markiert. Die Freeride Maps basieren auf den Landeskarten des Schweizerischen Bundesamtes f\u00fcr Landestopografie swisstopo und des BEV [&#8230;]\n","protected":false},"featured_media":39982,"template":"","meta":[],"product_brand":[],"product_cat":[21543],"product_tag":[],"class_list":{"0":"post-154656","1":"product","2":"type-product","3":"status-publish","4":"has-post-thumbnail","6":"product_cat-landkarten","7":"pa_autor-outcomm","8":"pa_erscheinungsjahr-21571","9":"pa_region-schweiz","10":"pa_sprache-de-en","12":"first","13":"instock","14":"taxable","15":"shipping-taxable","16":"purchasable","17":"product-type-simple"},"_links":{"self":[{"href":"https:\/\/pizbube.ch\/en\/wp-json\/wp\/v2\/product\/154656","targetHints":{"allow":["GET"]}}],"collection":[{"href":"https:\/\/pizbube.ch\/en\/wp-json\/wp\/v2\/product"}],"about":[{"href":"https:\/\/pizbube.ch\/en\/wp-json\/wp\/v2\/types\/product"}],"wp:featuredmedia":[{"embeddable":true,"href":"https:\/\/pizbube.ch\/en\/wp-json\/wp\/v2\/media\/39982"}],"wp:attachment":[{"href":"https:\/\/pizbube.ch\/en\/wp-json\/wp\/v2\/media?parent=154656"}],"wp:term":[{"taxonomy":"product_brand","embeddable":true,"href":"https:\/\/pizbube.ch\/en\/wp-json\/wp\/v2\/product_brand?post=154656"},{"taxonomy":"product_cat","embeddable":true,"href":"https:\/\/pizbube.ch\/en\/wp-json\/wp\/v2\/product_cat?post=154656"},{"taxonomy":"product_tag","embeddable":true,"href":"https:\/\/pizbube.ch\/en\/wp-json\/wp\/v2\/product_tag?post=154656"}],"curies":[{"name":"wp","href":"https:\/\/api.w.org\/{rel}","templated":true}]}}