{"id":154657,"date":"2021-01-15T14:39:04","date_gmt":"2021-01-15T14:39:04","guid":{"rendered":"https:\/\/codengine3.ch\/?product=import-placeholder-for-206973"},"modified":"2021-01-15T14:53:54","modified_gmt":"2021-01-15T14:53:54","slug":"switzerland","status":"publish","type":"product","link":"https:\/\/pizbube.ch\/en\/shop\/switzerland\/","title":{"rendered":"Switzerland"},"content":{"rendered":"<p>Die Schweiz ist das Wasserschloss Europas. In den Alpen entspringen die<br \/>\ngrossen Fl\u00fcsse des Kontinents: Der Rhein m\u00fcndet in die Nordsee, die Rhone ins<br \/>\nMittelmeer, das Wasser des Ticino fliesst in die Adria, jenes des Inn ins<br \/>\nSchwarze Meer. F\u00fcr Freizeit und Erholung bieten die \u00fcber 1500 Seen, die<br \/>\nungez\u00e4hlten B\u00e4che und Fl\u00fcsse und die 1800 Gletscher eine Vielfalt von<br \/>\nAktivit\u00e4ten in spektakul\u00e4ren Naturlandschaften, wie sie wohl einmalig sind auf<br \/>\nder ganzen Welt. Die Berge geh\u00f6ren zur Identit\u00e4t der Schweiz. Alpen und<br \/>\nVoralpen umfassen zwei Drittel des Landes, der Hauptkamm mit seinen 48<br \/>\nViertausendern bildet die Wasserscheide Europas.  <\/p>\n<p>Gipfel wie das Matterhorn oder der Eiger sind durch ihre grandiose Gestalt und<br \/>\nihre dramatische Geschichte zu Kultbergen f\u00fcr Alpinisten und G\u00e4ste aus aller<br \/>\nWelt geworden.Die Schweiz ist ein gr\u00fcnes Land. W\u00e4lder bedecken einen Drittel<br \/>\nder gesamten Fl\u00e4che und gestalten das Gesicht der Landschaft. Laub- und<br \/>\nMischwald im Mittelland und in den Voralpen; Tannen, F\u00f6hren und Fichten im<br \/>\nGebirge bis zur Baumgrenze um die 1900 Meter \u00fcber Meer. Der Wald ist ein<br \/>\nunentbehrlicher Erholungsraum f\u00fcr K\u00f6rper und Seele des modernen Menschen.Die<br \/>\nTexte zu den grossz\u00fcgig gestalteten Bildbeitr\u00e4gen hat der renommierte<br \/>\nSchweizer Schriftsteller Emil Zopfi verfasst.<br \/>\nDeutsch \/ Franz\u00f6sisch \/ Italienisch \/ Spanisch \/ Russisch \/ Japanisch \/<br \/>\nChinesisch  <\/p>","protected":false},"excerpt":{"rendered":"<p>Die Schweiz ist das Wasserschloss Europas. In den Alpen entspringen die grossen Fl\u00fcsse des Kontinents: Der Rhein m\u00fcndet in die Nordsee, die Rhone ins Mittelmeer, das Wasser des Ticino fliesst in die Adria, jenes des Inn ins Schwarze Meer. F\u00fcr Freizeit und Erholung bieten die \u00fcber 1500 Seen, die ungez\u00e4hlten B\u00e4che und Fl\u00fcsse und die [&#8230;]\n","protected":false},"featured_media":36534,"template":"","meta":[],"product_brand":[],"product_cat":[21542],"product_tag":[],"class_list":{"0":"post-154657","1":"product","2":"type-product","3":"status-publish","4":"has-post-thumbnail","6":"product_cat-sachbuecher-dokumentationen","7":"pa_autor-boesch-zopfi","8":"pa_erscheinungsjahr-21610","9":"pa_region-schweiz","10":"pa_sprache-d","11":"pa_sprache-e","12":"pa_sprache-f","13":"pa_sprache-i","15":"first","16":"instock","17":"taxable","18":"shipping-taxable","19":"purchasable","20":"product-type-simple"},"_links":{"self":[{"href":"https:\/\/pizbube.ch\/en\/wp-json\/wp\/v2\/product\/154657","targetHints":{"allow":["GET"]}}],"collection":[{"href":"https:\/\/pizbube.ch\/en\/wp-json\/wp\/v2\/product"}],"about":[{"href":"https:\/\/pizbube.ch\/en\/wp-json\/wp\/v2\/types\/product"}],"wp:featuredmedia":[{"embeddable":true,"href":"https:\/\/pizbube.ch\/en\/wp-json\/wp\/v2\/media\/36534"}],"wp:attachment":[{"href":"https:\/\/pizbube.ch\/en\/wp-json\/wp\/v2\/media?parent=154657"}],"wp:term":[{"taxonomy":"product_brand","embeddable":true,"href":"https:\/\/pizbube.ch\/en\/wp-json\/wp\/v2\/product_brand?post=154657"},{"taxonomy":"product_cat","embeddable":true,"href":"https:\/\/pizbube.ch\/en\/wp-json\/wp\/v2\/product_cat?post=154657"},{"taxonomy":"product_tag","embeddable":true,"href":"https:\/\/pizbube.ch\/en\/wp-json\/wp\/v2\/product_tag?post=154657"}],"curies":[{"name":"wp","href":"https:\/\/api.w.org\/{rel}","templated":true}]}}