{"id":154660,"date":"2021-01-15T14:39:06","date_gmt":"2021-01-15T14:39:06","guid":{"rendered":"https:\/\/codengine3.ch\/?product=import-placeholder-for-208548"},"modified":"2021-04-06T09:29:14","modified_gmt":"2021-04-06T07:29:14","slug":"vertikal-ines-papert-in-den-steilsten-waenden-der-welt","status":"publish","type":"product","link":"https:\/\/pizbube.ch\/en\/shop\/vertikal-ines-papert-in-den-steilsten-waenden-der-welt\/","title":{"rendered":"VERTIKAL Ines Papert \u2013 In den steilsten W\u00e4nden der Welt"},"content":{"rendered":"<p>Unterwegs in Fels und Eis Dieses Buch portr\u00e4tiert die zierliche Frau, die mit<br \/>\nunglaublicher Willenskraft, Energie und Geschick rasch in die kleine Riege der<br \/>\nweltweiten Spitzen-Kletterer aufstieg.<br \/>\nAtemberaubende Fotostrecken zeigen Ines<br \/>\nPapert, die viermalige Weltmeisterin im Eisklettern, in Eisw\u00e4nden, an<br \/>\nFels\u00fcberh\u00e4ngen, auf Expeditionen &#8211; eine Frau auf dem Weg nach ganz oben, die<br \/>\naber auch die stillen Momente liebt und die es nach jedem Abenteuer genie\u00dft,<br \/>\nzu ihrer Familie zur\u00fcckzukehren.<\/p>\n<p>Die Begleittexte geben Einblick in das Leben<br \/>\nder Extremsportlerin Ines Papert, die in einer grandiosen, aber auch oft<br \/>\ngnadenlosen Bergwelt unterwegs ist &#8211; und genau dort ankommt, wo sie hin will.<\/p>","protected":false},"excerpt":{"rendered":"<p>Unterwegs in Fels und Eis Dieses Buch portr\u00e4tiert die zierliche Frau, die mit unglaublicher Willenskraft, Energie und Geschick rasch in die kleine Riege der weltweiten Spitzen-Kletterer aufstieg. Atemberaubende Fotostrecken zeigen Ines Papert, die viermalige Weltmeisterin im Eisklettern, in Eisw\u00e4nden, an Fels\u00fcberh\u00e4ngen, auf Expeditionen &#8211; eine Frau auf dem Weg nach ganz oben, die aber auch [&#8230;]\n","protected":false},"featured_media":40514,"template":"","meta":[],"product_brand":[],"product_cat":[21542],"product_tag":[],"class_list":{"0":"post-154660","1":"product","2":"type-product","3":"status-publish","4":"has-post-thumbnail","6":"product_cat-sachbuecher-dokumentationen","7":"pa_autor-papert","8":"pa_erscheinungsjahr-21621","9":"pa_region-deutschland","10":"pa_sprache-de","12":"first","13":"outofstock","14":"taxable","15":"shipping-taxable","16":"purchasable","17":"product-type-simple"},"_links":{"self":[{"href":"https:\/\/pizbube.ch\/en\/wp-json\/wp\/v2\/product\/154660","targetHints":{"allow":["GET"]}}],"collection":[{"href":"https:\/\/pizbube.ch\/en\/wp-json\/wp\/v2\/product"}],"about":[{"href":"https:\/\/pizbube.ch\/en\/wp-json\/wp\/v2\/types\/product"}],"wp:featuredmedia":[{"embeddable":true,"href":"https:\/\/pizbube.ch\/en\/wp-json\/wp\/v2\/media\/40514"}],"wp:attachment":[{"href":"https:\/\/pizbube.ch\/en\/wp-json\/wp\/v2\/media?parent=154660"}],"wp:term":[{"taxonomy":"product_brand","embeddable":true,"href":"https:\/\/pizbube.ch\/en\/wp-json\/wp\/v2\/product_brand?post=154660"},{"taxonomy":"product_cat","embeddable":true,"href":"https:\/\/pizbube.ch\/en\/wp-json\/wp\/v2\/product_cat?post=154660"},{"taxonomy":"product_tag","embeddable":true,"href":"https:\/\/pizbube.ch\/en\/wp-json\/wp\/v2\/product_tag?post=154660"}],"curies":[{"name":"wp","href":"https:\/\/api.w.org\/{rel}","templated":true}]}}