{"id":154661,"date":"2021-01-15T14:39:12","date_gmt":"2021-01-15T14:39:12","guid":{"rendered":"https:\/\/codengine3.ch\/?product=import-placeholder-for-207586"},"modified":"2021-01-15T16:04:54","modified_gmt":"2021-01-15T16:04:54","slug":"auf-den-spuren-meines-urgrossvaters-reiseziel-monte-rosa-1918-2014","status":"publish","type":"product","link":"https:\/\/pizbube.ch\/en\/shop\/auf-den-spuren-meines-urgrossvaters-reiseziel-monte-rosa-1918-2014\/","title":{"rendered":"Auf den Spuren meines Urgrossvaters &#8211; Reiseziel Monte-Rosa 1918 &#8211; 2014"},"content":{"rendered":"<p>Eine Reise von Zermatt nach Arolla.<\/p>\n<p>Spektakul\u00e4re Bilder von 1918 im Vergleich zu 2014 &#8211; 95 Jahre nach seinem<br \/>\nUrgrossvater war Gilles Renaud im Monte-Rosa Gebiet mit seiner Kamera<br \/>\nunterwegs. Er brachte ortsgetreue Bilder zur\u00fcck, die spektakul\u00e4re Vergleiche<br \/>\nerm\u00f6glichen.<\/p>\n<p>In der elterlichen Bibliothek von Gilles Renaud befanden sich zwei Alben mit<br \/>\nFotografien von seinem Urgrossvater, einem begeisterten Bergsteiger.<\/p>\n<p>F\u00fcnfundneuzig Jahre sp\u00e4ter begeben sich Gilles und seine Freunde auf die<br \/>\nSpuren des Urgrossvaters und suchen die Standorte, wo die Bilder aufgenommen<br \/>\nwurden.<\/p>\n<p>Die Gegen\u00fcberstellung der Ver\u00e4nderungen ist spektakul\u00e4r&#8230;<\/p>","protected":false},"excerpt":{"rendered":"<p>Eine Reise von Zermatt nach Arolla. Spektakul\u00e4re Bilder von 1918 im Vergleich zu 2014 &#8211; 95 Jahre nach seinem Urgrossvater war Gilles Renaud im Monte-Rosa Gebiet mit seiner Kamera unterwegs. Er brachte ortsgetreue Bilder zur\u00fcck, die spektakul\u00e4re Vergleiche erm\u00f6glichen. In der elterlichen Bibliothek von Gilles Renaud befanden sich zwei Alben mit Fotografien von seinem Urgrossvater, [&#8230;]\n","protected":false},"featured_media":37905,"template":"","meta":[],"product_brand":[],"product_cat":[21580],"product_tag":[],"class_list":{"0":"post-154661","1":"product","2":"type-product","3":"status-publish","4":"has-post-thumbnail","6":"product_cat-kunst-kultur","7":"pa_autor-renaud","8":"pa_erscheinungsjahr-21597","9":"pa_region-schweiz","10":"pa_sprache-de","12":"first","13":"instock","14":"taxable","15":"shipping-taxable","16":"purchasable","17":"product-type-simple"},"_links":{"self":[{"href":"https:\/\/pizbube.ch\/en\/wp-json\/wp\/v2\/product\/154661","targetHints":{"allow":["GET"]}}],"collection":[{"href":"https:\/\/pizbube.ch\/en\/wp-json\/wp\/v2\/product"}],"about":[{"href":"https:\/\/pizbube.ch\/en\/wp-json\/wp\/v2\/types\/product"}],"wp:featuredmedia":[{"embeddable":true,"href":"https:\/\/pizbube.ch\/en\/wp-json\/wp\/v2\/media\/37905"}],"wp:attachment":[{"href":"https:\/\/pizbube.ch\/en\/wp-json\/wp\/v2\/media?parent=154661"}],"wp:term":[{"taxonomy":"product_brand","embeddable":true,"href":"https:\/\/pizbube.ch\/en\/wp-json\/wp\/v2\/product_brand?post=154661"},{"taxonomy":"product_cat","embeddable":true,"href":"https:\/\/pizbube.ch\/en\/wp-json\/wp\/v2\/product_cat?post=154661"},{"taxonomy":"product_tag","embeddable":true,"href":"https:\/\/pizbube.ch\/en\/wp-json\/wp\/v2\/product_tag?post=154661"}],"curies":[{"name":"wp","href":"https:\/\/api.w.org\/{rel}","templated":true}]}}