{"id":154665,"date":"2021-01-15T14:39:38","date_gmt":"2021-01-15T14:39:38","guid":{"rendered":"https:\/\/codengine3.ch\/?product=import-placeholder-for-208052"},"modified":"2021-01-15T17:49:42","modified_gmt":"2021-01-15T17:49:42","slug":"esqui-gredos","status":"publish","type":"product","link":"https:\/\/pizbube.ch\/en\/shop\/esqui-gredos\/","title":{"rendered":"Esqu\u00ed Gredos"},"content":{"rendered":"<p>El objetivo de esta gu\u00eda es dar informaci\u00f3n clara, concreta y precisa sobre<br \/>\nlos itinerarios de esqu\u00ed de monta\u00f1a m\u00e1s recomendables de la Sierra de Gredos.<\/p>\n<p>Para ello, hemos seleccionado las mejores zonas del Macizo Central (del Puerto<br \/>\ndel Pico al de Tornavacas) y del Occidental (del Puerto de Tornavacas al de<br \/>\nB\u00e9jar), las mejores rutas de ascenso a cada cima y, por supuesto, los<br \/>\ndescensos en los que el esquiador podr\u00e1 disfrutar de la agradable \u00abnieve<br \/>\nprimavera\u00bb gredense.  <\/p>\n<p>El autor, Ra\u00fal Lora, ha recorrido cada uno de los itinerarios descritos en la<br \/>\ngu\u00eda para aportar informaci\u00f3n detallada y pr\u00e1ctica sobre las principales<br \/>\ndificultades de cada ruta o los mayores peligros objetivos. Todo el trabajo se<br \/>\nilustra con fotograf\u00edas a todo color sobre las que se han dibujado las l\u00edneas<br \/>\nde ascenso y descenso, adem\u00e1s de su correspondiente mapa topogr\u00e1fico que, sin<br \/>\nduda, te ayudar\u00e1n a visualizar mejor cada recorrido. Una descripci\u00f3n de la<br \/>\naproximaci\u00f3n as\u00ed como de la ruta de ascenso y descenso<br \/>\ncompletan la informaci\u00f3n.<\/p>","protected":false},"excerpt":{"rendered":"<p>El objetivo de esta gu\u00eda es dar informaci\u00f3n clara, concreta y precisa sobre los itinerarios de esqu\u00ed de monta\u00f1a m\u00e1s recomendables de la Sierra de Gredos. Para ello, hemos seleccionado las mejores zonas del Macizo Central (del Puerto del Pico al de Tornavacas) y del Occidental (del Puerto de Tornavacas al de B\u00e9jar), las mejores [&#8230;]\n","protected":false},"featured_media":39218,"template":"","meta":[],"product_brand":[],"product_cat":[21540],"product_tag":[],"class_list":{"0":"post-154665","1":"product","2":"type-product","3":"status-publish","4":"has-post-thumbnail","6":"product_cat-fuehrerliteratur-alpin-winter","7":"pa_autor-lora","8":"pa_erscheinungsjahr-21574","9":"pa_region-spanien","10":"pa_sprache-es","12":"first","13":"instock","14":"taxable","15":"shipping-taxable","16":"purchasable","17":"product-type-simple"},"_links":{"self":[{"href":"https:\/\/pizbube.ch\/en\/wp-json\/wp\/v2\/product\/154665","targetHints":{"allow":["GET"]}}],"collection":[{"href":"https:\/\/pizbube.ch\/en\/wp-json\/wp\/v2\/product"}],"about":[{"href":"https:\/\/pizbube.ch\/en\/wp-json\/wp\/v2\/types\/product"}],"wp:featuredmedia":[{"embeddable":true,"href":"https:\/\/pizbube.ch\/en\/wp-json\/wp\/v2\/media\/39218"}],"wp:attachment":[{"href":"https:\/\/pizbube.ch\/en\/wp-json\/wp\/v2\/media?parent=154665"}],"wp:term":[{"taxonomy":"product_brand","embeddable":true,"href":"https:\/\/pizbube.ch\/en\/wp-json\/wp\/v2\/product_brand?post=154665"},{"taxonomy":"product_cat","embeddable":true,"href":"https:\/\/pizbube.ch\/en\/wp-json\/wp\/v2\/product_cat?post=154665"},{"taxonomy":"product_tag","embeddable":true,"href":"https:\/\/pizbube.ch\/en\/wp-json\/wp\/v2\/product_tag?post=154665"}],"curies":[{"name":"wp","href":"https:\/\/api.w.org\/{rel}","templated":true}]}}