{"id":154667,"date":"2021-01-15T14:39:40","date_gmt":"2021-01-15T14:39:40","guid":{"rendered":"https:\/\/codengine3.ch\/?product=import-placeholder-for-208055"},"modified":"2021-01-15T17:49:43","modified_gmt":"2021-01-15T17:49:43","slug":"david-lama-sein-leben-fuer-die-berge","status":"publish","type":"product","link":"https:\/\/pizbube.ch\/en\/shop\/david-lama-sein-leben-fuer-die-berge\/","title":{"rendered":"David Lama &#8211; Sein Leben f\u00fcr die Berge"},"content":{"rendered":"<p>\nAlpen, Himalaya, Patagonien. Felsw\u00e4nde, die noch keiner durchstiegen hat. Es<br \/>\nsind nicht nur seine Erfolge und Erstbegehungen, die ihn unvergesslich machen.<br \/>\nDavid Lama hat das Klettern und den Alpinismus der vergangenen zwei Jahrzehnte<br \/>\ngepr\u00e4gt wie kaum ein anderer. Dieser Band umfasst seine beiden B\u00fccher &#171;High&#187;<br \/>\nund &#171;Free&#187; sowie die besten Texte des Ausnahmesportlers. Aus ihnen sprechen<br \/>\nseine Unbeirrbarkeit, sein Mut, seine Umsicht und vor allem seine<br \/>\nunbeschreibliche Lebensfreude. Seine Texte zeigen David Lama, wie er dachte,<br \/>\nwie er handelte \u2013 wie er war.  <\/p>\n<p>David Lama galt als einer der begabtesten Kletterer der Welt, bis er am 16.<br \/>\nApril 2019 am Howse Peak im Banff-Nationalpark in Kanada in t\u00f6dlich<br \/>\nverungl\u00fcckte. Er hinterl\u00e4sst zwei B\u00fccher, \u201eHigh\u201c und \u201eFree\u201c. Diese sowie<br \/>\nzahlreiche seiner Texte sind in diesem Buch abgedruckt. \u201eHigh\u201c ist Davids<br \/>\nerstes Buch, welches er im Alter von 20 Jahren geschrieben hat. Darin<br \/>\nbeschreibt er seine Herkunft, das Aufwachsen in Tirol, wie er fr\u00fch zum<br \/>\nKlettern kam und wie er von seinen Eltern unerm\u00fcdlich gef\u00f6rdert wurde. Er<br \/>\nerz\u00e4hlt von seinen Projekten auf der ganzen Welt &#8211; sowohl in der Halle, am<br \/>\nFels, sowie von alpinen Touren. Er beschreibt auch die Wettk\u00e4mpfe, an denen er<br \/>\nteilgenommen hat &#8211; und wie er zu dem Schluss kam, dass er sein Leben nicht mit<br \/>\nWettk\u00e4mpfen verbringen m\u00f6chte. Die Berge waren sein Leben, die Welt, in der er<br \/>\ndie meiste Zeit verbrachte. \u201eFree\u201c erz\u00e4hlt von seinem Projekt, die Kompressor-<br \/>\nRoute am Cerro Torre in Argentinien frei zu klettern.<\/p>\n<p>Das Buch umfasst ca. drei Jahre in Davids Leben und beschreibt das ganze<br \/>\nProjekt, von der Idee bis zur Umsetzung. Drei Winter verbringt David mit<br \/>\nseinen Kletterpartnern, zuerst David Scheurer dann Peter Ortner, in<br \/>\nArgentinien, bis die Besteigung frei gelingt. Er beschreibt die H\u00f6hen und<br \/>\nTiefen, seine anf\u00e4ngliche Unerfahrenheit und wie er an den Erfahrungen wachsen<br \/>\nkonnte. Knapp werden auch andere Projekte beschrieben, die er in diesen drei<br \/>\nJahren unternommen hat. Dieses Buch ist zwischendurch zum Teil etwas<br \/>\nlangatmig, nimmt gegen Ende jedoch wieder Fahrt auf und war sehr interessant<br \/>\nzu lesen.<\/p>\n<p>Der letzte Teil des Buches umfasst mehrere Texte, die teils auf Davids<br \/>\nHomepage, teils online bei Alpinmagazinen abgedruckt wurden. Diese sind<br \/>\n\u00fcberwiegend kurz gehalten und beschreiben verschiedene Projekte, unter anderem<br \/>\ndie Erstbeschreibung des Lunag Ri im Himalaya. Ich habe dieses Buch sehr gern<br \/>\ngelesen. Davids Leidenschaft f\u00fcr die Berge und die Natur ist auf jeder Seite<br \/>\nsp\u00fcrbar und ansteckend. Das Buch ist einfach aber fesselnd geschrieben. H\u00e4ufig<br \/>\nwerden tirolerische Ausdr\u00fccke verwendet. Man sp\u00fcrt, wie jung und unerfahren<br \/>\nDavid zum Teil war, was er r\u00fcckblickend auch selbst manchmal erw\u00e4hnte.<br \/>\nTrotzdem ein sehr interessantes Werk f\u00fcr alle, die sich f\u00fcr Davids Leben oder<br \/>\nf\u00fcrs Klettern interessieren. Das Leben eines begabten Kletterers, der uns<br \/>\nleider viel zu fr\u00fch verlassen hat.  <\/p>","protected":false},"excerpt":{"rendered":"<p>Alpen, Himalaya, Patagonien. Felsw\u00e4nde, die noch keiner durchstiegen hat. Es sind nicht nur seine Erfolge und Erstbegehungen, die ihn unvergesslich machen. David Lama hat das Klettern und den Alpinismus der vergangenen zwei Jahrzehnte gepr\u00e4gt wie kaum ein anderer. Dieser Band umfasst seine beiden B\u00fccher &#171;High&#187; und &#171;Free&#187; sowie die besten Texte des Ausnahmesportlers. Aus ihnen [&#8230;]\n","protected":false},"featured_media":39275,"template":"","meta":[],"product_brand":[],"product_cat":[21542],"product_tag":[],"class_list":{"0":"post-154667","1":"product","2":"type-product","3":"status-publish","4":"has-post-thumbnail","6":"product_cat-sachbuecher-dokumentationen","7":"pa_autor-lama-klingler-hrsg-seiler-hrsg","8":"pa_erscheinungsjahr-21558","9":"pa_region-oesterreich","10":"pa_sprache-de","12":"first","13":"instock","14":"taxable","15":"shipping-taxable","16":"purchasable","17":"product-type-simple"},"_links":{"self":[{"href":"https:\/\/pizbube.ch\/en\/wp-json\/wp\/v2\/product\/154667","targetHints":{"allow":["GET"]}}],"collection":[{"href":"https:\/\/pizbube.ch\/en\/wp-json\/wp\/v2\/product"}],"about":[{"href":"https:\/\/pizbube.ch\/en\/wp-json\/wp\/v2\/types\/product"}],"wp:featuredmedia":[{"embeddable":true,"href":"https:\/\/pizbube.ch\/en\/wp-json\/wp\/v2\/media\/39275"}],"wp:attachment":[{"href":"https:\/\/pizbube.ch\/en\/wp-json\/wp\/v2\/media?parent=154667"}],"wp:term":[{"taxonomy":"product_brand","embeddable":true,"href":"https:\/\/pizbube.ch\/en\/wp-json\/wp\/v2\/product_brand?post=154667"},{"taxonomy":"product_cat","embeddable":true,"href":"https:\/\/pizbube.ch\/en\/wp-json\/wp\/v2\/product_cat?post=154667"},{"taxonomy":"product_tag","embeddable":true,"href":"https:\/\/pizbube.ch\/en\/wp-json\/wp\/v2\/product_tag?post=154667"}],"curies":[{"name":"wp","href":"https:\/\/api.w.org\/{rel}","templated":true}]}}