{"id":154668,"date":"2021-01-15T14:39:45","date_gmt":"2021-01-15T14:39:45","guid":{"rendered":"https:\/\/codengine3.ch\/?product=import-placeholder-for-205251"},"modified":"2025-07-10T16:28:02","modified_gmt":"2025-07-10T14:28:02","slug":"rotgelbes-felsenland","status":"publish","type":"product","link":"https:\/\/pizbube.ch\/en\/shop\/rotgelbes-felsenland\/","title":{"rendered":"Rotgelbes Felsenland"},"content":{"rendered":"<p>Sportklettern in Sachsen-Anhalt und Westsachsen!<\/p>\n<ul>\n<li>400 Seiten Kletterfreude!<\/li>\n<li>zahlreiche neue Klettersektoren und -routen<\/li>\n<li>eine durchgehend farbige Augenweide mit neuen Fotos<\/li>\n<li>mit vielen Klettergebieten, wie L\u00f6bej\u00fcn, Hohburger Berge, Leipziger Kletterschule, Muldetal usw.<\/li>\n<\/ul>\n<p>Das neue farbige Buch beschreibt alle Kletterm\u00f6glichkeiten zwischen <strong>Magdeburg, Halle, Leipzig<\/strong> und <strong>Grimma<\/strong> und macht Lust auf eine Entdeckungstour im Land von Saale, Elster und Mulde. Die Wunderwelt der Steinbruchfelsen mit ihren farbigen W\u00e4nden bietet Klettern in allen Facetten: von der kurzen Boulderroute bis zur 50-Meter-Tour.\u00a0 Und das alles bei optimaler Familieneignung: Alle Zustieg unter 5 Minuten und immer eine Picknickwiese am Ort. Als Special werden alle<strong> Klettert\u00fcrme<\/strong> der Region von <strong>Magdeburg <\/strong>bis <strong>Wippra<\/strong> vorgestellt und das Kletterhallenkapitel weist uns den Weg in der Indoorsaison.<\/p>\n<p>&nbsp;<\/p>","protected":false},"excerpt":{"rendered":"<p>Sportklettern in Sachsen-Anhalt und Westsachsen! 400 Seiten Kletterfreude! zahlreiche neue Klettersektoren und -routen eine durchgehend farbige Augenweide mit neuen Fotos mit vielen Klettergebieten, wie L\u00f6bej\u00fcn, Hohburger Berge, Leipziger Kletterschule, Muldetal usw. Das neue farbige Buch beschreibt alle Kletterm\u00f6glichkeiten zwischen Magdeburg, Halle, Leipzig und Grimma und macht Lust auf eine Entdeckungstour im Land von Saale, Elster [&#8230;]\n","protected":false},"featured_media":180431,"template":"","meta":[],"product_brand":[],"product_cat":[21539],"product_tag":[],"class_list":{"0":"post-154668","1":"product","2":"type-product","3":"status-publish","4":"has-post-thumbnail","6":"product_cat-fuehrerliteratur-sportklettern-bouldern","7":"pa_autor-krug","8":"pa_erscheinungsjahr-25440","9":"pa_region-deutschland","10":"pa_sprache-de","12":"first","13":"onbackorder","14":"taxable","15":"shipping-taxable","16":"purchasable","17":"product-type-simple"},"_links":{"self":[{"href":"https:\/\/pizbube.ch\/en\/wp-json\/wp\/v2\/product\/154668","targetHints":{"allow":["GET"]}}],"collection":[{"href":"https:\/\/pizbube.ch\/en\/wp-json\/wp\/v2\/product"}],"about":[{"href":"https:\/\/pizbube.ch\/en\/wp-json\/wp\/v2\/types\/product"}],"wp:featuredmedia":[{"embeddable":true,"href":"https:\/\/pizbube.ch\/en\/wp-json\/wp\/v2\/media\/180431"}],"wp:attachment":[{"href":"https:\/\/pizbube.ch\/en\/wp-json\/wp\/v2\/media?parent=154668"}],"wp:term":[{"taxonomy":"product_brand","embeddable":true,"href":"https:\/\/pizbube.ch\/en\/wp-json\/wp\/v2\/product_brand?post=154668"},{"taxonomy":"product_cat","embeddable":true,"href":"https:\/\/pizbube.ch\/en\/wp-json\/wp\/v2\/product_cat?post=154668"},{"taxonomy":"product_tag","embeddable":true,"href":"https:\/\/pizbube.ch\/en\/wp-json\/wp\/v2\/product_tag?post=154668"}],"curies":[{"name":"wp","href":"https:\/\/api.w.org\/{rel}","templated":true}]}}