{"id":154672,"date":"2021-01-15T14:39:58","date_gmt":"2021-01-15T14:39:58","guid":{"rendered":"https:\/\/codengine3.ch\/?product=import-placeholder-for-205272"},"modified":"2024-07-11T11:01:13","modified_gmt":"2024-07-11T09:01:13","slug":"highlights-ost-wanderland-schweiz-band-9","status":"publish","type":"product","link":"https:\/\/pizbube.ch\/en\/shop\/highlights-ost-wanderland-schweiz-band-9\/","title":{"rendered":"Highlights Ost Wanderland Schweiz Band 9"},"content":{"rendered":"<p>Die 18 sch\u00f6nsten regionalen Routen f\u00fchren in 2 bis 9 Etappen vom<br \/>\nschaffhausischen Klettgau \u00fcber das Appenzellerland, St. Gallen, Glarus,<br \/>\nGraub\u00fcnden, die Zentralschweiz bis ins Tessin. Sonnige Terassen, einsame<br \/>\nT\u00e4ler, eindr\u00fcckliche Moorlandschaften, aussichtsreiche H\u00f6henwege wechseln sich<br \/>\nab und erschliessen kulturelle und geschichtliche Entdeckungen.<\/p>\n<p>176 Seiten; Farbfotos, Karten und H\u00f6henprofile<\/p>","protected":false},"excerpt":{"rendered":"<p>Die 18 sch\u00f6nsten regionalen Routen f\u00fchren in 2 bis 9 Etappen vom schaffhausischen Klettgau \u00fcber das Appenzellerland, St. Gallen, Glarus, Graub\u00fcnden, die Zentralschweiz bis ins Tessin. Sonnige Terassen, einsame T\u00e4ler, eindr\u00fcckliche Moorlandschaften, aussichtsreiche H\u00f6henwege wechseln sich ab und erschliessen kulturelle und geschichtliche Entdeckungen. 176 Seiten; Farbfotos, Karten und H\u00f6henprofile<\/p>","protected":false},"featured_media":33936,"template":"","meta":[],"product_brand":[],"product_cat":[21605],"product_tag":[],"class_list":{"0":"post-154672","1":"product","2":"type-product","3":"status-publish","4":"has-post-thumbnail","6":"product_cat-wanderfuehrer-trekking","7":"pa_autor-coulin","8":"pa_erscheinungsjahr-21591","9":"pa_region-schweiz","10":"pa_sprache-de","12":"first","13":"outofstock","14":"taxable","15":"shipping-taxable","16":"purchasable","17":"product-type-simple"},"_links":{"self":[{"href":"https:\/\/pizbube.ch\/en\/wp-json\/wp\/v2\/product\/154672","targetHints":{"allow":["GET"]}}],"collection":[{"href":"https:\/\/pizbube.ch\/en\/wp-json\/wp\/v2\/product"}],"about":[{"href":"https:\/\/pizbube.ch\/en\/wp-json\/wp\/v2\/types\/product"}],"wp:featuredmedia":[{"embeddable":true,"href":"https:\/\/pizbube.ch\/en\/wp-json\/wp\/v2\/media\/33936"}],"wp:attachment":[{"href":"https:\/\/pizbube.ch\/en\/wp-json\/wp\/v2\/media?parent=154672"}],"wp:term":[{"taxonomy":"product_brand","embeddable":true,"href":"https:\/\/pizbube.ch\/en\/wp-json\/wp\/v2\/product_brand?post=154672"},{"taxonomy":"product_cat","embeddable":true,"href":"https:\/\/pizbube.ch\/en\/wp-json\/wp\/v2\/product_cat?post=154672"},{"taxonomy":"product_tag","embeddable":true,"href":"https:\/\/pizbube.ch\/en\/wp-json\/wp\/v2\/product_tag?post=154672"}],"curies":[{"name":"wp","href":"https:\/\/api.w.org\/{rel}","templated":true}]}}