{"id":154674,"date":"2021-01-15T14:39:58","date_gmt":"2021-01-15T14:39:58","guid":{"rendered":"https:\/\/codengine3.ch\/?product=import-placeholder-for-205792"},"modified":"2021-05-19T12:28:21","modified_gmt":"2021-05-19T10:28:21","slug":"toni-hiebeler","status":"publish","type":"product","link":"https:\/\/pizbube.ch\/en\/shop\/toni-hiebeler\/","title":{"rendered":"Toni Hiebeler"},"content":{"rendered":"<p>Kreativ, kritisch und vision\u00e4r.<\/p>\n<p>Toni Hiebeler wuchs in Vorarlberg auf und ging schon als Jugendlicher in die<br \/>\nBerge. Die Felsw\u00e4nde des R\u00e4tikons wurden ihm Kletterschule, und<br \/>\nebendort er\u00f6ffnete er sp\u00e4ter hochkar\u00e4tige Erstbegehungen. Mit Uli Wyss fand er<br \/>\nseinen Seilzweiten, ein &#8218;Dreamteam&#8216;, das w\u00e4hrend eines Bergsommers die<br \/>\nschwersten Routen alpenweit meisterte.<\/p>\n<p>Seine wenn n\u00f6tig kritische Haltung liess die Szene bald aufhorchen. Toni galt<br \/>\nrasch als einer, der sich einmischte.<br \/>\n1961 gl\u00fcckte die erste Winterdurchsteigung der Eiger-Nordwand. Seine<br \/>\nnoch gr\u00f6ssere Leistung war die erste Winterbegehung der &#8218;Solleder&#8216;<br \/>\nan der Civetta-Nordwestwand 1963. Im gleichen Jahr gr\u00fcndete Hiebeler<br \/>\nden international ausgerichteten &#8218;Alpinismus&#8216;, der bald den Ruf der<br \/>\nbesten deutschsprachigen Bergsteigerzeitschrift innehatte. Es gab nie<br \/>\neine, die den &#8218;Alpinismus&#8216; \u00fcbertroffen h\u00e4tte, genauso wenig, wie<br \/>\nes nie einen besseren Alpinjournalisten als Toni Hiebeler gab.<br \/>\nEr verfasste \u00fcber 30 B\u00fccher inklusive des wertvollen &#8218;Lexikon der<br \/>\nAlpen&#8216;, fotografierte meisterhaft, hielt exzellente Vortr\u00e4ge,<br \/>\nentwickelte Ausr\u00fcstung und gab dem Bergsteigen immer wieder<br \/>\nneue Impulse.<\/p>\n<p>Farb. Abb.. 272 S.<\/p>","protected":false},"excerpt":{"rendered":"<p>Kreativ, kritisch und vision\u00e4r. Toni Hiebeler wuchs in Vorarlberg auf und ging schon als Jugendlicher in die Berge. Die Felsw\u00e4nde des R\u00e4tikons wurden ihm Kletterschule, und ebendort er\u00f6ffnete er sp\u00e4ter hochkar\u00e4tige Erstbegehungen. Mit Uli Wyss fand er seinen Seilzweiten, ein &#8218;Dreamteam&#8216;, das w\u00e4hrend eines Bergsommers die schwersten Routen alpenweit meisterte. Seine wenn n\u00f6tig kritische Haltung [&#8230;]\n","protected":false},"featured_media":34613,"template":"","meta":[],"product_brand":[],"product_cat":[21542],"product_tag":[],"class_list":{"0":"post-154674","1":"product","2":"type-product","3":"status-publish","4":"has-post-thumbnail","6":"product_cat-sachbuecher-dokumentationen","7":"pa_autor-hoefler","8":"pa_erscheinungsjahr-21693","9":"pa_region-deutschland","10":"pa_sprache-de","12":"first","13":"instock","14":"taxable","15":"shipping-taxable","16":"purchasable","17":"product-type-simple"},"_links":{"self":[{"href":"https:\/\/pizbube.ch\/en\/wp-json\/wp\/v2\/product\/154674","targetHints":{"allow":["GET"]}}],"collection":[{"href":"https:\/\/pizbube.ch\/en\/wp-json\/wp\/v2\/product"}],"about":[{"href":"https:\/\/pizbube.ch\/en\/wp-json\/wp\/v2\/types\/product"}],"wp:featuredmedia":[{"embeddable":true,"href":"https:\/\/pizbube.ch\/en\/wp-json\/wp\/v2\/media\/34613"}],"wp:attachment":[{"href":"https:\/\/pizbube.ch\/en\/wp-json\/wp\/v2\/media?parent=154674"}],"wp:term":[{"taxonomy":"product_brand","embeddable":true,"href":"https:\/\/pizbube.ch\/en\/wp-json\/wp\/v2\/product_brand?post=154674"},{"taxonomy":"product_cat","embeddable":true,"href":"https:\/\/pizbube.ch\/en\/wp-json\/wp\/v2\/product_cat?post=154674"},{"taxonomy":"product_tag","embeddable":true,"href":"https:\/\/pizbube.ch\/en\/wp-json\/wp\/v2\/product_tag?post=154674"}],"curies":[{"name":"wp","href":"https:\/\/api.w.org\/{rel}","templated":true}]}}