{"id":154675,"date":"2021-01-15T14:40:06","date_gmt":"2021-01-15T14:40:06","guid":{"rendered":"https:\/\/codengine3.ch\/?product=import-placeholder-for-206452"},"modified":"2021-01-15T14:49:02","modified_gmt":"2021-01-15T14:49:02","slug":"blattform-fuer-schnee-und-lawinen-09-10","status":"publish","type":"product","link":"https:\/\/pizbube.ch\/en\/shop\/blattform-fuer-schnee-und-lawinen-09-10\/","title":{"rendered":"(blatt)form f\u00fcr schnee und lawinen 09\/10"},"content":{"rendered":"<p>(blatt)form schnee und lawinen 09\/10  <\/p>\n<p>aufbauend auf der im Herbst 2009 erstmals vom Tiroler Lawinenwarndienst<br \/>\npr\u00e4sentierten &#8218;(blatt)form schnee und lawinen&#8216; gibt es nun ein<br \/>\nGemeinschaftswerk aller \u00f6sterreichischen Lawinenwarndienste. Lehrreich und<br \/>\nspannend l\u00e4sst man darin nochmals den Winter 09\/10 Revue passieren: Ein &#8218;Muss&#8216;<br \/>\nf\u00fcr jeden ambitionierten Wintersportler, der sich au\u00dferhalb der gesicherten<br \/>\nPisten aufh\u00e4lt und seinen Horizont \u00fcber Schnee und Lawinen erweitern m\u00f6chte:<br \/>\nHervorragend u.a. die toll aufbereiteten t\u00f6dlichen Lawinenunf\u00e4lle, aber auch<br \/>\ndie qualititativ hochwertigen Fachbeitr\u00e4ge. Nicht umsonst wird die<br \/>\n&#8218;(blatt)form schnee und lawinen&#8216; als Lehrbehelf der (Tiroler)<br \/>\nLawinenkommissionsausbildung verwendet.  <\/p>","protected":false},"excerpt":{"rendered":"<p>(blatt)form schnee und lawinen 09\/10 aufbauend auf der im Herbst 2009 erstmals vom Tiroler Lawinenwarndienst pr\u00e4sentierten &#8218;(blatt)form schnee und lawinen&#8216; gibt es nun ein Gemeinschaftswerk aller \u00f6sterreichischen Lawinenwarndienste. Lehrreich und spannend l\u00e4sst man darin nochmals den Winter 09\/10 Revue passieren: Ein &#8218;Muss&#8216; f\u00fcr jeden ambitionierten Wintersportler, der sich au\u00dferhalb der gesicherten Pisten aufh\u00e4lt und seinen [&#8230;]\n","protected":false},"featured_media":35497,"template":"","meta":[],"product_brand":[],"product_cat":[21542],"product_tag":[],"class_list":{"0":"post-154675","1":"product","2":"type-product","3":"status-publish","4":"has-post-thumbnail","6":"product_cat-sachbuecher-dokumentationen","7":"pa_autor-mair-oeav","8":"pa_erscheinungsjahr-21610","9":"pa_region-alpin-winter","10":"pa_sprache-de","12":"first","13":"instock","14":"taxable","15":"shipping-taxable","16":"purchasable","17":"product-type-simple"},"_links":{"self":[{"href":"https:\/\/pizbube.ch\/en\/wp-json\/wp\/v2\/product\/154675","targetHints":{"allow":["GET"]}}],"collection":[{"href":"https:\/\/pizbube.ch\/en\/wp-json\/wp\/v2\/product"}],"about":[{"href":"https:\/\/pizbube.ch\/en\/wp-json\/wp\/v2\/types\/product"}],"wp:featuredmedia":[{"embeddable":true,"href":"https:\/\/pizbube.ch\/en\/wp-json\/wp\/v2\/media\/35497"}],"wp:attachment":[{"href":"https:\/\/pizbube.ch\/en\/wp-json\/wp\/v2\/media?parent=154675"}],"wp:term":[{"taxonomy":"product_brand","embeddable":true,"href":"https:\/\/pizbube.ch\/en\/wp-json\/wp\/v2\/product_brand?post=154675"},{"taxonomy":"product_cat","embeddable":true,"href":"https:\/\/pizbube.ch\/en\/wp-json\/wp\/v2\/product_cat?post=154675"},{"taxonomy":"product_tag","embeddable":true,"href":"https:\/\/pizbube.ch\/en\/wp-json\/wp\/v2\/product_tag?post=154675"}],"curies":[{"name":"wp","href":"https:\/\/api.w.org\/{rel}","templated":true}]}}