{"id":154676,"date":"2021-01-15T14:40:06","date_gmt":"2021-01-15T14:40:06","guid":{"rendered":"https:\/\/codengine3.ch\/?product=import-placeholder-for-207357"},"modified":"2025-01-15T09:41:12","modified_gmt":"2025-01-15T08:41:12","slug":"gipfelkreuze-traeume-triumphe-tragoedien","status":"publish","type":"product","link":"https:\/\/pizbube.ch\/en\/shop\/gipfelkreuze-traeume-triumphe-tragoedien\/","title":{"rendered":"Gipfelkreuze &#8211; Tr\u00e4ume, Triumphe, Trag\u00f6dien"},"content":{"rendered":"<p>Die 100 faszinierendsten Gipfelkreuze der Alpen und ihre Geschichten<br \/>\nGipfelkreuze aus einer ganz neuen Perspektive<\/p>\n<p>F\u00fcr den Corno di Cavento in Norditalien, wo vor 100 Jahren ein Gebirgskrieg<br \/>\ntobte, baut Giovanni Pellizzari ein Gedenkkreuz aus Eisenstangen und<br \/>\nStacheldraht, ziert die Arme mit jeweils einem Soldatenhelm &#8211; und l\u00e4sst im<br \/>\nWind eine Glocke schwingen, deren Kl\u00f6ppel ein Projektil von einst ist. F\u00fcr die<br \/>\nSch\u00f6nfeldspitze in \u00d6sterreich erschafft Anton Thuswaldner aus Kaprun eine<br \/>\nNachbildung der &#171;Piet\u00e0&#187; von Michelangelo. Im S\u00fcdtiroler Gr\u00f6dnertal \u00fcberwirft<br \/>\nsich Ivan Lardschneider mit fast dem ganzen Dorf Wolkenstein, weil er f\u00fcr ein<br \/>\nKreuz auf dem Piz Miara mit dem traditionellen Stil der heimischen<br \/>\nHolzschnitzer bricht.<\/p>\n<p>In den Gipfelkreuzen der Alpen stecken oft menschliche Dramen, der Leser folgt<br \/>\nihnen Schritt f\u00fcr Schritt. Auf dem sturmumtosten Rophaien am Urner See<br \/>\nscheitern M\u00e4nner aus Fl\u00fcelen 2017 mit dem lebensgef\u00e4hrlichen Versuch, am<br \/>\nSchweizer Nationalfeiertag das Monument durch die Nacht leuchten zu lassen.<br \/>\nAuf dem Langkofel in den Dolomiten wird Bergf\u00fchrer Toni Demetz 1952 vom Blitz<br \/>\ngetroffen; sein Vater, der ihn retten will, findet ihn leblos im Schnee, die<br \/>\nAugen starr zum Himmel gerichtet &#8211; zwei Jahre danach kniet Johannes Demetz<br \/>\ngebrochen vor einem Kreuz f\u00fcr seinen toten Sohn.<\/p>\n<p>Der Leser streift durch 200 Jahre europ\u00e4ische Geschichte. Er trifft auf<br \/>\nFiguren, die mit Gipfelkreuzen politische Signale senden. Erzherzog Johann<br \/>\nmacht 1823 die Weihe des Erzberg-Kreuzes in der Steiermark zu einer<br \/>\nglanzvollen Wallfahrt, um die Leute f\u00fcr seine Reformideen zu gewinnen. Papst<br \/>\nLeo XIII. l\u00e4sst 1901 auf dem Monte Musin\u00e8 westlich von Turin ein Monument<br \/>\nerrichten, das an den legend\u00e4ren Sieg des r\u00f6mischen Kaisers Konstantin &#171;im<br \/>\nZeichen des Kreuzes&#187; erinnert &#8211; der Pontifex will Italiens Berge mit<br \/>\nchristlichen Symbolen besetzen. Der Gemeinderat von Wackersberg in Oberbayern<br \/>\nl\u00e4sst, vom Nazi-Taumel erfasst, 1933 auf dem Heigelkopf ein Hakenkreuz<br \/>\naufstellen &#8211; der unselige Name &#171;Hitlerberg&#187; geistert bis heute durch das<br \/>\nInternet.<\/p>\n<p>Die 100 Kapitel, die Hans-Joachim L\u00f6wer recherchierte, sind alle im Pr\u00e4sens<br \/>\ngeschrieben, selbst wenn sie tief in der Vergangenheit spielen. Nie zuvor hat<br \/>\nein Buch so zeitnah und umfassend beschrieben, welche Schicksale und Gedanken<br \/>\nin den Gipfelkreuzen der Alpen stecken.<\/p>\n<p>1. Auflage; Hardcover<br \/>\n352 Seiten; 200 Farbfotos, 2 Karten; 266 mm x 218 mm<\/p>","protected":false},"excerpt":{"rendered":"<p>Die 100 faszinierendsten Gipfelkreuze der Alpen und ihre Geschichten Gipfelkreuze aus einer ganz neuen Perspektive F\u00fcr den Corno di Cavento in Norditalien, wo vor 100 Jahren ein Gebirgskrieg tobte, baut Giovanni Pellizzari ein Gedenkkreuz aus Eisenstangen und Stacheldraht, ziert die Arme mit jeweils einem Soldatenhelm &#8211; und l\u00e4sst im Wind eine Glocke schwingen, deren Kl\u00f6ppel [&#8230;]\n","protected":false},"featured_media":37210,"template":"","meta":[],"product_brand":[],"product_cat":[21542],"product_tag":[],"class_list":{"0":"post-154676","1":"product","2":"type-product","3":"status-publish","4":"has-post-thumbnail","6":"product_cat-sachbuecher-dokumentationen","7":"pa_autor-loewer","8":"pa_erscheinungsjahr-21586","9":"pa_region-oesterreich","10":"pa_sprache-de","12":"first","13":"instock","14":"taxable","15":"shipping-taxable","16":"purchasable","17":"product-type-simple"},"_links":{"self":[{"href":"https:\/\/pizbube.ch\/en\/wp-json\/wp\/v2\/product\/154676","targetHints":{"allow":["GET"]}}],"collection":[{"href":"https:\/\/pizbube.ch\/en\/wp-json\/wp\/v2\/product"}],"about":[{"href":"https:\/\/pizbube.ch\/en\/wp-json\/wp\/v2\/types\/product"}],"wp:featuredmedia":[{"embeddable":true,"href":"https:\/\/pizbube.ch\/en\/wp-json\/wp\/v2\/media\/37210"}],"wp:attachment":[{"href":"https:\/\/pizbube.ch\/en\/wp-json\/wp\/v2\/media?parent=154676"}],"wp:term":[{"taxonomy":"product_brand","embeddable":true,"href":"https:\/\/pizbube.ch\/en\/wp-json\/wp\/v2\/product_brand?post=154676"},{"taxonomy":"product_cat","embeddable":true,"href":"https:\/\/pizbube.ch\/en\/wp-json\/wp\/v2\/product_cat?post=154676"},{"taxonomy":"product_tag","embeddable":true,"href":"https:\/\/pizbube.ch\/en\/wp-json\/wp\/v2\/product_tag?post=154676"}],"curies":[{"name":"wp","href":"https:\/\/api.w.org\/{rel}","templated":true}]}}