{"id":154678,"date":"2021-01-15T14:40:12","date_gmt":"2021-01-15T14:40:12","guid":{"rendered":"https:\/\/codengine3.ch\/?product=import-placeholder-for-205403"},"modified":"2025-02-12T18:04:22","modified_gmt":"2025-02-12T17:04:22","slug":"gipfel-der-goetter-4","status":"publish","type":"product","link":"https:\/\/pizbube.ch\/en\/shop\/gipfel-der-goetter-4\/","title":{"rendered":"Gipfel der G\u00f6tter 4"},"content":{"rendered":"<p>Acht Jahre lang hat sich Habu Yoshi auf seinen Alleingang auf den Everest \u00fcber<br \/>\ndie S\u00fcdwestflanke im Winter und ohne Sauerstoff vorbereitet. Er hat die Route<br \/>\nbis ins kleinste Detail geplant, die Wetterverh\u00e4ltnisse am Berg studiert, an<br \/>\nder Ausr\u00fcstung herumget\u00fcftelt. Habu wei\u00df, mit welchem Fu\u00df er in eine Wand<br \/>\neinsteigt, und mit welchem Fu\u00df er oben ankommt. Jetzt ist es soweit.<\/p>\n<p>Der Fotograf Fukamachi Makoto hat immer wieder Habus N\u00e4he gesucht und es<br \/>\ntats\u00e4chlich erreicht, dass der ihm gestattet, Aufnahmen von seinem<br \/>\nGipfelversuch zu machen. Doch unter einer Bedingung: Jenseits des Basiscamps<br \/>\ntreten wir nicht mehr in Kontakt. Und damit das ganz klar ist, setzt Habu<br \/>\nhinzu: `Glaub ja nicht, dass ich dir helfe, wenn du in Schwierigkeiten<br \/>\nger\u00e4tst. Und du k\u00fcmmerst dich nicht um mich, wenn ich vor einer vereisten Wand<br \/>\nim Seil h\u00e4nge.`<\/p>","protected":false},"excerpt":{"rendered":"<p>Acht Jahre lang hat sich Habu Yoshi auf seinen Alleingang auf den Everest \u00fcber die S\u00fcdwestflanke im Winter und ohne Sauerstoff vorbereitet. Er hat die Route bis ins kleinste Detail geplant, die Wetterverh\u00e4ltnisse am Berg studiert, an der Ausr\u00fcstung herumget\u00fcftelt. Habu wei\u00df, mit welchem Fu\u00df er in eine Wand einsteigt, und mit welchem Fu\u00df er [&#8230;]\n","protected":false},"featured_media":34097,"template":"","meta":[],"product_brand":[],"product_cat":[21881],"product_tag":[],"class_list":{"0":"post-154678","1":"product","2":"type-product","3":"status-publish","4":"has-post-thumbnail","6":"product_cat-comics","7":"pa_autor-taniguchi-yumemakura","8":"pa_erscheinungsjahr-21591","9":"pa_region-asien","10":"pa_sprache-de","12":"first","13":"outofstock","14":"taxable","15":"shipping-taxable","16":"purchasable","17":"product-type-simple"},"_links":{"self":[{"href":"https:\/\/pizbube.ch\/en\/wp-json\/wp\/v2\/product\/154678","targetHints":{"allow":["GET"]}}],"collection":[{"href":"https:\/\/pizbube.ch\/en\/wp-json\/wp\/v2\/product"}],"about":[{"href":"https:\/\/pizbube.ch\/en\/wp-json\/wp\/v2\/types\/product"}],"wp:featuredmedia":[{"embeddable":true,"href":"https:\/\/pizbube.ch\/en\/wp-json\/wp\/v2\/media\/34097"}],"wp:attachment":[{"href":"https:\/\/pizbube.ch\/en\/wp-json\/wp\/v2\/media?parent=154678"}],"wp:term":[{"taxonomy":"product_brand","embeddable":true,"href":"https:\/\/pizbube.ch\/en\/wp-json\/wp\/v2\/product_brand?post=154678"},{"taxonomy":"product_cat","embeddable":true,"href":"https:\/\/pizbube.ch\/en\/wp-json\/wp\/v2\/product_cat?post=154678"},{"taxonomy":"product_tag","embeddable":true,"href":"https:\/\/pizbube.ch\/en\/wp-json\/wp\/v2\/product_tag?post=154678"}],"curies":[{"name":"wp","href":"https:\/\/api.w.org\/{rel}","templated":true}]}}