{"id":154679,"date":"2021-01-15T14:40:12","date_gmt":"2021-01-15T14:40:12","guid":{"rendered":"https:\/\/codengine3.ch\/?product=import-placeholder-for-205546"},"modified":"2025-02-12T18:03:43","modified_gmt":"2025-02-12T17:03:43","slug":"gipfel-der-goetter-5","status":"publish","type":"product","link":"https:\/\/pizbube.ch\/en\/shop\/gipfel-der-goetter-5\/","title":{"rendered":"Gipfel der G\u00f6tter 5"},"content":{"rendered":"<p>Der Fotograf Fukamachi folgt Habu von Weitem mit der Kamera auf dessen<br \/>\nspektakul\u00e4rem Alleingang auf den Everest. Vor der letzten Etappe muss<br \/>\nFukamachi ihn verlassen. Zusammen mit dem Sherpa Ang Tshering wartet er im<br \/>\nBasislager, w\u00e4hrend Habu wegen eines pl\u00f6tzlichen Wetterumschwungs auf \u00fcber<br \/>\n8000m festsitzt&#8230;<\/p>","protected":false},"excerpt":{"rendered":"<p>Der Fotograf Fukamachi folgt Habu von Weitem mit der Kamera auf dessen spektakul\u00e4rem Alleingang auf den Everest. Vor der letzten Etappe muss Fukamachi ihn verlassen. Zusammen mit dem Sherpa Ang Tshering wartet er im Basislager, w\u00e4hrend Habu wegen eines pl\u00f6tzlichen Wetterumschwungs auf \u00fcber 8000m festsitzt&#8230;<\/p>","protected":false},"featured_media":34290,"template":"","meta":[],"product_brand":[],"product_cat":[21881],"product_tag":[],"class_list":{"0":"post-154679","1":"product","2":"type-product","3":"status-publish","4":"has-post-thumbnail","6":"product_cat-comics","7":"pa_autor-taniguchi-yumemakura","8":"pa_erscheinungsjahr-21591","9":"pa_region-asien","10":"pa_sprache-de","12":"first","13":"onbackorder","14":"taxable","15":"shipping-taxable","16":"purchasable","17":"product-type-simple"},"_links":{"self":[{"href":"https:\/\/pizbube.ch\/en\/wp-json\/wp\/v2\/product\/154679","targetHints":{"allow":["GET"]}}],"collection":[{"href":"https:\/\/pizbube.ch\/en\/wp-json\/wp\/v2\/product"}],"about":[{"href":"https:\/\/pizbube.ch\/en\/wp-json\/wp\/v2\/types\/product"}],"wp:featuredmedia":[{"embeddable":true,"href":"https:\/\/pizbube.ch\/en\/wp-json\/wp\/v2\/media\/34290"}],"wp:attachment":[{"href":"https:\/\/pizbube.ch\/en\/wp-json\/wp\/v2\/media?parent=154679"}],"wp:term":[{"taxonomy":"product_brand","embeddable":true,"href":"https:\/\/pizbube.ch\/en\/wp-json\/wp\/v2\/product_brand?post=154679"},{"taxonomy":"product_cat","embeddable":true,"href":"https:\/\/pizbube.ch\/en\/wp-json\/wp\/v2\/product_cat?post=154679"},{"taxonomy":"product_tag","embeddable":true,"href":"https:\/\/pizbube.ch\/en\/wp-json\/wp\/v2\/product_tag?post=154679"}],"curies":[{"name":"wp","href":"https:\/\/api.w.org\/{rel}","templated":true}]}}