{"id":154680,"date":"2021-01-15T14:40:12","date_gmt":"2021-01-15T14:40:12","guid":{"rendered":"https:\/\/codengine3.ch\/?product=import-placeholder-for-205313"},"modified":"2021-01-15T14:40:16","modified_gmt":"2021-01-15T14:40:16","slug":"gipfel-der-goetter-2","status":"publish","type":"product","link":"https:\/\/pizbube.ch\/en\/shop\/gipfel-der-goetter-2\/","title":{"rendered":"Gipfel der G\u00f6tter 2"},"content":{"rendered":"<p>Bei seinen Recherchen nach der Herkunft des r\u00e4tselhaften alten Fotoapparats<br \/>\nn\u00e4hert Fukamachi Makoto sich immer mehr dem mysteri\u00f6sen Habu Yoshi.<br \/>\nWer ist dieser eigensinnige Alpinist mit den legend\u00e4ren Erfolgen? Wie kam er<br \/>\nan die Kamera, die wahrscheinlich dem am Everest verschollenen George Mallory<br \/>\ngeh\u00f6rte? Und wer ist der alte Sherpa, der Habu nicht von der Seite weicht?  <\/p>\n<p>Fukamachi erf\u00e4hrt von Habus Abst\u00fcrzen am Berg, vom tragischen Ende der<br \/>\nRivalit\u00e4t mit dem weltber\u00fchmten Alpinisten Hase Tsuneo, und dass der unter<br \/>\nHabus F\u00fchrung verungl\u00fcckte junge Kishi eine sch\u00f6ne Schwester namens Ryoko hat?<\/p>","protected":false},"excerpt":{"rendered":"<p>Bei seinen Recherchen nach der Herkunft des r\u00e4tselhaften alten Fotoapparats n\u00e4hert Fukamachi Makoto sich immer mehr dem mysteri\u00f6sen Habu Yoshi. Wer ist dieser eigensinnige Alpinist mit den legend\u00e4ren Erfolgen? Wie kam er an die Kamera, die wahrscheinlich dem am Everest verschollenen George Mallory geh\u00f6rte? Und wer ist der alte Sherpa, der Habu nicht von der [&#8230;]\n","protected":false},"featured_media":33984,"template":"","meta":[],"product_brand":[],"product_cat":[21881],"product_tag":[],"class_list":{"0":"post-154680","1":"product","2":"type-product","3":"status-publish","4":"has-post-thumbnail","6":"product_cat-comics","7":"pa_autor-taniguchi-yumemakura","8":"pa_erscheinungsjahr-21842","9":"pa_region-deutschland","10":"pa_sprache-de","12":"first","13":"instock","14":"taxable","15":"shipping-taxable","16":"purchasable","17":"product-type-simple"},"_links":{"self":[{"href":"https:\/\/pizbube.ch\/en\/wp-json\/wp\/v2\/product\/154680","targetHints":{"allow":["GET"]}}],"collection":[{"href":"https:\/\/pizbube.ch\/en\/wp-json\/wp\/v2\/product"}],"about":[{"href":"https:\/\/pizbube.ch\/en\/wp-json\/wp\/v2\/types\/product"}],"wp:featuredmedia":[{"embeddable":true,"href":"https:\/\/pizbube.ch\/en\/wp-json\/wp\/v2\/media\/33984"}],"wp:attachment":[{"href":"https:\/\/pizbube.ch\/en\/wp-json\/wp\/v2\/media?parent=154680"}],"wp:term":[{"taxonomy":"product_brand","embeddable":true,"href":"https:\/\/pizbube.ch\/en\/wp-json\/wp\/v2\/product_brand?post=154680"},{"taxonomy":"product_cat","embeddable":true,"href":"https:\/\/pizbube.ch\/en\/wp-json\/wp\/v2\/product_cat?post=154680"},{"taxonomy":"product_tag","embeddable":true,"href":"https:\/\/pizbube.ch\/en\/wp-json\/wp\/v2\/product_tag?post=154680"}],"curies":[{"name":"wp","href":"https:\/\/api.w.org\/{rel}","templated":true}]}}