{"id":154682,"date":"2021-01-15T14:40:18","date_gmt":"2021-01-15T14:40:18","guid":{"rendered":"https:\/\/codengine3.ch\/?product=import-placeholder-for-207820"},"modified":"2023-08-08T18:56:12","modified_gmt":"2023-08-08T16:56:12","slug":"rother-jubilaeums-wanderfuehrer-alpen","status":"publish","type":"product","link":"https:\/\/pizbube.ch\/en\/shop\/rother-jubilaeums-wanderfuehrer-alpen\/","title":{"rendered":"Rother Jubil\u00e4ums-Wanderf\u00fchrer Alpen"},"content":{"rendered":"<p>100 Touren-Highlights &#8211; 100 Lieblingstouren von Rother-Autoren<\/p>\n<p>Der Rother Jubil\u00e4ums-Wanderf\u00fchrer Alpen versammelt in einem Band die 100<br \/>\nsch\u00f6nsten Touren im gesamten Alpenbogen. Ob erfahrener Bergsteiger oder<br \/>\nGenusswanderer \u2013 dieses Buch hat f\u00fcr jedes K\u00f6nnen und jeden Geschmack etwas zu<br \/>\nbieten: Von leichten Wanderungen im Tal oder hinauf zu Almen bis hin zu<br \/>\nschwei\u00dftreibenden Gipfelbesteigungen ist alles dabei.<\/p>\n<p>Im S\u00fcden spannt sich der Bogen von den franz\u00f6sischen Seealpen \u00fcber den Comer<br \/>\nSee in Italien und das Tessin in der Schweiz bis zu den Dolomiten, den<br \/>\nGardaseebergen und den Julischen Alpen. Hoch hinaus geht es schlie\u00dflich in den<br \/>\nZentralalpen: Namhafte Gebirgsregionen sind die \u00d6tztaler, Stubaier oder<br \/>\nZillertaler Alpen, die Hohen Tauern oder das Gasteinertal \u2013 auch<br \/>\nGenusswanderer kommen hier nicht zu kurz. N\u00f6rdlich des Alpenhauptkamms geht es<br \/>\ndann vom Bodensee und vom Allg\u00e4u \u00fcber die Zugspitze bis nach Wien. Die Auswahl<br \/>\nder 100 Touren des Rother Jubil\u00e4ums-Wanderf\u00fchrers Alpen reicht von beliebten<br \/>\nKlassikern bis hin zu wenig begangenen Geheimtipps!<\/p>\n<p>Jeder Tourenvorschlag enth\u00e4lt eine ausf\u00fchrliche Routenbeschreibung, einen<br \/>\ndetaillierten Kartenausschnitt mit eingezeichnetem Wegverlauf und ein<br \/>\naussagekr\u00e4ftiges H\u00f6henprofil. Eine \u00fcbersichtliche Kurzinfo informiert bei<br \/>\njeder Tour \u00fcber die Anforderungen, den Ausgangspunkt, Einkehrm\u00f6glichkeiten,<br \/>\nVarianten und vieles mehr. GPS-Tracks stehen zum Download bereit.<\/p>\n<p>Zu seinem 100-j\u00e4hrigen Bestehen hat sich der Rother Bergverlag etwas<br \/>\nBesonderes einfallen lassen: Die Rother Jubil\u00e4ums-Wanderf\u00fchrer. In drei B\u00e4nden<br \/>\n\u2013 Deutschland, Alpen und Sonnenziele am Mittelmeer und Atlantik \u2013 pr\u00e4sentieren<br \/>\nRother-Autoren ihre jeweils 100 Lieblingstouren. Zum feierlichen Anlass<br \/>\nerscheinen die Sondereditionen nicht im gewohnten kleinen Format der roten<br \/>\nWanderf\u00fchrer, sondern in Jubil\u00e4umsgr\u00f6\u00dfe \u2013 zum Bl\u00e4ttern, Lesen und Schwelgen in<br \/>\nneuen Ideen. Als besonderes Extra gibt es die Touren kostenlos in der Rother<br \/>\nTouren App.<\/p>\n<p>1. Auflage 2020<br \/>\n296 Seiten mit 235 Farbabbildungen<br \/>\n100 H\u00f6henprofile, 100 Wanderk\u00e4rtchen im Ma\u00dfstab 1:50.000\/1:75.000, eine<br \/>\n\u00dcbersichtskarte, GPS-Tracks zum Download<\/p>","protected":false},"excerpt":{"rendered":"<ul>\n<li><a href=\"https:\/\/pizbube.ch\/wp-content\/uploads\/attachments\/a_026\/AA9A1E97B787384F0616B9F253FE4B6B.pdf\" target=\"_blank\" rel=\"noopener\">PDF: Wanderf\u00fchrer_Alpen_Inhalt<\/a><\/li>\n<\/ul>","protected":false},"featured_media":38533,"template":"","meta":[],"product_brand":[],"product_cat":[21605],"product_tag":[],"class_list":{"0":"post-154682","1":"product","2":"type-product","3":"status-publish","4":"has-post-thumbnail","6":"product_cat-wanderfuehrer-trekking","7":"pa_autor-schaeff","8":"pa_erscheinungsjahr-21558","9":"pa_region-schweiz","10":"pa_sprache-de","12":"first","13":"outofstock","14":"taxable","15":"shipping-taxable","16":"purchasable","17":"product-type-simple"},"_links":{"self":[{"href":"https:\/\/pizbube.ch\/en\/wp-json\/wp\/v2\/product\/154682","targetHints":{"allow":["GET"]}}],"collection":[{"href":"https:\/\/pizbube.ch\/en\/wp-json\/wp\/v2\/product"}],"about":[{"href":"https:\/\/pizbube.ch\/en\/wp-json\/wp\/v2\/types\/product"}],"wp:featuredmedia":[{"embeddable":true,"href":"https:\/\/pizbube.ch\/en\/wp-json\/wp\/v2\/media\/38533"}],"wp:attachment":[{"href":"https:\/\/pizbube.ch\/en\/wp-json\/wp\/v2\/media?parent=154682"}],"wp:term":[{"taxonomy":"product_brand","embeddable":true,"href":"https:\/\/pizbube.ch\/en\/wp-json\/wp\/v2\/product_brand?post=154682"},{"taxonomy":"product_cat","embeddable":true,"href":"https:\/\/pizbube.ch\/en\/wp-json\/wp\/v2\/product_cat?post=154682"},{"taxonomy":"product_tag","embeddable":true,"href":"https:\/\/pizbube.ch\/en\/wp-json\/wp\/v2\/product_tag?post=154682"}],"curies":[{"name":"wp","href":"https:\/\/api.w.org\/{rel}","templated":true}]}}