{"id":154683,"date":"2021-01-15T14:40:19","date_gmt":"2021-01-15T14:40:19","guid":{"rendered":"https:\/\/codengine3.ch\/?product=import-placeholder-for-206509"},"modified":"2021-01-15T14:49:28","modified_gmt":"2021-01-15T14:49:28","slug":"berge-2","status":"publish","type":"product","link":"https:\/\/pizbube.ch\/en\/shop\/berge-2\/","title":{"rendered":"Berge"},"content":{"rendered":"<p>Berge pr\u00e4gen Landschaften und das Leben von Pflanzen, Tieren und Menschen auf<br \/>\nbesondere Weise. Weil sie Vegetations- und Lebensr\u00e4ume auf extreme Art<br \/>\nbedingen, war der Blick der Menschen auf die Berge lange haupts\u00e4chlich von<br \/>\nAngst gepr\u00e4gt.  <\/p>\n<p>Sowohl durch ihre Verletzbarkeit wie auch durch ihre Best\u00e4ndigkeit und<br \/>\nUnverr\u00fcckbarkeit haben Berge die Menschen aber auch seit je fasziniert. Sie<br \/>\nwerden als Sitze von G\u00f6ttern und Geistern betrachtet. Als heilige Berge wie<br \/>\nOlymp, Elbrus oder Fuji verbinden sie Himmel und Erde und gelten als<br \/>\nMittelpunkt der Welt. Oft sind sie Orte religi\u00f6\u00adser Offenbarung und Vorbild<br \/>\nreligi\u00f6ser Bauwerke wie buddhistischer Stupas oder der Maya-Pyramiden.  <\/p>\n<p>Aber nicht nur in der religi\u00f6sen Symbolik sind sie bedeutsam, vielfach dienen<br \/>\nsie auch der nationalen und der regionalen Identifikation oder der weniger<br \/>\nzielgerichteten Verherrlichung einer mit unterschiedlichen Bedeutungen<br \/>\naufgeladenen Natur.  <\/p>","protected":false},"excerpt":{"rendered":"<p>Berge pr\u00e4gen Landschaften und das Leben von Pflanzen, Tieren und Menschen auf besondere Weise. Weil sie Vegetations- und Lebensr\u00e4ume auf extreme Art bedingen, war der Blick der Menschen auf die Berge lange haupts\u00e4chlich von Angst gepr\u00e4gt. Sowohl durch ihre Verletzbarkeit wie auch durch ihre Best\u00e4ndigkeit und Unverr\u00fcckbarkeit haben Berge die Menschen aber auch seit je [&#8230;]\n","protected":false},"featured_media":35561,"template":"","meta":[],"product_brand":[],"product_cat":[21580],"product_tag":[],"class_list":{"0":"post-154683","1":"product","2":"type-product","3":"status-publish","4":"has-post-thumbnail","6":"product_cat-kunst-kultur","7":"pa_autor-egli-tomkowiak-hg","8":"pa_erscheinungsjahr-21610","9":"pa_region-schweiz","10":"pa_sprache-de","12":"first","13":"instock","14":"taxable","15":"shipping-taxable","16":"purchasable","17":"product-type-simple"},"_links":{"self":[{"href":"https:\/\/pizbube.ch\/en\/wp-json\/wp\/v2\/product\/154683","targetHints":{"allow":["GET"]}}],"collection":[{"href":"https:\/\/pizbube.ch\/en\/wp-json\/wp\/v2\/product"}],"about":[{"href":"https:\/\/pizbube.ch\/en\/wp-json\/wp\/v2\/types\/product"}],"wp:featuredmedia":[{"embeddable":true,"href":"https:\/\/pizbube.ch\/en\/wp-json\/wp\/v2\/media\/35561"}],"wp:attachment":[{"href":"https:\/\/pizbube.ch\/en\/wp-json\/wp\/v2\/media?parent=154683"}],"wp:term":[{"taxonomy":"product_brand","embeddable":true,"href":"https:\/\/pizbube.ch\/en\/wp-json\/wp\/v2\/product_brand?post=154683"},{"taxonomy":"product_cat","embeddable":true,"href":"https:\/\/pizbube.ch\/en\/wp-json\/wp\/v2\/product_cat?post=154683"},{"taxonomy":"product_tag","embeddable":true,"href":"https:\/\/pizbube.ch\/en\/wp-json\/wp\/v2\/product_tag?post=154683"}],"curies":[{"name":"wp","href":"https:\/\/api.w.org\/{rel}","templated":true}]}}