{"id":154687,"date":"2021-01-15T14:40:44","date_gmt":"2021-01-15T14:40:44","guid":{"rendered":"https:\/\/codengine3.ch\/?product=import-placeholder-for-208037"},"modified":"2021-01-15T17:49:32","modified_gmt":"2021-01-15T17:49:32","slug":"vtopo-vtt-savoie-tome-2","status":"publish","type":"product","link":"https:\/\/pizbube.ch\/en\/shop\/vtopo-vtt-savoie-tome-2\/","title":{"rendered":"VTOPO VTT Savoie Tome 2"},"content":{"rendered":"<p>\nApr\u00e8s le Tome 1, sur la partie sud du d\u00e9partement de la Savoie, voici le Tome<br \/>\n2. R\u00e9dig\u00e9 \u00e9galement par Olivier de Smet, vous partirez \u00e0 la d\u00e9couverte de ces<br \/>\nterritoires fabuleux : Bauge, Albertville, Beaufortin, Tarentaise, Vanoise&#8230;<br \/>\nD\u00e9velopp\u00e9 selon une nouvelle maquette, ce VTOPO propose aussi en<br \/>\nt\u00e9l\u00e9chagerment sur le site internet VTOPO l\u2019ensemble des traces GPS des<br \/>\nparcours. Il est adapt\u00e9 \u00e0 toutes les pratiques : de la famille \u00e0 l\u2019expert.<\/p>\n<p>A noter une section sp\u00e9ciale V\u00e9lo de Montagne pour les chasseurs de sommets<br \/>\nainsi qu\u2019une section sp\u00e9ciale Station, qui reprend les stations \u00e9quip\u00e9es pour<br \/>\nle VTT ainsi que les trac\u00e9s balis\u00e9s et am\u00e9nag\u00e9s.<\/p>","protected":false},"excerpt":{"rendered":"<p>Apr\u00e8s le Tome 1, sur la partie sud du d\u00e9partement de la Savoie, voici le Tome 2. R\u00e9dig\u00e9 \u00e9galement par Olivier de Smet, vous partirez \u00e0 la d\u00e9couverte de ces territoires fabuleux : Bauge, Albertville, Beaufortin, Tarentaise, Vanoise&#8230; D\u00e9velopp\u00e9 selon une nouvelle maquette, ce VTOPO propose aussi en t\u00e9l\u00e9chagerment sur le site internet VTOPO l\u2019ensemble [&#8230;]\n","protected":false},"featured_media":39168,"template":"","meta":[],"product_brand":[],"product_cat":[21606],"product_tag":[],"class_list":{"0":"post-154687","1":"product","2":"type-product","3":"status-publish","4":"has-post-thumbnail","6":"product_cat-mountainbikefuehrer","7":"pa_autor-de-smet","8":"pa_erscheinungsjahr-21621","9":"pa_region-frankreich","10":"pa_sprache-fr","12":"first","13":"outofstock","14":"taxable","15":"shipping-taxable","16":"purchasable","17":"product-type-simple"},"_links":{"self":[{"href":"https:\/\/pizbube.ch\/en\/wp-json\/wp\/v2\/product\/154687","targetHints":{"allow":["GET"]}}],"collection":[{"href":"https:\/\/pizbube.ch\/en\/wp-json\/wp\/v2\/product"}],"about":[{"href":"https:\/\/pizbube.ch\/en\/wp-json\/wp\/v2\/types\/product"}],"wp:featuredmedia":[{"embeddable":true,"href":"https:\/\/pizbube.ch\/en\/wp-json\/wp\/v2\/media\/39168"}],"wp:attachment":[{"href":"https:\/\/pizbube.ch\/en\/wp-json\/wp\/v2\/media?parent=154687"}],"wp:term":[{"taxonomy":"product_brand","embeddable":true,"href":"https:\/\/pizbube.ch\/en\/wp-json\/wp\/v2\/product_brand?post=154687"},{"taxonomy":"product_cat","embeddable":true,"href":"https:\/\/pizbube.ch\/en\/wp-json\/wp\/v2\/product_cat?post=154687"},{"taxonomy":"product_tag","embeddable":true,"href":"https:\/\/pizbube.ch\/en\/wp-json\/wp\/v2\/product_tag?post=154687"}],"curies":[{"name":"wp","href":"https:\/\/api.w.org\/{rel}","templated":true}]}}