{"id":154688,"date":"2021-01-15T14:40:45","date_gmt":"2021-01-15T14:40:45","guid":{"rendered":"https:\/\/codengine3.ch\/?product=import-placeholder-for-207650"},"modified":"2022-12-13T10:02:35","modified_gmt":"2022-12-13T09:02:35","slug":"alpenglow-les-plus-belles-voies-sur-les-4000-des-alpes","status":"publish","type":"product","link":"https:\/\/pizbube.ch\/en\/shop\/alpenglow-les-plus-belles-voies-sur-les-4000-des-alpes\/","title":{"rendered":"Alpenglow &#8211; Les plus belles voies sur les 4000 des Alpes"},"content":{"rendered":"<p>Apr\u00e8s presque une d\u00e9cennie pour accomplir l\u2019ascension des 82 sommets alpins de<br \/>\n4000 m officiellement reconnus, Ben Tibbetts nous fait partager sa s\u00e9lection<br \/>\ndes plus belles voies des Alpes. Pour chaque sommet gravi, il d\u00e9crit sa propre<br \/>\nexp\u00e9rience \u00e0 laquelle s\u2019entrem\u00ealent des extraits de r\u00e9cits historiques des<br \/>\npremiers ascensionnistes.<\/p>\n<p>Alpenglow transporte le lecteur au travers d\u2019une aventure personnelle, en<br \/>\ncombinant subtilement art minutieux et images \u00e0 couper le souffle, narrations<br \/>\net conseils pratiques.<\/p>\n<p>Que vous soyez un amoureux des paysages de montagne, un alpiniste en herbe ou<br \/>\nau contraire aguerri, ce livre vous offrira une foule d\u2019informations<br \/>\noriginales pour vous inspirer de futures aventures ou simplement vous plonger<br \/>\ndans la beaut\u00e9 des hautes montagnes.<\/p>\n<p>320 pages<\/p>","protected":false},"excerpt":{"rendered":"<p>Apr\u00e8s presque une d\u00e9cennie pour accomplir l\u2019ascension des 82 sommets alpins de 4000 m officiellement reconnus, Ben Tibbetts nous fait partager sa s\u00e9lection des plus belles voies des Alpes. Pour chaque sommet gravi, il d\u00e9crit sa propre exp\u00e9rience \u00e0 laquelle s\u2019entrem\u00ealent des extraits de r\u00e9cits historiques des premiers ascensionnistes. Alpenglow transporte le lecteur au travers [&#8230;]\n","protected":false},"featured_media":160041,"template":"","meta":[],"product_brand":[],"product_cat":[21542],"product_tag":[],"class_list":{"0":"post-154688","1":"product","2":"type-product","3":"status-publish","4":"has-post-thumbnail","6":"product_cat-sachbuecher-dokumentationen","7":"pa_autor-tibbets","8":"pa_erscheinungsjahr-21586","9":"pa_region-frankreich","10":"pa_sprache-fr","12":"first","13":"outofstock","14":"taxable","15":"shipping-taxable","16":"purchasable","17":"product-type-simple"},"_links":{"self":[{"href":"https:\/\/pizbube.ch\/en\/wp-json\/wp\/v2\/product\/154688","targetHints":{"allow":["GET"]}}],"collection":[{"href":"https:\/\/pizbube.ch\/en\/wp-json\/wp\/v2\/product"}],"about":[{"href":"https:\/\/pizbube.ch\/en\/wp-json\/wp\/v2\/types\/product"}],"wp:featuredmedia":[{"embeddable":true,"href":"https:\/\/pizbube.ch\/en\/wp-json\/wp\/v2\/media\/160041"}],"wp:attachment":[{"href":"https:\/\/pizbube.ch\/en\/wp-json\/wp\/v2\/media?parent=154688"}],"wp:term":[{"taxonomy":"product_brand","embeddable":true,"href":"https:\/\/pizbube.ch\/en\/wp-json\/wp\/v2\/product_brand?post=154688"},{"taxonomy":"product_cat","embeddable":true,"href":"https:\/\/pizbube.ch\/en\/wp-json\/wp\/v2\/product_cat?post=154688"},{"taxonomy":"product_tag","embeddable":true,"href":"https:\/\/pizbube.ch\/en\/wp-json\/wp\/v2\/product_tag?post=154688"}],"curies":[{"name":"wp","href":"https:\/\/api.w.org\/{rel}","templated":true}]}}