{"id":154696,"date":"2021-01-15T14:41:42","date_gmt":"2021-01-15T14:41:42","guid":{"rendered":"https:\/\/codengine3.ch\/?product=import-placeholder-for-206309"},"modified":"2021-01-15T14:48:01","modified_gmt":"2021-01-15T14:48:01","slug":"freeride-uri-snowboarding","status":"publish","type":"product","link":"https:\/\/pizbube.ch\/en\/shop\/freeride-uri-snowboarding\/","title":{"rendered":"Freeride-Uri Snowboarding"},"content":{"rendered":"<p>15 traumhafte Snowboardtouren in der Urner Bergwelt, die finden Sie im neuen<br \/>\nFreeride-F\u00fchrer. Das Buch enth\u00e4lt Karten, Beschreibungen der Touren,<br \/>\nBewertungsskalen und Fotos. Ein Traum f\u00fcr jeden Boarder.<br \/>\nFreeride-Uri beinhaltet zw\u00f6lf Gebiete mit je einer Hauptroute und mehreren<br \/>\nVarianten. Die Touren sind von leicht bis mittel zu bewerten.  <\/p>","protected":false},"excerpt":{"rendered":"<p>15 traumhafte Snowboardtouren in der Urner Bergwelt, die finden Sie im neuen Freeride-F\u00fchrer. Das Buch enth\u00e4lt Karten, Beschreibungen der Touren, Bewertungsskalen und Fotos. Ein Traum f\u00fcr jeden Boarder. Freeride-Uri beinhaltet zw\u00f6lf Gebiete mit je einer Hauptroute und mehreren Varianten. Die Touren sind von leicht bis mittel zu bewerten.<\/p>","protected":false},"featured_media":35303,"template":"","meta":[],"product_brand":[],"product_cat":[21540],"product_tag":[],"class_list":{"0":"post-154696","1":"product","2":"type-product","3":"status-publish","4":"has-post-thumbnail","6":"product_cat-fuehrerliteratur-alpin-winter","7":"pa_autor-arnold","8":"pa_erscheinungsjahr-21591","9":"pa_region-schweiz","10":"pa_sprache-de","12":"first","13":"outofstock","14":"taxable","15":"shipping-taxable","16":"purchasable","17":"product-type-simple"},"_links":{"self":[{"href":"https:\/\/pizbube.ch\/en\/wp-json\/wp\/v2\/product\/154696","targetHints":{"allow":["GET"]}}],"collection":[{"href":"https:\/\/pizbube.ch\/en\/wp-json\/wp\/v2\/product"}],"about":[{"href":"https:\/\/pizbube.ch\/en\/wp-json\/wp\/v2\/types\/product"}],"wp:featuredmedia":[{"embeddable":true,"href":"https:\/\/pizbube.ch\/en\/wp-json\/wp\/v2\/media\/35303"}],"wp:attachment":[{"href":"https:\/\/pizbube.ch\/en\/wp-json\/wp\/v2\/media?parent=154696"}],"wp:term":[{"taxonomy":"product_brand","embeddable":true,"href":"https:\/\/pizbube.ch\/en\/wp-json\/wp\/v2\/product_brand?post=154696"},{"taxonomy":"product_cat","embeddable":true,"href":"https:\/\/pizbube.ch\/en\/wp-json\/wp\/v2\/product_cat?post=154696"},{"taxonomy":"product_tag","embeddable":true,"href":"https:\/\/pizbube.ch\/en\/wp-json\/wp\/v2\/product_tag?post=154696"}],"curies":[{"name":"wp","href":"https:\/\/api.w.org\/{rel}","templated":true}]}}