{"id":154699,"date":"2021-01-15T14:41:43","date_gmt":"2021-01-15T14:41:43","guid":{"rendered":"https:\/\/codengine3.ch\/?product=import-placeholder-for-207661"},"modified":"2022-01-04T10:13:52","modified_gmt":"2022-01-04T09:13:52","slug":"xeis-auslese-naturkundlicher-kletterfuehrer","status":"publish","type":"product","link":"https:\/\/pizbube.ch\/en\/shop\/xeis-auslese-naturkundlicher-kletterfuehrer\/","title":{"rendered":"XEIS Auslese &#8211; Naturkundlicher Kletterf\u00fchrer"},"content":{"rendered":"<p>Naturkundlicher Auswahl-Kletterf\u00fchrer Ges\u00e4use<\/p>\n<p>Klettersport und Naturschutz gehen Hand in Hand im Ges\u00e4use!<\/p>\n<p>Ein besonderer Kletterf\u00fchrer \u00fcber das Ges\u00e4use. Besonders deshalb, weil der<br \/>\nKletterf\u00fchrer auch umfangreiche Informationen \u00fcber die Natur des einzigen<br \/>\nNationalparks der Steiermark beinhaltet. Das Werk ist eine Art Best-Of. Die 20<br \/>\nsch\u00f6nsten Kletterrouten im Nationalpark Ges\u00e4use, kombiniert mit kurzen<br \/>\nnaturkundlichen Informationen, die f\u00fcr KletterInnen interessant sein k\u00f6nnen.<\/p>\n<p>Wenn man am Zustieg eine seltene Pflanze sieht, m\u00f6chte man vielleicht mehr<br \/>\ndar\u00fcber erfahren, wenn man in der Wand einem Vogel begegnet, ist es<br \/>\ninteressant zu wissen, was der dort macht\u2026<\/p>\n<p>Paperbook, 92 Seiten, reichlich bebildert, 20 Kletterrouten mit Toposkizzen<br \/>\n(auch bisher unver\u00f6ffentlichtes Material), 16 naturkundliche Texte<\/p>","protected":false},"excerpt":{"rendered":"<ul>\n<li><a href=\"https:\/\/pizbube.ch\/wp-content\/uploads\/attachments\/a_025\/9F66BF5FA7858E78C6E87CEECC8C6F56.pdf\" target=\"_blank\" rel=\"noopener\">PDF: Leseprobe-Xeis-Auslese-Naturkunde.pdf<\/a><\/li>\n<\/ul>","protected":false},"featured_media":160253,"template":"","meta":[],"product_brand":[],"product_cat":[21539],"product_tag":[],"class_list":{"0":"post-154699","1":"product","2":"type-product","3":"status-publish","4":"has-post-thumbnail","6":"product_cat-fuehrerliteratur-sportklettern-bouldern","7":"pa_autor-reinmueller-hollinger","8":"pa_erscheinungsjahr-21597","9":"pa_region-oesterreich","10":"pa_sprache-de","12":"first","13":"instock","14":"taxable","15":"shipping-taxable","16":"purchasable","17":"product-type-simple"},"_links":{"self":[{"href":"https:\/\/pizbube.ch\/en\/wp-json\/wp\/v2\/product\/154699","targetHints":{"allow":["GET"]}}],"collection":[{"href":"https:\/\/pizbube.ch\/en\/wp-json\/wp\/v2\/product"}],"about":[{"href":"https:\/\/pizbube.ch\/en\/wp-json\/wp\/v2\/types\/product"}],"wp:featuredmedia":[{"embeddable":true,"href":"https:\/\/pizbube.ch\/en\/wp-json\/wp\/v2\/media\/160253"}],"wp:attachment":[{"href":"https:\/\/pizbube.ch\/en\/wp-json\/wp\/v2\/media?parent=154699"}],"wp:term":[{"taxonomy":"product_brand","embeddable":true,"href":"https:\/\/pizbube.ch\/en\/wp-json\/wp\/v2\/product_brand?post=154699"},{"taxonomy":"product_cat","embeddable":true,"href":"https:\/\/pizbube.ch\/en\/wp-json\/wp\/v2\/product_cat?post=154699"},{"taxonomy":"product_tag","embeddable":true,"href":"https:\/\/pizbube.ch\/en\/wp-json\/wp\/v2\/product_tag?post=154699"}],"curies":[{"name":"wp","href":"https:\/\/api.w.org\/{rel}","templated":true}]}}