{"id":154702,"date":"2021-01-15T14:41:54","date_gmt":"2021-01-15T14:41:54","guid":{"rendered":"https:\/\/codengine3.ch\/?product=import-placeholder-for-208673"},"modified":"2021-01-15T17:56:35","modified_gmt":"2021-01-15T17:56:35","slug":"alpes-lart-et-la-matiere","status":"publish","type":"product","link":"https:\/\/pizbube.ch\/en\/shop\/alpes-lart-et-la-matiere\/","title":{"rendered":"Alpes &#8211; L`art et la mati\u00e8re"},"content":{"rendered":"<p>Poursuivant sa qu\u00eate des chefs-d\u2019\u0153uvre de la nature, Bernhard Edmaier a<br \/>\nphotographi\u00e9 les territoires les plus recul\u00e9s du monde, sans jamais cesser<br \/>\nd\u2019\u00eatre fascin\u00e9 par la beaut\u00e9 singuli\u00e8re des Alpes.<\/p>\n<p>Depuis dix ans, avec sa compagne, la journaliste scientifique Angelika Jung-<br \/>\nH\u00fcttl, il m\u00e8ne une recherche cibl\u00e9e sur les formes et les structures qui<br \/>\ntraduisent de fa\u00e7on spectaculaire l\u2019\u00e9volution g\u00e9ologique du massif alpin, en<br \/>\nmarche depuis des millions d\u2019ann\u00e9es.<\/p>\n<p>Ses images expriment la force implacable des \u00e9l\u00e9ments, l\u2019esth\u00e9tique de la<br \/>\nmati\u00e8re, de la roche, de la glace, de l\u2019eau.<\/p>\n<p>Pr\u00e8s de 15 000 photographies ont \u00e9t\u00e9 r\u00e9alis\u00e9es, dont 90 % d\u2019images a\u00e9riennes,<br \/>\nen explorant sommets et vall\u00e9es de l\u2019ensemble de l\u2019arc alpin. L\u2019approche \u00e0 la<br \/>\nfois artistique et scientifique qui est celle de Berhnard Edmaier nous permet<br \/>\nde contempler les Alpes sous un jour nouveau.<\/p>\n<p>224 pages; Format : 275 x 328 mm<\/p>","protected":false},"excerpt":{"rendered":"<ul>\n<li><a href=\"https:\/\/pizbube.ch\/wp-content\/uploads\/attachments\/a_031\/F2640700A717829068820FA87CDD5909.pdf\" target=\"_blank\" rel=\"noopener\">PDF: ALPES &#8211; L`Art<\/a><\/li>\n<\/ul>","protected":false},"featured_media":40895,"template":"","meta":[],"product_brand":[],"product_cat":[21542],"product_tag":[],"class_list":{"0":"post-154702","1":"product","2":"type-product","3":"status-publish","4":"has-post-thumbnail","6":"product_cat-sachbuecher-dokumentationen","7":"pa_autor-edmaier-jung-huettl","8":"pa_erscheinungsjahr-21621","9":"pa_region-frankreich","10":"pa_sprache-fr","12":"first","13":"outofstock","14":"taxable","15":"shipping-taxable","16":"purchasable","17":"product-type-simple"},"_links":{"self":[{"href":"https:\/\/pizbube.ch\/en\/wp-json\/wp\/v2\/product\/154702","targetHints":{"allow":["GET"]}}],"collection":[{"href":"https:\/\/pizbube.ch\/en\/wp-json\/wp\/v2\/product"}],"about":[{"href":"https:\/\/pizbube.ch\/en\/wp-json\/wp\/v2\/types\/product"}],"wp:featuredmedia":[{"embeddable":true,"href":"https:\/\/pizbube.ch\/en\/wp-json\/wp\/v2\/media\/40895"}],"wp:attachment":[{"href":"https:\/\/pizbube.ch\/en\/wp-json\/wp\/v2\/media?parent=154702"}],"wp:term":[{"taxonomy":"product_brand","embeddable":true,"href":"https:\/\/pizbube.ch\/en\/wp-json\/wp\/v2\/product_brand?post=154702"},{"taxonomy":"product_cat","embeddable":true,"href":"https:\/\/pizbube.ch\/en\/wp-json\/wp\/v2\/product_cat?post=154702"},{"taxonomy":"product_tag","embeddable":true,"href":"https:\/\/pizbube.ch\/en\/wp-json\/wp\/v2\/product_tag?post=154702"}],"curies":[{"name":"wp","href":"https:\/\/api.w.org\/{rel}","templated":true}]}}