{"id":154707,"date":"2021-01-15T14:42:28","date_gmt":"2021-01-15T14:42:28","guid":{"rendered":"https:\/\/codengine3.ch\/?product=import-placeholder-for-205692"},"modified":"2021-01-15T14:43:12","modified_gmt":"2021-01-15T14:43:12","slug":"bergbibel","status":"publish","type":"product","link":"https:\/\/pizbube.ch\/en\/shop\/bergbibel\/","title":{"rendered":"Bergbibel"},"content":{"rendered":"<p>Mit der N\u00e4he zum Himmel w\u00e4chst der Abstand zum Alltag: eine Erfahrung, die die<br \/>\nMenschen in den Bergen immer wieder machen.<\/p>\n<p>Die Bergbibel begleitet sie dabei &#8211; mit dem vollst\u00e4ndigen Neuen Testament in<br \/>\nmoderner Sprache, passenden Psalmen f\u00fcr Bergsteiger und vielen Geschichten<br \/>\n\u00fcber steile Aufstiege, ungetr\u00fcbte Gipfelfreuden und dramatische Begegnungen<br \/>\nmit den eigenen Grenzen.<\/p>\n<p>In der neuen Bergbibel berichten Bergf\u00fchrer, Sportler und Naturfreunde und<br \/>\nviele mehr von ihren zum Teil dramatischen Natur- und Gotteserfahrungen.<br \/>\nZusammen mit dem Neuen Testament und einigen ausgesuchten Psalmen ist dieses<br \/>\nhandliche, farbig illustrierte Buch im Taschenformat ein Kraftriegel f\u00fcr<br \/>\nunterwegs &#8211; auf der Tour des Lebens. Bibel\u00fcbersertzung: Hoffnung f\u00fcr alle<\/p>","protected":false},"excerpt":{"rendered":"<p>Mit der N\u00e4he zum Himmel w\u00e4chst der Abstand zum Alltag: eine Erfahrung, die die Menschen in den Bergen immer wieder machen. Die Bergbibel begleitet sie dabei &#8211; mit dem vollst\u00e4ndigen Neuen Testament in moderner Sprache, passenden Psalmen f\u00fcr Bergsteiger und vielen Geschichten \u00fcber steile Aufstiege, ungetr\u00fcbte Gipfelfreuden und dramatische Begegnungen mit den eigenen Grenzen. In [&#8230;]\n","protected":false},"featured_media":41300,"template":"","meta":[],"product_brand":[],"product_cat":[21542],"product_tag":[],"class_list":{"0":"post-154707","1":"product","2":"type-product","3":"status-publish","4":"has-post-thumbnail","6":"product_cat-sachbuecher-dokumentationen","7":"pa_autor-pattloch","8":"pa_erscheinungsjahr-21591","9":"pa_region-deutschland","10":"pa_sprache-de","12":"first","13":"instock","14":"taxable","15":"shipping-taxable","16":"purchasable","17":"product-type-simple"},"_links":{"self":[{"href":"https:\/\/pizbube.ch\/en\/wp-json\/wp\/v2\/product\/154707","targetHints":{"allow":["GET"]}}],"collection":[{"href":"https:\/\/pizbube.ch\/en\/wp-json\/wp\/v2\/product"}],"about":[{"href":"https:\/\/pizbube.ch\/en\/wp-json\/wp\/v2\/types\/product"}],"wp:featuredmedia":[{"embeddable":true,"href":"https:\/\/pizbube.ch\/en\/wp-json\/wp\/v2\/media\/41300"}],"wp:attachment":[{"href":"https:\/\/pizbube.ch\/en\/wp-json\/wp\/v2\/media?parent=154707"}],"wp:term":[{"taxonomy":"product_brand","embeddable":true,"href":"https:\/\/pizbube.ch\/en\/wp-json\/wp\/v2\/product_brand?post=154707"},{"taxonomy":"product_cat","embeddable":true,"href":"https:\/\/pizbube.ch\/en\/wp-json\/wp\/v2\/product_cat?post=154707"},{"taxonomy":"product_tag","embeddable":true,"href":"https:\/\/pizbube.ch\/en\/wp-json\/wp\/v2\/product_tag?post=154707"}],"curies":[{"name":"wp","href":"https:\/\/api.w.org\/{rel}","templated":true}]}}