{"id":154708,"date":"2021-01-15T14:42:43","date_gmt":"2021-01-15T14:42:43","guid":{"rendered":"https:\/\/codengine3.ch\/?product=import-placeholder-for-206134"},"modified":"2021-01-15T14:46:39","modified_gmt":"2021-01-15T14:46:39","slug":"sicher-klettersteiggehen","status":"publish","type":"product","link":"https:\/\/pizbube.ch\/en\/shop\/sicher-klettersteiggehen\/","title":{"rendered":"Sicher Klettersteiggehen"},"content":{"rendered":"<p>Alpines Lehrbuch mit DVD-ROM, f\u00fcr Tourenplanung, Ausr\u00fcstung, Technik und<br \/>\nSicherheit.<br \/>\nAlpines Lehrbuch mit beigef\u00fcgter DVD-ROM und unz\u00e4hligen Infos in Bezug auf<br \/>\nKlettersteigarten, Schwierigkeiten, Tourenplanung, Ausr\u00fcstung, Technik und<br \/>\nSicherheit. Das reich mit Fotos und Grafiken illustrierte Buch gibt einen<br \/>\ndetaillierten \u00dcberblick \u00fcber die moderne Ausr\u00fcstung und deren Anwendung und<br \/>\nzeigt auf, wie eine Klettersteigtour richtig vorbereitet und erfolgreich<br \/>\ndurchgef\u00fchrt wird.<br \/>\n96 Seiten, Format 13,5 x 19cm kompl. vierf\u00e4rbig auf speziellem<br \/>\nKunstdruckpapier gedruckt, stabile Bindung, mit \u00fcber 100 Grafiken und Fotos!<br \/>\nMit DVD-ROM !<br \/>\nMit Lehrfilm und Bonusmaterial (vier Klettersteigfilme)  <\/p>","protected":false},"excerpt":{"rendered":"<p>Alpines Lehrbuch mit DVD-ROM, f\u00fcr Tourenplanung, Ausr\u00fcstung, Technik und Sicherheit. Alpines Lehrbuch mit beigef\u00fcgter DVD-ROM und unz\u00e4hligen Infos in Bezug auf Klettersteigarten, Schwierigkeiten, Tourenplanung, Ausr\u00fcstung, Technik und Sicherheit. Das reich mit Fotos und Grafiken illustrierte Buch gibt einen detaillierten \u00dcberblick \u00fcber die moderne Ausr\u00fcstung und deren Anwendung und zeigt auf, wie eine Klettersteigtour richtig vorbereitet [&#8230;]\n","protected":false},"featured_media":35061,"template":"","meta":[],"product_brand":[],"product_cat":[21538],"product_tag":[],"class_list":{"0":"post-154708","1":"product","2":"type-product","3":"status-publish","4":"has-post-thumbnail","6":"product_cat-lehrbuecher","7":"pa_autor-jentzsch-rabl-jentzsch","8":"pa_erscheinungsjahr-21830","9":"pa_region-alpin-sommer","10":"pa_sprache-de","12":"first","13":"instock","14":"taxable","15":"shipping-taxable","16":"purchasable","17":"product-type-simple"},"_links":{"self":[{"href":"https:\/\/pizbube.ch\/en\/wp-json\/wp\/v2\/product\/154708","targetHints":{"allow":["GET"]}}],"collection":[{"href":"https:\/\/pizbube.ch\/en\/wp-json\/wp\/v2\/product"}],"about":[{"href":"https:\/\/pizbube.ch\/en\/wp-json\/wp\/v2\/types\/product"}],"wp:featuredmedia":[{"embeddable":true,"href":"https:\/\/pizbube.ch\/en\/wp-json\/wp\/v2\/media\/35061"}],"wp:attachment":[{"href":"https:\/\/pizbube.ch\/en\/wp-json\/wp\/v2\/media?parent=154708"}],"wp:term":[{"taxonomy":"product_brand","embeddable":true,"href":"https:\/\/pizbube.ch\/en\/wp-json\/wp\/v2\/product_brand?post=154708"},{"taxonomy":"product_cat","embeddable":true,"href":"https:\/\/pizbube.ch\/en\/wp-json\/wp\/v2\/product_cat?post=154708"},{"taxonomy":"product_tag","embeddable":true,"href":"https:\/\/pizbube.ch\/en\/wp-json\/wp\/v2\/product_tag?post=154708"}],"curies":[{"name":"wp","href":"https:\/\/api.w.org\/{rel}","templated":true}]}}