{"id":154712,"date":"2021-01-15T14:42:57","date_gmt":"2021-01-15T14:42:57","guid":{"rendered":"https:\/\/codengine3.ch\/?product=import-placeholder-for-206999"},"modified":"2021-01-15T14:54:10","modified_gmt":"2021-01-15T14:54:10","slug":"dolomiti-sentieri-dedicati","status":"publish","type":"product","link":"https:\/\/pizbube.ch\/en\/shop\/dolomiti-sentieri-dedicati\/","title":{"rendered":"DOLOMITI &#8211; SENTIERI DEDICATI"},"content":{"rendered":"<p>45 escursioni dalle Dolomiti di Brenta alla Cresta Carnica  <\/p>\n<p>In questo libro vengono descritti 45 itinerari, considerati dagli autori tra i<br \/>\npi\u00f9 interessanti dal punto di vista escursionistico e i pi\u00f9 significativi per<br \/>\nil valore della dedica o della storia.<br \/>\nPer lo pi\u00f9 si tratta di sentieri accessibili a tutti ma non mancano sentieri<br \/>\nattrezzati e vie ferrate e un paio di percorsi che richiedono esperienza di<br \/>\nescursionismo alpinistico.  <\/p>\n<p>Ci sono sentieri dedicati a pionieri o grandi alpinisti, e altri dedicati a<br \/>\nfigure di spicco in ambiti estranei alla montagna, ma che la montagna hanno<br \/>\namato. Qualche dedica riguarda personalit\u00e0 della cultura che hanno radici<br \/>\nmontanare o anche di artisti che hanno lasciato traccia del loro passaggio.<br \/>\nNumerosi sono i sentieri degli Alpini o dei Kaiserj\u00e4ger, realizzati dai<br \/>\nsoldati italiani e austriaci in condizioni ambientali durissime sulla linea<br \/>\ndel fronte nell\u2019imminenza e durante la Grande Guerra. Diffusi sono anche i<br \/>\nsentieri che ricordano le attivit\u00e0 della montagna di un tempo: dai minatori ai<br \/>\nmontanari che raccoglievano e commercializzavano la neve e il ghiaccio.<br \/>\nAffascinanti sono anche quelli che riportano a epoche lontane e ci sono anche<br \/>\ni sentieri e i luoghi che rimandano alle fiabe dolomitiche salvate dall\u2019oblio.  <\/p>","protected":false},"excerpt":{"rendered":"<p>45 escursioni dalle Dolomiti di Brenta alla Cresta Carnica In questo libro vengono descritti 45 itinerari, considerati dagli autori tra i pi\u00f9 interessanti dal punto di vista escursionistico e i pi\u00f9 significativi per il valore della dedica o della storia. Per lo pi\u00f9 si tratta di sentieri accessibili a tutti ma non mancano sentieri attrezzati [&#8230;]\n","protected":false},"featured_media":36573,"template":"","meta":[],"product_brand":[],"product_cat":[21605],"product_tag":[],"class_list":{"0":"post-154712","1":"product","2":"type-product","3":"status-publish","4":"has-post-thumbnail","6":"product_cat-wanderfuehrer-trekking","7":"pa_autor-bonetti-lazzarin","8":"pa_erscheinungsjahr-21621","9":"pa_region-italien","10":"pa_sprache-it","12":"first","13":"instock","14":"taxable","15":"shipping-taxable","16":"purchasable","17":"product-type-simple"},"_links":{"self":[{"href":"https:\/\/pizbube.ch\/en\/wp-json\/wp\/v2\/product\/154712","targetHints":{"allow":["GET"]}}],"collection":[{"href":"https:\/\/pizbube.ch\/en\/wp-json\/wp\/v2\/product"}],"about":[{"href":"https:\/\/pizbube.ch\/en\/wp-json\/wp\/v2\/types\/product"}],"wp:featuredmedia":[{"embeddable":true,"href":"https:\/\/pizbube.ch\/en\/wp-json\/wp\/v2\/media\/36573"}],"wp:attachment":[{"href":"https:\/\/pizbube.ch\/en\/wp-json\/wp\/v2\/media?parent=154712"}],"wp:term":[{"taxonomy":"product_brand","embeddable":true,"href":"https:\/\/pizbube.ch\/en\/wp-json\/wp\/v2\/product_brand?post=154712"},{"taxonomy":"product_cat","embeddable":true,"href":"https:\/\/pizbube.ch\/en\/wp-json\/wp\/v2\/product_cat?post=154712"},{"taxonomy":"product_tag","embeddable":true,"href":"https:\/\/pizbube.ch\/en\/wp-json\/wp\/v2\/product_tag?post=154712"}],"curies":[{"name":"wp","href":"https:\/\/api.w.org\/{rel}","templated":true}]}}