{"id":154713,"date":"2021-01-15T14:43:04","date_gmt":"2021-01-15T14:43:04","guid":{"rendered":"https:\/\/codengine3.ch\/?product=import-placeholder-for-206787"},"modified":"2021-01-15T14:51:59","modified_gmt":"2021-01-15T14:51:59","slug":"lalpe-87-saint-gervais-un-hiver-au-mont-blanc","status":"publish","type":"product","link":"https:\/\/pizbube.ch\/en\/shop\/lalpe-87-saint-gervais-un-hiver-au-mont-blanc\/","title":{"rendered":"L&#8217;Alpe 87 &#8211; Saint-Gervais. Un hiver au Mont-Blanc"},"content":{"rendered":"<p>\nAvec plus de 4 000 m\u00e8tres de d\u00e9nivellation entre son point le plus bas et le<br \/>\ntoit de l\u2019Europe, Saint-Gervais repr\u00e9sente un v\u00e9ritable concentr\u00e9 de tous les<br \/>\nmilieux et de tous les usages de la montagne alpine. La commune d\u00e9roule ses<br \/>\nvall\u00e9es langoureuses et ses activit\u00e9s rurales, ses champs de neige o\u00f9 l\u2019on<br \/>\nskie entre les \u00e9pic\u00e9as et ses hameaux au fastueux patrimoine architectural :<br \/>\nchapelles baroques, anciens palaces de la Belle Epoque et thermes. Tous<br \/>\nt\u00e9moignent d\u2019une pr\u00e9sence humaine ayant su s\u2019adapter \u00e0 la pente au fil des<br \/>\nmill\u00e9naires.  <\/p>\n<p>Extraits du sommaire :  <\/p>\n<p>&#8211; L\u2019anti-station int\u00e9gr\u00e9e<br \/>\nUn panorama complet de l\u2019histoire du tourisme estival et hivernal de Saint-<br \/>\nGervais, depuis l\u2019ouverture des premiers bains au tout d\u00e9but du XIXe si\u00e8cle.<br \/>\nPar R\u00e9mi Knafou, g\u00e9ographe, sp\u00e9cialiste du tourisme de montagne.  <\/p>\n<p>&#8211; Dans le secret des \u0153uvriers b\u00e2tisseurs<br \/>\nComment met-on aujourd\u2019hui en valeur le patrimoine baroque des Alpes ? Une<br \/>\nr\u00e9cente campagne de r\u00e9novation a redonn\u00e9 \u00e0 plusieurs \u00e9glises et chapelles de<br \/>\nSaint-Gervais leur esprit d\u2019origine. Par Jean-Fran\u00e7ois Grange-Chavanis,<br \/>\narchitecte en chef des monuments historiques.  <\/p>\n<p>&#8211; Portrait et grand entretien : Philippe Joutard  <\/p>","protected":false},"excerpt":{"rendered":"<p>Avec plus de 4 000 m\u00e8tres de d\u00e9nivellation entre son point le plus bas et le toit de l\u2019Europe, Saint-Gervais repr\u00e9sente un v\u00e9ritable concentr\u00e9 de tous les milieux et de tous les usages de la montagne alpine. La commune d\u00e9roule ses vall\u00e9es langoureuses et ses activit\u00e9s rurales, ses champs de neige o\u00f9 l\u2019on skie entre [&#8230;]\n","protected":false},"featured_media":36133,"template":"","meta":[],"product_brand":[],"product_cat":[21541],"product_tag":[],"class_list":{"0":"post-154713","1":"product","2":"type-product","3":"status-publish","4":"has-post-thumbnail","6":"product_cat-zeitschriften","7":"pa_autor-glenat","8":"pa_erscheinungsjahr-21558","9":"pa_region-frankreich","10":"pa_sprache-fr","12":"first","13":"instock","14":"taxable","15":"shipping-taxable","16":"purchasable","17":"product-type-simple"},"_links":{"self":[{"href":"https:\/\/pizbube.ch\/en\/wp-json\/wp\/v2\/product\/154713","targetHints":{"allow":["GET"]}}],"collection":[{"href":"https:\/\/pizbube.ch\/en\/wp-json\/wp\/v2\/product"}],"about":[{"href":"https:\/\/pizbube.ch\/en\/wp-json\/wp\/v2\/types\/product"}],"wp:featuredmedia":[{"embeddable":true,"href":"https:\/\/pizbube.ch\/en\/wp-json\/wp\/v2\/media\/36133"}],"wp:attachment":[{"href":"https:\/\/pizbube.ch\/en\/wp-json\/wp\/v2\/media?parent=154713"}],"wp:term":[{"taxonomy":"product_brand","embeddable":true,"href":"https:\/\/pizbube.ch\/en\/wp-json\/wp\/v2\/product_brand?post=154713"},{"taxonomy":"product_cat","embeddable":true,"href":"https:\/\/pizbube.ch\/en\/wp-json\/wp\/v2\/product_cat?post=154713"},{"taxonomy":"product_tag","embeddable":true,"href":"https:\/\/pizbube.ch\/en\/wp-json\/wp\/v2\/product_tag?post=154713"}],"curies":[{"name":"wp","href":"https:\/\/api.w.org\/{rel}","templated":true}]}}