{"id":154715,"date":"2021-01-15T14:43:18","date_gmt":"2021-01-15T14:43:18","guid":{"rendered":"https:\/\/codengine3.ch\/?product=import-placeholder-for-206410"},"modified":"2021-01-15T14:48:45","modified_gmt":"2021-01-15T14:48:45","slug":"die-alpen-5","status":"publish","type":"product","link":"https:\/\/pizbube.ch\/en\/shop\/die-alpen-5\/","title":{"rendered":"Die Alpen"},"content":{"rendered":"<p>In seinem neuen Buch \u00fcber die Alpen zeigt Schmidt auf, wie sehr das<br \/>\nGebirgsmassiv im Zentrum Europas die Menschen und ihr Denken gepr\u00e4gt und ein<br \/>\nBild der Schweiz mitgeschaffen haben, das mit seinen f\u00f6deralistischen<br \/>\nStrukturen, der Bedeutung seiner Talschaften und den Einfl\u00fcssen von Klima und<br \/>\nNatur noch heute vieles verst\u00e4ndlich macht, was auf den ersten Blick als<br \/>\nsperrig und unzeitgem\u00e4ss erscheinen mag.<\/p>\n<p>Schmidt entwirft in seinem Alpen-Buch ein grossartiges Kapitel der<br \/>\neurop\u00e4ischen Geistesgeschichte und spannt dabei den Bogen von der Mythologie,<br \/>\nder fr\u00fchen Alpen-Entdeckung, \u00fcber den beginnenden Tourismus bis zur<br \/>\nsystematischen Erschliessung, M\u00f6blierung und Oekonomisierung unserer Bergwelt.<\/p>\n<p>Er kommt dabei unweigerlich wieder zur\u00fcck auf die Alpen als Kern des<br \/>\nschweizerischen Selbstverst\u00e4ndnisses und zeigt an zahlreichen Beispielen, wie<br \/>\nsich ein innenpolitischer Gegenstand in wenigen Jahren zu einem ausgesprochen<br \/>\neurop\u00e4ischen Thema entwickelt hat.  <\/p>","protected":false},"excerpt":{"rendered":"<p>In seinem neuen Buch \u00fcber die Alpen zeigt Schmidt auf, wie sehr das Gebirgsmassiv im Zentrum Europas die Menschen und ihr Denken gepr\u00e4gt und ein Bild der Schweiz mitgeschaffen haben, das mit seinen f\u00f6deralistischen Strukturen, der Bedeutung seiner Talschaften und den Einfl\u00fcssen von Klima und Natur noch heute vieles verst\u00e4ndlich macht, was auf den ersten [&#8230;]\n","protected":false},"featured_media":35437,"template":"","meta":[],"product_brand":[],"product_cat":[21542],"product_tag":[],"class_list":{"0":"post-154715","1":"product","2":"type-product","3":"status-publish","4":"has-post-thumbnail","6":"product_cat-sachbuecher-dokumentationen","7":"pa_autor-schmidt","8":"pa_erscheinungsjahr-21610","9":"pa_region-schweiz","10":"pa_sprache-de","12":"first","13":"instock","14":"taxable","15":"shipping-taxable","16":"purchasable","17":"product-type-simple"},"_links":{"self":[{"href":"https:\/\/pizbube.ch\/en\/wp-json\/wp\/v2\/product\/154715","targetHints":{"allow":["GET"]}}],"collection":[{"href":"https:\/\/pizbube.ch\/en\/wp-json\/wp\/v2\/product"}],"about":[{"href":"https:\/\/pizbube.ch\/en\/wp-json\/wp\/v2\/types\/product"}],"wp:featuredmedia":[{"embeddable":true,"href":"https:\/\/pizbube.ch\/en\/wp-json\/wp\/v2\/media\/35437"}],"wp:attachment":[{"href":"https:\/\/pizbube.ch\/en\/wp-json\/wp\/v2\/media?parent=154715"}],"wp:term":[{"taxonomy":"product_brand","embeddable":true,"href":"https:\/\/pizbube.ch\/en\/wp-json\/wp\/v2\/product_brand?post=154715"},{"taxonomy":"product_cat","embeddable":true,"href":"https:\/\/pizbube.ch\/en\/wp-json\/wp\/v2\/product_cat?post=154715"},{"taxonomy":"product_tag","embeddable":true,"href":"https:\/\/pizbube.ch\/en\/wp-json\/wp\/v2\/product_tag?post=154715"}],"curies":[{"name":"wp","href":"https:\/\/api.w.org\/{rel}","templated":true}]}}