{"id":154721,"date":"2021-01-15T14:43:31","date_gmt":"2021-01-15T14:43:31","guid":{"rendered":"https:\/\/codengine3.ch\/?product=import-placeholder-for-206115"},"modified":"2021-01-15T14:46:29","modified_gmt":"2021-01-15T14:46:29","slug":"klettersteig-atlas-dolomiten-suedtirol","status":"publish","type":"product","link":"https:\/\/pizbube.ch\/en\/shop\/klettersteig-atlas-dolomiten-suedtirol\/","title":{"rendered":"Klettersteig-Atlas Dolomiten &#038; S\u00fcdtirol"},"content":{"rendered":"<p>\u00dcber 170 Klettersteige und gesicherte Steige &#8211; im praktischen Ringbuchsystem!<br \/>\nS\u00fcdtirol &#8211; Trentino (Ost) &#8211; Venetien (Nord\/West) &#8211; Dolomiten. \u00dcber 170<br \/>\nKlettersteige und gesicherte Steige &#8211; von leicht bis extrem. Erstmals<br \/>\nerscheint ein \u00e4u\u00dferst umfangreicher Klettersteig-Atlas \u00fcber die Dolomiten &#038;<br \/>\nS\u00fcdtirol im Ringbuch-System &#8211; mit einzelnen Tourenbl\u00e4ttern in Top-(Druck-)<br \/>\nQualit\u00e4t zum Herausnehmen und Mitnehmen auf Tour (inkl. robuster<br \/>\nKlarsichtschuth\u00fclle!). Alle Klettersteige werden in einer besonders<br \/>\nansprechenden und \u00fcbersichtlichen Form pr\u00e4sentiert, wobei ein alphanumerisches<br \/>\nRandzahlensystem die Orientierung erleichtert.  <\/p>\n<p>Mithilfe von Piktogrammen und Kurzinfo-Kasten erh\u00e4lt man schnell einen Gesamt-<br \/>\n\u00dcberblick \u00fcber die Anforderungen des Steiges. Die meisten Klettersteige werden<br \/>\nmit einzigartigen und pr\u00e4zisen Anstiegs skizzen (inkl. Einzelstellen-<br \/>\nBewertungen!) sowie zus\u00e4tzlich mit einem Anforderungsprofil (f\u00fcr Kondition,<br \/>\nArmkraft, Technik, Mut\/Psyche u. Bergerfahrung) vorgestellt. In jedem Band<br \/>\nwerden alle Steige der Region vorgestellt, welche den Autoren aufgrund<br \/>\numfangreicher Recherchen bekannt sind &#8211; also auch sehr entlegene, unbekannte<br \/>\nu. neue Klettersteige, welche z.T. erstmals in dieser Form in einem F\u00fchrer<br \/>\nver\u00f6ffentlicht werden!<\/p>","protected":false},"excerpt":{"rendered":"<p>\u00dcber 170 Klettersteige und gesicherte Steige &#8211; im praktischen Ringbuchsystem! S\u00fcdtirol &#8211; Trentino (Ost) &#8211; Venetien (Nord\/West) &#8211; Dolomiten. \u00dcber 170 Klettersteige und gesicherte Steige &#8211; von leicht bis extrem. Erstmals erscheint ein \u00e4u\u00dferst umfangreicher Klettersteig-Atlas \u00fcber die Dolomiten &#038; S\u00fcdtirol im Ringbuch-System &#8211; mit einzelnen Tourenbl\u00e4ttern in Top-(Druck-) Qualit\u00e4t zum Herausnehmen und Mitnehmen auf [&#8230;]\n","protected":false},"featured_media":35033,"template":"","meta":[],"product_brand":[],"product_cat":[21544],"product_tag":[],"class_list":{"0":"post-154721","1":"product","2":"type-product","3":"status-publish","4":"has-post-thumbnail","6":"product_cat-fuehrerliteratur-alpin-sommer","7":"pa_autor-hoch-ruettinger-beeler","8":"pa_erscheinungsjahr-21693","9":"pa_region-italien","10":"pa_sprache-de","12":"first","13":"outofstock","14":"taxable","15":"shipping-taxable","16":"purchasable","17":"product-type-simple"},"_links":{"self":[{"href":"https:\/\/pizbube.ch\/en\/wp-json\/wp\/v2\/product\/154721","targetHints":{"allow":["GET"]}}],"collection":[{"href":"https:\/\/pizbube.ch\/en\/wp-json\/wp\/v2\/product"}],"about":[{"href":"https:\/\/pizbube.ch\/en\/wp-json\/wp\/v2\/types\/product"}],"wp:featuredmedia":[{"embeddable":true,"href":"https:\/\/pizbube.ch\/en\/wp-json\/wp\/v2\/media\/35033"}],"wp:attachment":[{"href":"https:\/\/pizbube.ch\/en\/wp-json\/wp\/v2\/media?parent=154721"}],"wp:term":[{"taxonomy":"product_brand","embeddable":true,"href":"https:\/\/pizbube.ch\/en\/wp-json\/wp\/v2\/product_brand?post=154721"},{"taxonomy":"product_cat","embeddable":true,"href":"https:\/\/pizbube.ch\/en\/wp-json\/wp\/v2\/product_cat?post=154721"},{"taxonomy":"product_tag","embeddable":true,"href":"https:\/\/pizbube.ch\/en\/wp-json\/wp\/v2\/product_tag?post=154721"}],"curies":[{"name":"wp","href":"https:\/\/api.w.org\/{rel}","templated":true}]}}