{"id":154725,"date":"2021-01-15T14:43:38","date_gmt":"2021-01-15T14:43:38","guid":{"rendered":"https:\/\/codengine3.ch\/?product=import-placeholder-for-207234"},"modified":"2021-01-15T16:01:01","modified_gmt":"2021-01-15T16:01:01","slug":"swissview-vol-1-aletschgebiet-berner-oberland-blu-ray-blu-ray-disc","status":"publish","type":"product","link":"https:\/\/pizbube.ch\/en\/shop\/swissview-vol-1-aletschgebiet-berner-oberland-blu-ray-blu-ray-disc\/","title":{"rendered":"Swissview Vol. 1 &#8211; Aletschgebiet \/ Berner Oberland &#8211; Blu-ray &#8211; Blu-Ray Disc"},"content":{"rendered":"<p>SWISSVIEW er\u00f6ffnet dem Menschen zum ersten Mal die Perspektive, die w\u00e4hrend<br \/>\nMillionen von Jahren nur den V\u00f6geln vorbehalten war; den extremen Tiefflug in<br \/>\nneugierigen Wendungen und majest\u00e4tischer Ruhe.  <\/p>\n<p>Inhalt: Mythen \/ Rigi \/ Vierwaldst\u00e4ttersee \/ Brunnen \/ Uri \/ Rotstock \/ Titlis<br \/>\n\/ Engelberg \/ Rhonegletscher \/ Furkapass \/ Matterhorn \/ Finsteraarhorn \/<br \/>\nSchreckhorn \/ Grimselpass \/ Lauteraarhorn \/ Eiger \/ M\u00fcnch \/ Jungfrau \/<br \/>\nFieschergletscher \/ Grosser Aletschgletscher \/ Aletschhorn \/ L\u00f6tschental \/<br \/>\nBl\u00fcemlisalp \/ M\u00fcrren \/ Wengen \/ Gstaad \/ Zweisimmen.  <\/p>\n<p>Swissview in HD<br \/>\nBekannt aus HD Suisse<br \/>\nMit detaillierter Untertitelung  <\/p>\n<p>Umfangreiche Pressebemusterung<br \/>\nReviews in allen relevanten DVD- und Filmmagazinen  <\/p>\n<p>Untertitel: Deutsch, Franz\u00f6sisch, Englisch  <\/p>","protected":false},"excerpt":{"rendered":"<p>SWISSVIEW er\u00f6ffnet dem Menschen zum ersten Mal die Perspektive, die w\u00e4hrend Millionen von Jahren nur den V\u00f6geln vorbehalten war; den extremen Tiefflug in neugierigen Wendungen und majest\u00e4tischer Ruhe. Inhalt: Mythen \/ Rigi \/ Vierwaldst\u00e4ttersee \/ Brunnen \/ Uri \/ Rotstock \/ Titlis \/ Engelberg \/ Rhonegletscher \/ Furkapass \/ Matterhorn \/ Finsteraarhorn \/ Schreckhorn \/ [&#8230;]\n","protected":false},"featured_media":36879,"template":"","meta":[],"product_brand":[],"product_cat":[21628],"product_tag":[],"class_list":{"0":"post-154725","1":"product","2":"type-product","3":"status-publish","4":"has-post-thumbnail","6":"product_cat-video-dvd-multimedia","7":"pa_autor-fumasoli","8":"pa_erscheinungsjahr-21621","9":"pa_region-schweiz","10":"pa_sprache-d","11":"pa_sprache-e","12":"pa_sprache-f","14":"first","15":"instock","16":"taxable","17":"shipping-taxable","18":"purchasable","19":"product-type-simple"},"_links":{"self":[{"href":"https:\/\/pizbube.ch\/en\/wp-json\/wp\/v2\/product\/154725","targetHints":{"allow":["GET"]}}],"collection":[{"href":"https:\/\/pizbube.ch\/en\/wp-json\/wp\/v2\/product"}],"about":[{"href":"https:\/\/pizbube.ch\/en\/wp-json\/wp\/v2\/types\/product"}],"wp:featuredmedia":[{"embeddable":true,"href":"https:\/\/pizbube.ch\/en\/wp-json\/wp\/v2\/media\/36879"}],"wp:attachment":[{"href":"https:\/\/pizbube.ch\/en\/wp-json\/wp\/v2\/media?parent=154725"}],"wp:term":[{"taxonomy":"product_brand","embeddable":true,"href":"https:\/\/pizbube.ch\/en\/wp-json\/wp\/v2\/product_brand?post=154725"},{"taxonomy":"product_cat","embeddable":true,"href":"https:\/\/pizbube.ch\/en\/wp-json\/wp\/v2\/product_cat?post=154725"},{"taxonomy":"product_tag","embeddable":true,"href":"https:\/\/pizbube.ch\/en\/wp-json\/wp\/v2\/product_tag?post=154725"}],"curies":[{"name":"wp","href":"https:\/\/api.w.org\/{rel}","templated":true}]}}