{"id":154726,"date":"2021-01-15T14:43:39","date_gmt":"2021-01-15T14:43:39","guid":{"rendered":"https:\/\/codengine3.ch\/?product=import-placeholder-for-208061"},"modified":"2021-01-15T17:49:48","modified_gmt":"2021-01-15T17:49:48","slug":"katalonien-31-wanderungenin-den-pyrenaeen-und-vorpyrenaeen","status":"publish","type":"product","link":"https:\/\/pizbube.ch\/en\/shop\/katalonien-31-wanderungenin-den-pyrenaeen-und-vorpyrenaeen\/","title":{"rendered":"Katalonien &#8211; 31 Wanderungenin den Pyren\u00e4en und Vorpyren\u00e4en"},"content":{"rendered":"<p>Katalonien, die Autonomieregion im Nordosten Spaniens, ist eine der<br \/>\nvielf\u00e4ltigsten Wanderregionen Europas. Vor allem die Pyren\u00e4en, deren sch\u00f6nste<br \/>\nGipfel und T\u00e4ler man mit diesem Wanderf\u00fchrer entdecken kann, sind ein<br \/>\nattraktives Ziel. Aber auch die Vorpyren\u00e4en mit ihren tief eingeschnittenen<br \/>\nSchluchten, Steilw\u00e4nden und Stauseen laden zum Wandern ein.<\/p>\n<p>Annika M\u00fcller stellt in ihrem Buch die interessantesten Ecken ihrer Wahlheimat<br \/>\nvor und pr\u00e4sentiert manchen Geheimtipp. Zu jeder der 31 Touren gibt es<br \/>\nInformationen zu Anreise, Rastpl\u00e4tzen, Markierungen etc. und Tipps f\u00fcr<br \/>\nWanderer mit Kind und Hund.<\/p>\n<p>Karten und H\u00f6henprofile erg\u00e4nzen die genauen Wegbeschreibungen, GPS-Tracks<br \/>\nk\u00f6nnen kostenlos heruntergeladen werden.<\/p>","protected":false},"excerpt":{"rendered":"<ul>\n<li><a href=\"https:\/\/pizbube.ch\/wp-content\/uploads\/attachments\/a_028\/BFF1D732FE36FD880A4DD7A5A5A20CC7.pdf\" target=\"_blank\" rel=\"noopener\">PDF: Leseprobe_Katalonien.pdf<\/a><\/li>\n<\/ul>","protected":false},"featured_media":39237,"template":"","meta":[],"product_brand":[],"product_cat":[21605],"product_tag":[],"class_list":{"0":"post-154726","1":"product","2":"type-product","3":"status-publish","4":"has-post-thumbnail","6":"product_cat-wanderfuehrer-trekking","7":"pa_autor-mueller","8":"pa_erscheinungsjahr-21546","9":"pa_region-spanien","10":"pa_sprache-de","12":"first","13":"instock","14":"taxable","15":"shipping-taxable","16":"purchasable","17":"product-type-simple"},"_links":{"self":[{"href":"https:\/\/pizbube.ch\/en\/wp-json\/wp\/v2\/product\/154726","targetHints":{"allow":["GET"]}}],"collection":[{"href":"https:\/\/pizbube.ch\/en\/wp-json\/wp\/v2\/product"}],"about":[{"href":"https:\/\/pizbube.ch\/en\/wp-json\/wp\/v2\/types\/product"}],"wp:featuredmedia":[{"embeddable":true,"href":"https:\/\/pizbube.ch\/en\/wp-json\/wp\/v2\/media\/39237"}],"wp:attachment":[{"href":"https:\/\/pizbube.ch\/en\/wp-json\/wp\/v2\/media?parent=154726"}],"wp:term":[{"taxonomy":"product_brand","embeddable":true,"href":"https:\/\/pizbube.ch\/en\/wp-json\/wp\/v2\/product_brand?post=154726"},{"taxonomy":"product_cat","embeddable":true,"href":"https:\/\/pizbube.ch\/en\/wp-json\/wp\/v2\/product_cat?post=154726"},{"taxonomy":"product_tag","embeddable":true,"href":"https:\/\/pizbube.ch\/en\/wp-json\/wp\/v2\/product_tag?post=154726"}],"curies":[{"name":"wp","href":"https:\/\/api.w.org\/{rel}","templated":true}]}}