{"id":154729,"date":"2021-01-15T14:43:52","date_gmt":"2021-01-15T14:43:52","guid":{"rendered":"https:\/\/codengine3.ch\/?product=import-placeholder-for-206245"},"modified":"2021-01-15T14:47:32","modified_gmt":"2021-01-15T14:47:32","slug":"fucking-friends","status":"publish","type":"product","link":"https:\/\/pizbube.ch\/en\/shop\/fucking-friends\/","title":{"rendered":"Fucking Friends"},"content":{"rendered":"<p>Roman; Gregor Bold, 43, passionierter Extrembergsteiger, verliert durch einen<br \/>\nFlugzeugabsturz Frau und Kind &#8211; zum Zeitpunkt des Ungl\u00fccks ist er auf einer<br \/>\nExpedition im Himalaya. Nach seiner R\u00fcckkehr zieht er sich zur\u00fcck und hadert<br \/>\nmit Gott und der Welt, verf\u00e4llt physisch und psychisch und findet sich in<br \/>\neiner psychiatrischen Klinik wieder.  <\/p>\n<p>Der provokante Deb\u00fctroman des Extrembergsteigers und Lyrikers Roland Heer<br \/>\nwirft einen schonungslos offenen Blick in die Welt der Online-Singleb\u00f6rsen,<br \/>\nSex-Sites und Internet-Kontaktplattformen. Ein kompromisslos offenes und<br \/>\neinzigartiges Zeitdokument.  <\/p>","protected":false},"excerpt":{"rendered":"<p>Roman; Gregor Bold, 43, passionierter Extrembergsteiger, verliert durch einen Flugzeugabsturz Frau und Kind &#8211; zum Zeitpunkt des Ungl\u00fccks ist er auf einer Expedition im Himalaya. Nach seiner R\u00fcckkehr zieht er sich zur\u00fcck und hadert mit Gott und der Welt, verf\u00e4llt physisch und psychisch und findet sich in einer psychiatrischen Klinik wieder. Der provokante Deb\u00fctroman des [&#8230;]\n","protected":false},"featured_media":35218,"template":"","meta":[],"product_brand":[],"product_cat":[21629],"product_tag":[],"class_list":{"0":"post-154729","1":"product","2":"type-product","3":"status-publish","4":"has-post-thumbnail","6":"product_cat-belletristik","7":"pa_autor-heer","8":"pa_erscheinungsjahr-21830","9":"pa_region-schweiz","10":"pa_sprache-de","12":"first","13":"instock","14":"taxable","15":"shipping-taxable","16":"purchasable","17":"product-type-simple"},"_links":{"self":[{"href":"https:\/\/pizbube.ch\/en\/wp-json\/wp\/v2\/product\/154729","targetHints":{"allow":["GET"]}}],"collection":[{"href":"https:\/\/pizbube.ch\/en\/wp-json\/wp\/v2\/product"}],"about":[{"href":"https:\/\/pizbube.ch\/en\/wp-json\/wp\/v2\/types\/product"}],"wp:featuredmedia":[{"embeddable":true,"href":"https:\/\/pizbube.ch\/en\/wp-json\/wp\/v2\/media\/35218"}],"wp:attachment":[{"href":"https:\/\/pizbube.ch\/en\/wp-json\/wp\/v2\/media?parent=154729"}],"wp:term":[{"taxonomy":"product_brand","embeddable":true,"href":"https:\/\/pizbube.ch\/en\/wp-json\/wp\/v2\/product_brand?post=154729"},{"taxonomy":"product_cat","embeddable":true,"href":"https:\/\/pizbube.ch\/en\/wp-json\/wp\/v2\/product_cat?post=154729"},{"taxonomy":"product_tag","embeddable":true,"href":"https:\/\/pizbube.ch\/en\/wp-json\/wp\/v2\/product_tag?post=154729"}],"curies":[{"name":"wp","href":"https:\/\/api.w.org\/{rel}","templated":true}]}}