{"id":154731,"date":"2021-01-15T14:44:06","date_gmt":"2021-01-15T14:44:06","guid":{"rendered":"https:\/\/codengine3.ch\/?product=import-placeholder-for-207412"},"modified":"2021-01-15T16:02:58","modified_gmt":"2021-01-15T16:02:58","slug":"abenteuer","status":"publish","type":"product","link":"https:\/\/pizbube.ch\/en\/shop\/abenteuer\/","title":{"rendered":"ABENTEUER"},"content":{"rendered":"<p>EOFT &#8211; European Outdoor Film Tour &#8211; steht f\u00fcr die gro\u00dfen Abenteuer des 21.<br \/>\nJahrhunderts, f\u00fcr Freiheit, Leidenschaft, Ausdauer, Adrenalin und Inspiration.<br \/>\nDie Protagonisten machen das, wovon wir bestenfalls tr\u00e4umen, meist staunen wir<br \/>\nblo\u00df mit offenem Mund: Sie hiken und surfen, st\u00fcrzen sich die steilsten H\u00e4nge<br \/>\nmit ihren Skiern hinab oder springen im Wingsuit von Bergkanten und sausen der<br \/>\nErde entgegen. Sie balancieren in schwindelerregender H\u00f6he \u00fcber ein Seil,<br \/>\nfahren in Kajaks die wildesten Fl\u00fcsse samt zigmeterhohen Wasserf\u00e4llen<br \/>\nhinunter, sie klettern senkrechte Felsw\u00e4nde empor &#8211; manchmal sogar ohne<br \/>\nSicherung: free solo hei\u00dft das dann.<\/p>\n<p>Sie bewegen sich unter der Erde in unheimlich weitverzweigten H\u00f6hlen und<br \/>\nleisten damit sogar noch der Wissenschaft einen Dienst. Oder sie setzen mit<br \/>\nihren extremen Aktionen ein Zeichen f\u00fcr Klimaschutz, Umweltbewusstsein und<br \/>\nNachhaltigkeit. Sie alle testen ihre Grenzen aus, sie leben ihre Leidenschaft<br \/>\nund gehen daf\u00fcr ihren eigenen Weg. Und dadurch inspirieren sie auch uns &#8211; die<br \/>\nnormalen Menschen zu Hause, die ab und zu von Auszeit und Abenteuer tr\u00e4umen&#8230;  <\/p>\n<p>Erstmals bietet ein Band zur Filmtour Hintergr\u00fcndiges und Pers\u00f6nliches \u00fcber<br \/>\nMenschen, die nach neuen Herausforderungen suchen, die sich in Grenzbereiche<br \/>\nwagen, die Tr\u00e4ume verwirklichen.<\/p>","protected":false},"excerpt":{"rendered":"<ul>\n<li><a href=\"https:\/\/youtu.be\/xYZ-wU2vQiE\" target=\"_blank\" rel=\"noopener\">Video: E.O.F.T. 15\/16 &#8211; Official Trailer <\/a><\/li>\n<\/ul>","protected":false},"featured_media":37395,"template":"","meta":[],"product_brand":[],"product_cat":[21542],"product_tag":[],"class_list":{"0":"post-154731","1":"product","2":"type-product","3":"status-publish","4":"has-post-thumbnail","6":"product_cat-sachbuecher-dokumentationen","7":"pa_autor-hellinger-witt","8":"pa_erscheinungsjahr-21597","9":"pa_region-deutschland","10":"pa_sprache-de","12":"first","13":"instock","14":"taxable","15":"shipping-taxable","16":"purchasable","17":"product-type-simple"},"_links":{"self":[{"href":"https:\/\/pizbube.ch\/en\/wp-json\/wp\/v2\/product\/154731","targetHints":{"allow":["GET"]}}],"collection":[{"href":"https:\/\/pizbube.ch\/en\/wp-json\/wp\/v2\/product"}],"about":[{"href":"https:\/\/pizbube.ch\/en\/wp-json\/wp\/v2\/types\/product"}],"wp:featuredmedia":[{"embeddable":true,"href":"https:\/\/pizbube.ch\/en\/wp-json\/wp\/v2\/media\/37395"}],"wp:attachment":[{"href":"https:\/\/pizbube.ch\/en\/wp-json\/wp\/v2\/media?parent=154731"}],"wp:term":[{"taxonomy":"product_brand","embeddable":true,"href":"https:\/\/pizbube.ch\/en\/wp-json\/wp\/v2\/product_brand?post=154731"},{"taxonomy":"product_cat","embeddable":true,"href":"https:\/\/pizbube.ch\/en\/wp-json\/wp\/v2\/product_cat?post=154731"},{"taxonomy":"product_tag","embeddable":true,"href":"https:\/\/pizbube.ch\/en\/wp-json\/wp\/v2\/product_tag?post=154731"}],"curies":[{"name":"wp","href":"https:\/\/api.w.org\/{rel}","templated":true}]}}