{"id":154732,"date":"2021-01-15T14:44:16","date_gmt":"2021-01-15T14:44:16","guid":{"rendered":"https:\/\/codengine3.ch\/?product=import-placeholder-for-207205"},"modified":"2021-01-15T14:56:08","modified_gmt":"2021-01-15T14:56:08","slug":"croisiere-au-dessus-des-alpes-du-mont-blanc-au-triglav","status":"publish","type":"product","link":"https:\/\/pizbube.ch\/en\/shop\/croisiere-au-dessus-des-alpes-du-mont-blanc-au-triglav\/","title":{"rendered":"Croisi\u00e8re au-dessus des Alpes du mont Blanc au Triglav"},"content":{"rendered":"<p>Un voyage a\u00e9rien magistral au-dessus de cette cha\u00eene des Alpes qui repr\u00e9sente,<br \/>\navec la M\u00e9diterran\u00e9e, l\u2019un des deux \u00e9cosyst\u00e8mes d\u00e9terminants pour le continent<br \/>\neurop\u00e9en, et abrite plus de treize millions d\u2019humains s\u2019exprimant en huit<br \/>\nlangues et bien davantage de dialectes. 300 pages d\u2019images &#8218;\u00e0 vol d\u2019oiseau&#8216;.  <\/p>\n<p>Des cimes slov\u00e8nes aux villages du Mercantour, des sommets de plus de 4000<br \/>\nm\u00e8tres suisses aux ch\u00e2teaux autrichiens, des parois des Dolomites aux stations<br \/>\nde ski allemandes, sans oublier une \u00e9tape dans le massif du Mont-Blanc, les<br \/>\nphotos de ce livre, qui se jouent de l\u2019altitude, explorent l\u2019arc alpin comme<br \/>\njamais cela n\u2019avait \u00e9t\u00e9 fait, et restituent l\u2019impressionnante vari\u00e9t\u00e9 de ses<br \/>\npaysages.  <\/p>\n<p>Seule l\u2019addition des talents de leur auteur, le Slov\u00e8ne Matevz Lenarcic,<br \/>\npouvait permettre une croisi\u00e8re aussi exceptionnelle, puisque, dipl\u00f4m\u00e9 en<br \/>\nbiologie, il est \u00e9galement photographe, alpiniste, parapentiste et pilote<br \/>\nd\u2019appareil motoris\u00e9 ultral\u00e9ger.  <\/p>\n<p>Publi\u00e9 en plusieurs langues dans toute l\u2019Europe, ce livre, cosign\u00e9 par Janek<br \/>\nBizjak, a re\u00e7u le soutien de l\u2019Unesco. Pr\u00e9fac\u00e9 par Chris Bonington, il r\u00e9unit<br \/>\nles textes de nombreux sp\u00e9cialistes europ\u00e9ens en mati\u00e8re de g\u00e9ographie,<br \/>\ng\u00e9ologie, \u00e9cologie, \u00e9conomie ou culture. Leurs contributions mettent l\u2019accent<br \/>\nsur la fragilit\u00e9 d\u2019un \u00e9cosyst\u00e8me complexe et d\u2019identit\u00e9s culturelles isol\u00e9es,<br \/>\nqu\u2019il est indispensable de pr\u00e9server.  <\/p>","protected":false},"excerpt":{"rendered":"<p>Un voyage a\u00e9rien magistral au-dessus de cette cha\u00eene des Alpes qui repr\u00e9sente, avec la M\u00e9diterran\u00e9e, l\u2019un des deux \u00e9cosyst\u00e8mes d\u00e9terminants pour le continent europ\u00e9en, et abrite plus de treize millions d\u2019humains s\u2019exprimant en huit langues et bien davantage de dialectes. 300 pages d\u2019images &#8218;\u00e0 vol d\u2019oiseau&#8216;. Des cimes slov\u00e8nes aux villages du Mercantour, des sommets [&#8230;]\n","protected":false},"featured_media":36850,"template":"","meta":[],"product_brand":[],"product_cat":[21542],"product_tag":[],"class_list":{"0":"post-154732","1":"product","2":"type-product","3":"status-publish","4":"has-post-thumbnail","6":"product_cat-sachbuecher-dokumentationen","7":"pa_autor-lenarcic","8":"pa_erscheinungsjahr-21610","9":"pa_region-schweiz","10":"pa_sprache-fr","12":"first","13":"instock","14":"taxable","15":"shipping-taxable","16":"purchasable","17":"product-type-simple"},"_links":{"self":[{"href":"https:\/\/pizbube.ch\/en\/wp-json\/wp\/v2\/product\/154732","targetHints":{"allow":["GET"]}}],"collection":[{"href":"https:\/\/pizbube.ch\/en\/wp-json\/wp\/v2\/product"}],"about":[{"href":"https:\/\/pizbube.ch\/en\/wp-json\/wp\/v2\/types\/product"}],"wp:featuredmedia":[{"embeddable":true,"href":"https:\/\/pizbube.ch\/en\/wp-json\/wp\/v2\/media\/36850"}],"wp:attachment":[{"href":"https:\/\/pizbube.ch\/en\/wp-json\/wp\/v2\/media?parent=154732"}],"wp:term":[{"taxonomy":"product_brand","embeddable":true,"href":"https:\/\/pizbube.ch\/en\/wp-json\/wp\/v2\/product_brand?post=154732"},{"taxonomy":"product_cat","embeddable":true,"href":"https:\/\/pizbube.ch\/en\/wp-json\/wp\/v2\/product_cat?post=154732"},{"taxonomy":"product_tag","embeddable":true,"href":"https:\/\/pizbube.ch\/en\/wp-json\/wp\/v2\/product_tag?post=154732"}],"curies":[{"name":"wp","href":"https:\/\/api.w.org\/{rel}","templated":true}]}}