{"id":154734,"date":"2021-01-15T14:44:22","date_gmt":"2021-01-15T14:44:22","guid":{"rendered":"https:\/\/codengine3.ch\/?product=import-placeholder-for-208688"},"modified":"2021-01-15T17:56:44","modified_gmt":"2021-01-15T17:56:44","slug":"ich-werde-dich-nicht-warten-lassen","status":"publish","type":"product","link":"https:\/\/pizbube.ch\/en\/shop\/ich-werde-dich-nicht-warten-lassen\/","title":{"rendered":"Ich werde dich nicht warten lassen"},"content":{"rendered":"<p>Der Kangchenz\u00f6nga, Romano und ich. Oder unser 15. Achttausender<\/p>\n<p>8000 dr\u00fcber und drunter oder die wahren Herausforderungen des Lebens<\/p>\n<p>Diese Geschichte beginnt (schlecht) und endet (gut) auf dem Kangchendz\u00f6nga,<br \/>\ndem dritth\u00f6chsten Gipfel der Welt. Es ist eine epische Geschichte, die nicht<br \/>\nnur vom Bergsteigen erz\u00e4hlt, sondern auch von Partnerschaft, Liebe und von<br \/>\ninnerem Wachstum.<br \/>\nWir schreiben das Jahr 2009, Nives Meroi gilt als Favoritin, als erste Frau<br \/>\nalle 14 Achttausender zu besteigen &#8211; ein Meilenstein, den die Medien als<br \/>\n&#171;Wettlauf&#187; inszenieren. Wie immer nimmt sie auch den Kangchendz\u00f6nga, ihren<br \/>\nzw\u00f6lften Achttausender, gemeinsam mit ihrem Mann Romano Benet in Angriff, wie<br \/>\nimmer ohne H\u00f6hentr\u00e4ger, ohne k\u00fcnstlichen Sauerstoff.<\/p>\n<p>Wenige hundert H\u00f6henmeter unterhalb des Gipfels f\u00fchlt sich Romano nicht gut<br \/>\nund beschlie\u00dft umzukehren. Wie entscheidet sich Nives nun? Erobert sie alleine<br \/>\neinen weiteren Gipfel, der sie dem &#171;Sieg&#187; n\u00e4herbringt &#8211; so wie es ihr viele<br \/>\nandere, auch ihr Mann Romano geraten h\u00e4tten? Nein, sie z\u00f6gert keine Sekunde:<br \/>\nSie steigt aus dem Achttausender-Wettkampf aus, da sie Romano weder allein<br \/>\nabsteigen noch warten lassen will. Damit schlie\u00dft der erste Akt dieser<br \/>\nGeschichte.  <\/p>\n<p>Diesem folgen drei weitere, die von der heimt\u00fcckischen Krankheit bestimmt<br \/>\nwerden, die Romanos Leben bedroht und das Paar vor gr\u00f6\u00dfere Herausforderungen<br \/>\nstellt als alle 14 Achttausender zusammen; nun gilt es, einander beizustehen,<br \/>\nbeharrlich und geduldig zu warten, sich zu st\u00e4rken. Um dann zum gl\u00fccklichen<br \/>\nEnde zu gelangen: Im dritten Anlauf &#8211; der &#171;Wettlauf&#187; um die 14 Achttausender<br \/>\nist l\u00e4ngst entschieden &#8211; erreichen Nives Meroi und Romano Benet 2014 endlich<br \/>\nden Gipfel, der sie so lange warten lie\u00df: den Kangchendz\u00f6nga. Au\u00dfer<br \/>\nKonkurrenz, aber am Ziel ihrer Tr\u00e4ume. Und unendlich dankbar.  <\/p>","protected":false},"excerpt":{"rendered":"<p>Der Kangchenz\u00f6nga, Romano und ich. Oder unser 15. Achttausender 8000 dr\u00fcber und drunter oder die wahren Herausforderungen des Lebens Diese Geschichte beginnt (schlecht) und endet (gut) auf dem Kangchendz\u00f6nga, dem dritth\u00f6chsten Gipfel der Welt. Es ist eine epische Geschichte, die nicht nur vom Bergsteigen erz\u00e4hlt, sondern auch von Partnerschaft, Liebe und von innerem Wachstum. Wir [&#8230;]\n","protected":false},"featured_media":40967,"template":"","meta":[],"product_brand":[],"product_cat":[21542],"product_tag":[],"class_list":{"0":"post-154734","1":"product","2":"type-product","3":"status-publish","4":"has-post-thumbnail","6":"product_cat-sachbuecher-dokumentationen","7":"pa_autor-meroi","8":"pa_erscheinungsjahr-21571","9":"pa_region-oesterreich","10":"pa_sprache-de","12":"first","13":"instock","14":"taxable","15":"shipping-taxable","16":"purchasable","17":"product-type-simple"},"_links":{"self":[{"href":"https:\/\/pizbube.ch\/en\/wp-json\/wp\/v2\/product\/154734","targetHints":{"allow":["GET"]}}],"collection":[{"href":"https:\/\/pizbube.ch\/en\/wp-json\/wp\/v2\/product"}],"about":[{"href":"https:\/\/pizbube.ch\/en\/wp-json\/wp\/v2\/types\/product"}],"wp:featuredmedia":[{"embeddable":true,"href":"https:\/\/pizbube.ch\/en\/wp-json\/wp\/v2\/media\/40967"}],"wp:attachment":[{"href":"https:\/\/pizbube.ch\/en\/wp-json\/wp\/v2\/media?parent=154734"}],"wp:term":[{"taxonomy":"product_brand","embeddable":true,"href":"https:\/\/pizbube.ch\/en\/wp-json\/wp\/v2\/product_brand?post=154734"},{"taxonomy":"product_cat","embeddable":true,"href":"https:\/\/pizbube.ch\/en\/wp-json\/wp\/v2\/product_cat?post=154734"},{"taxonomy":"product_tag","embeddable":true,"href":"https:\/\/pizbube.ch\/en\/wp-json\/wp\/v2\/product_tag?post=154734"}],"curies":[{"name":"wp","href":"https:\/\/api.w.org\/{rel}","templated":true}]}}