{"id":154735,"date":"2021-01-15T14:44:23","date_gmt":"2021-01-15T14:44:23","guid":{"rendered":"https:\/\/codengine3.ch\/?product=import-placeholder-for-205853"},"modified":"2021-03-30T09:00:27","modified_gmt":"2021-03-30T07:00:27","slug":"schneeschuhtouren-ostschweiz","status":"publish","type":"product","link":"https:\/\/pizbube.ch\/en\/shop\/schneeschuhtouren-ostschweiz\/","title":{"rendered":"Schneeschuhtouren Ostschweiz"},"content":{"rendered":"<p>Glarus\/St.Gallen\/Appenzell.<br \/>\nMit 50 Varianten f\u00fcr Einsteiger.<\/p>\n<p>Dieser Schneeschuhtourenf\u00fchrer erschliesst das Gebiet zwischen dem T\u00f6di und<br \/>\nBodensee mit 57 Tourenvorschl\u00e4gen und \u00fcber hundert Varianten. Routenkarten und<br \/>\nRoutenfotos erleichtern die Orientierung. Weiter bieten Angaben zu<br \/>\nSchwierigkeit und L\u00e4nge der Tour sowie den GPS-Koordinaten verl\u00e4ssliche<br \/>\nAnhaltspunkte. Neben 50 Varianten f\u00fcr Einsteigerinnen h\u00e4lt dieser Band auch<br \/>\nf\u00fcr die sportlichen Nutzerinnen und Nutzer interessante Touren bereit \u2013<br \/>\nUnternehmungen, die je nach Verh\u00e4ltnissen auch hochalpinen Charakter annehmen<br \/>\nk\u00f6nnen.<\/p>\n<p>200 Seiten, 98 Farbfotos, 60 \u00dcbersichtskarten, 62 Routenfotos, 12x18cm,<br \/>\nHardcover, 2. Auflage<\/p>","protected":false},"excerpt":{"rendered":"<p>Glarus\/St.Gallen\/Appenzell. Mit 50 Varianten f\u00fcr Einsteiger. Dieser Schneeschuhtourenf\u00fchrer erschliesst das Gebiet zwischen dem T\u00f6di und Bodensee mit 57 Tourenvorschl\u00e4gen und \u00fcber hundert Varianten. Routenkarten und Routenfotos erleichtern die Orientierung. Weiter bieten Angaben zu Schwierigkeit und L\u00e4nge der Tour sowie den GPS-Koordinaten verl\u00e4ssliche Anhaltspunkte. Neben 50 Varianten f\u00fcr Einsteigerinnen h\u00e4lt dieser Band auch f\u00fcr die sportlichen [&#8230;]\n","protected":false},"featured_media":156655,"template":"","meta":[],"product_brand":[],"product_cat":[21540],"product_tag":[],"class_list":{"0":"post-154735","1":"product","2":"type-product","3":"status-publish","4":"has-post-thumbnail","6":"product_cat-fuehrerliteratur-alpin-winter","7":"pa_autor-coulin","8":"pa_erscheinungsjahr-21550","9":"pa_region-schweiz","10":"pa_sprache-de","12":"first","13":"instock","14":"taxable","15":"shipping-taxable","16":"purchasable","17":"product-type-simple"},"_links":{"self":[{"href":"https:\/\/pizbube.ch\/en\/wp-json\/wp\/v2\/product\/154735","targetHints":{"allow":["GET"]}}],"collection":[{"href":"https:\/\/pizbube.ch\/en\/wp-json\/wp\/v2\/product"}],"about":[{"href":"https:\/\/pizbube.ch\/en\/wp-json\/wp\/v2\/types\/product"}],"wp:featuredmedia":[{"embeddable":true,"href":"https:\/\/pizbube.ch\/en\/wp-json\/wp\/v2\/media\/156655"}],"wp:attachment":[{"href":"https:\/\/pizbube.ch\/en\/wp-json\/wp\/v2\/media?parent=154735"}],"wp:term":[{"taxonomy":"product_brand","embeddable":true,"href":"https:\/\/pizbube.ch\/en\/wp-json\/wp\/v2\/product_brand?post=154735"},{"taxonomy":"product_cat","embeddable":true,"href":"https:\/\/pizbube.ch\/en\/wp-json\/wp\/v2\/product_cat?post=154735"},{"taxonomy":"product_tag","embeddable":true,"href":"https:\/\/pizbube.ch\/en\/wp-json\/wp\/v2\/product_tag?post=154735"}],"curies":[{"name":"wp","href":"https:\/\/api.w.org\/{rel}","templated":true}]}}