{"id":154739,"date":"2021-01-15T14:44:28","date_gmt":"2021-01-15T14:44:28","guid":{"rendered":"https:\/\/codengine3.ch\/?product=import-placeholder-for-206824"},"modified":"2023-10-13T18:01:45","modified_gmt":"2023-10-13T16:01:45","slug":"grenzgaengerin-ein-leben-fuer-drei-pole","status":"publish","type":"product","link":"https:\/\/pizbube.ch\/en\/shop\/grenzgaengerin-ein-leben-fuer-drei-pole\/","title":{"rendered":"Grenzg\u00e4ngerin &#8211; Ein Leben f\u00fcr drei Pole"},"content":{"rendered":"<p>Evelyne Binsack ist die erste Schweizerin, die &#8211; im Jahr 2001 &#8211; auf dem<br \/>\nh\u00f6chsten Punkt unseres Planeten, dem Mount Everest, stand. Schon damals war<br \/>\nihr klar, dass sie auch den s\u00fcdlichsten Punkt der Welt erreichen wollte. F\u00fcnf<br \/>\nJahre sp\u00e4ter machte sie sich daher auf, die 25 000 Kilometer, die zwischen<br \/>\nihrer Haust\u00fcr und dem S\u00fcdpol liegen, mit dem Fahrrad, zu Fu\u00df, auf Skiern und<br \/>\nmit Schlitten zu \u00fcberwinden. Dabei durchquerte sie in 484 Tagen 16 L\u00e4nder.<\/p>\n<p>Fast zehn Jahre sp\u00e4ter folgte der dritte Streich, der n\u00f6rdlichste Punkt<br \/>\nunserer Erde. Die charismatische Abenteurerin erreichte den Nordpol nach elf<br \/>\nMonaten Planungsphase und 105 Tagen Expedition am 12. April 2017, gut einen<br \/>\nMonat vor ihrem f\u00fcnfzigsten Geburtstag. Als eine der ersten Frauen in Europa<br \/>\nabsolvierte sie 1991 zudem die Ausbildung zur diplomierten Bergf\u00fchrerin.<br \/>\nSp\u00e4ter lie\u00df sich die gelernte Sportartikelverk\u00e4uferin noch zur<br \/>\nHelikopterpilotin und zur Filmerin ausbilden.<\/p>\n<p>Die Grenzg\u00e4ngerin hat zudem bereits die zwei B\u00fccher \u00bbSchritte an der Grenze\u00ab<br \/>\nund \u00bbExpedition Antarctica\u00ab ver\u00f6ffentlicht. In ihrem dritten, jetzt<br \/>\nvorliegenden Buch wird klar, warum die Frau, die in ihrem Leben auch immer<br \/>\nwieder R\u00fcckschl\u00e4ge einstecken musste, derart erfolgreich ist. Es sind ihre<br \/>\nemotionale St\u00e4rke und ihre fokussierte Willenskraft, ganz entscheidend aber<br \/>\nist ihre F\u00e4higkeit, nicht zur\u00fcck-, sondern vorw\u00e4rtszuschauen. Und zumindest<br \/>\ndas k\u00f6nnen wir versuchen, ihr gleichzutun.<\/p>","protected":false},"excerpt":{"rendered":"<p>Evelyne Binsack ist die erste Schweizerin, die &#8211; im Jahr 2001 &#8211; auf dem h\u00f6chsten Punkt unseres Planeten, dem Mount Everest, stand. Schon damals war ihr klar, dass sie auch den s\u00fcdlichsten Punkt der Welt erreichen wollte. F\u00fcnf Jahre sp\u00e4ter machte sie sich daher auf, die 25 000 Kilometer, die zwischen ihrer Haust\u00fcr und dem [&#8230;]\n","protected":false},"featured_media":164023,"template":"","meta":[],"product_brand":[],"product_cat":[21542],"product_tag":[],"class_list":{"0":"post-154739","1":"product","2":"type-product","3":"status-publish","4":"has-post-thumbnail","6":"product_cat-sachbuecher-dokumentationen","7":"pa_autor-binsack","8":"pa_erscheinungsjahr-27013","9":"pa_region-schweiz","10":"pa_sprache-de","12":"first","13":"outofstock","14":"taxable","15":"shipping-taxable","16":"purchasable","17":"product-type-simple"},"_links":{"self":[{"href":"https:\/\/pizbube.ch\/en\/wp-json\/wp\/v2\/product\/154739","targetHints":{"allow":["GET"]}}],"collection":[{"href":"https:\/\/pizbube.ch\/en\/wp-json\/wp\/v2\/product"}],"about":[{"href":"https:\/\/pizbube.ch\/en\/wp-json\/wp\/v2\/types\/product"}],"wp:featuredmedia":[{"embeddable":true,"href":"https:\/\/pizbube.ch\/en\/wp-json\/wp\/v2\/media\/164023"}],"wp:attachment":[{"href":"https:\/\/pizbube.ch\/en\/wp-json\/wp\/v2\/media?parent=154739"}],"wp:term":[{"taxonomy":"product_brand","embeddable":true,"href":"https:\/\/pizbube.ch\/en\/wp-json\/wp\/v2\/product_brand?post=154739"},{"taxonomy":"product_cat","embeddable":true,"href":"https:\/\/pizbube.ch\/en\/wp-json\/wp\/v2\/product_cat?post=154739"},{"taxonomy":"product_tag","embeddable":true,"href":"https:\/\/pizbube.ch\/en\/wp-json\/wp\/v2\/product_tag?post=154739"}],"curies":[{"name":"wp","href":"https:\/\/api.w.org\/{rel}","templated":true}]}}