{"id":154741,"date":"2021-01-15T14:44:30","date_gmt":"2021-01-15T14:44:30","guid":{"rendered":"https:\/\/codengine3.ch\/?product=import-placeholder-for-208255"},"modified":"2023-05-31T14:33:06","modified_gmt":"2023-05-31T12:33:06","slug":"berge-versetzen-risiko-management-in-perfektion","status":"publish","type":"product","link":"https:\/\/pizbube.ch\/en\/shop\/berge-versetzen-risiko-management-in-perfektion\/","title":{"rendered":"Berge versetzen &#8211; Risiko-Management in Perfektion"},"content":{"rendered":"<p>Grenzen \u00fcberschreiten: Reinhold Messners Motivationsbuch \u2013 auch f\u00fcr<br \/>\nManagementtraining geeignet.<\/p>\n<p>Inspiration f\u00fcr jeden, der seinem Leben neue Impulse geben, Willenskraft und<br \/>\nSelbstbewusstsein st\u00e4rken, im Beruf erfolgreicher sein und Spitzenleistungen<br \/>\nerbringen will.<\/p>\n<p>12 ausgew\u00e4hlte Abenteuer, dokumentiert und analysiert: Erfolge und Niederlagen<br \/>\nim Grenzbereich des Machbaren.<\/p>\n<p>256 Seiten , 46 Fotos SW , 61 Farbfotos , 6 Zeichnungen<\/p>","protected":false},"excerpt":{"rendered":"<p>Grenzen \u00fcberschreiten: Reinhold Messners Motivationsbuch \u2013 auch f\u00fcr Managementtraining geeignet. Inspiration f\u00fcr jeden, der seinem Leben neue Impulse geben, Willenskraft und Selbstbewusstsein st\u00e4rken, im Beruf erfolgreicher sein und Spitzenleistungen erbringen will. 12 ausgew\u00e4hlte Abenteuer, dokumentiert und analysiert: Erfolge und Niederlagen im Grenzbereich des Machbaren. 256 Seiten , 46 Fotos SW , 61 Farbfotos , 6 [&#8230;]\n","protected":false},"featured_media":39779,"template":"","meta":[],"product_brand":[],"product_cat":[21542],"product_tag":[],"class_list":{"0":"post-154741","1":"product","2":"type-product","3":"status-publish","4":"has-post-thumbnail","6":"product_cat-sachbuecher-dokumentationen","7":"pa_autor-messner","8":"pa_erscheinungsjahr-21546","9":"pa_region-deutschland","10":"pa_sprache-de","12":"first","13":"instock","14":"taxable","15":"shipping-taxable","16":"purchasable","17":"product-type-simple"},"_links":{"self":[{"href":"https:\/\/pizbube.ch\/en\/wp-json\/wp\/v2\/product\/154741","targetHints":{"allow":["GET"]}}],"collection":[{"href":"https:\/\/pizbube.ch\/en\/wp-json\/wp\/v2\/product"}],"about":[{"href":"https:\/\/pizbube.ch\/en\/wp-json\/wp\/v2\/types\/product"}],"wp:featuredmedia":[{"embeddable":true,"href":"https:\/\/pizbube.ch\/en\/wp-json\/wp\/v2\/media\/39779"}],"wp:attachment":[{"href":"https:\/\/pizbube.ch\/en\/wp-json\/wp\/v2\/media?parent=154741"}],"wp:term":[{"taxonomy":"product_brand","embeddable":true,"href":"https:\/\/pizbube.ch\/en\/wp-json\/wp\/v2\/product_brand?post=154741"},{"taxonomy":"product_cat","embeddable":true,"href":"https:\/\/pizbube.ch\/en\/wp-json\/wp\/v2\/product_cat?post=154741"},{"taxonomy":"product_tag","embeddable":true,"href":"https:\/\/pizbube.ch\/en\/wp-json\/wp\/v2\/product_tag?post=154741"}],"curies":[{"name":"wp","href":"https:\/\/api.w.org\/{rel}","templated":true}]}}